{"id":14620,"date":"2022-08-03T16:13:19","date_gmt":"2022-08-03T14:13:19","guid":{"rendered":"https:\/\/www.bahariclub.com\/politique-de-confidentialite\/"},"modified":"2026-02-09T16:49:14","modified_gmt":"2026-02-09T14:49:14","slug":"politique-de-confidentialite","status":"publish","type":"page","link":"https:\/\/www.bahariclub.com\/fr\/politique-de-confidentialite\/","title":{"rendered":"POLITIQUE DE CONFIDENTIALIT\u00c9"},"content":{"rendered":"<p>Conform\u00e9ment au R\u00e8glement (UE) 2016\/679 et \u00e0 la Loi Organique 3\/2018 du 5 d\u00e9cembre sur la protection des donn\u00e9es personnelles et la garantie des droits num\u00e9riques (LOPDGDD), en tant que Responsable du traitement, nous vous fournissons les informations suivantes :<\/p>\n<p><strong>Responsable du traitement :<\/strong><br \/>\nRaison sociale : VALOM, S.L.<br \/>\nNIF : B08815904<br \/>\nAdresse : Avinguda del Turisme, 42-44, 08370 Calella (Barcelone)<br \/>\nE-mail : <a href=\"mailto:rgpd@hotelbernat.com\">rgpd@hotelbernat.com<\/a><\/p>\n<p><strong>Finalit\u00e9 et l\u00e9gitimation:<\/strong><br \/>\nNous traitons les donn\u00e9es personnelles pour :<\/p>\n<ul>\n<li>Enregistrer l\u2019arriv\u00e9e \u00e0 l\u2019h\u00f4tel.<\/li>\n<li>Appliquer des remises sur de futures r\u00e9servations.<\/li>\n<li>Envoyer des enqu\u00eates de satisfaction.<\/li>\n<\/ul>\n<p><strong>Dur\u00e9e de conservation :<\/strong><br \/>\nLes donn\u00e9es seront conserv\u00e9es tant qu\u2019elles seront n\u00e9cessaires, sauf obligation l\u00e9gale.<br \/>\nLes e-mails seront conserv\u00e9s tant que l\u2019utilisateur ne retire pas son consentement ou n\u2019en demande la suppression.<\/p>\n<p><strong>Destinataires :<\/strong><br \/>\nLes donn\u00e9es peuvent \u00eatre communiqu\u00e9es \u00e0 :<\/p>\n<ul>\n<li>Les forces de s\u00e9curit\u00e9, en application de la Loi Organique 4\/2015.<\/li>\n<\/ul>\n<ul>\n<li>Entreprises partenaires, avec consentement ou obligation l\u00e9gale.<\/li>\n<\/ul>\n<p><strong>Transferts internationaux :<\/strong><br \/>\nAucun transfert de donn\u00e9es n\u2019est effectu\u00e9 hors de l\u2019Union Europ\u00e9enne.<\/p>\n<p><strong>Mesures de s\u00e9curit\u00e9 :<\/strong><br \/>\nVALOM, S.L. applique des mesures techniques et organisationnelles pour garantir la s\u00e9curit\u00e9 des donn\u00e9es personnelles.<\/p>\n<p><strong>Droits de l\u2019int\u00e9ress\u00e9 :<\/strong><\/p>\n<ul>\n<li>Acc\u00e9der, rectifier ou supprimer les donn\u00e9es.<\/li>\n<li>Limiter ou s\u2019opposer au traitement.<\/li>\n<li>Demander la portabilit\u00e9 des donn\u00e9es.<\/li>\n<li>Retirer le consentement \u00e0 tout moment.<\/li>\n<\/ul>\n<p>Exercice des droits :<br \/>\nAdresse postale : Avinguda del Turisme, 42-44, 08370 Calella (Barcelone)<br \/>\nE-mail : <a href=\"mailto:rgpd@hotelbernat.com\">rgpd@hotelbernat.com<\/a><\/p>\n<p>R\u00e9clamation : <a href=\"https:\/\/url.avanan.click\/v2\/r02\/___http:\/www.sedeagpd.gob.es___.YXAxZTp0YXJpbmFzMTphOm86NGZjMDFlZjAwY2Y3MmNmNzJlMTZiMjYyOGIwMDJhYjI6Nzo1ZmY3OjhiZDJmOTQzZDVmZmFmZmRhOGFhYmJjYzRiM2VjM2FiNjhmYWVhNjI2M2ZhNDZkNDViZDUzNmI2NWFkYjNkMmY6cDpUOkY\">www.sedeagpd.gob.es<\/a> ou C\/ Jorge Juan, 6, 28001 Madrid.<\/p>\n<p><strong>Informations compl\u00e9mentaires :<\/strong> https:\/\/www.bahariclub.com\/<\/p>\n<p><strong>CONDITIONS DE PARKING<\/strong><\/p>\n<p>L\u2019h\u00f4tel d\u00e9cline toute responsabilit\u00e9 en cas de dommage mat\u00e9riel au v\u00e9hicule ou \u00e0 son contenu, y compris vol, tentative de vol ou acte de vandalisme.<\/p>\n<p><strong>CONDITIONS DU COFFRE-FORT<\/strong><\/p>\n<p>L\u2019h\u00f4tel ne r\u00e9pond que de l\u2019argent liquide, des bijoux ou objets de valeur d\u00e9pos\u00e9s dans les coffres-forts des chambres, jusqu\u2019\u00e0 un montant de 1.500 EUR.<\/p>\n","protected":false},"excerpt":{"rendered":"<p>Conform\u00e9ment au R\u00e8glement (UE) 2016\/679 et \u00e0 la Loi Organique 3\/2018 du 5 d\u00e9cembre sur la protection des donn\u00e9es personnelles et la garantie des droits num\u00e9riques (LOPDGDD), en tant que Responsable du traitement, nous vous fournissons les informations suivantes : Responsable du traitement : Raison sociale : VALOM, S.L. NIF : B08815904 Adresse : Avinguda del Turisme, 42-44, 08370 Calella (Barcelone) E-mail : rgpd@hotelbernat.com Finalit\u00e9 et l\u00e9gitimation: Nous traitons les donn\u00e9es personnelles pour : Enregistrer l\u2019arriv\u00e9e \u00e0 l\u2019h\u00f4tel. Appliquer des remises sur de futures r\u00e9servations. Envoyer des enqu\u00eates de satisfaction. Dur\u00e9e de conservation : Les donn\u00e9es seront conserv\u00e9es tant qu\u2019elles seront n\u00e9cessaires, sauf obligation l\u00e9gale. Les e-mails seront conserv\u00e9s tant que l\u2019utilisateur ne retire pas son consentement ou n\u2019en demande la suppression. Destinataires : Les donn\u00e9es peuvent \u00eatre communiqu\u00e9es \u00e0 : Les forces de s\u00e9curit\u00e9, en application de la Loi Organique 4\/2015. Entreprises partenaires, avec consentement ou obligation l\u00e9gale. Transferts internationaux : Aucun transfert de donn\u00e9es n\u2019est effectu\u00e9 hors de l\u2019Union Europ\u00e9enne. Mesures de s\u00e9curit\u00e9 : VALOM, S.L. applique des mesures techniques et organisationnelles pour garantir la s\u00e9curit\u00e9 des donn\u00e9es personnelles. Droits de l\u2019int\u00e9ress\u00e9 : Acc\u00e9der, rectifier ou supprimer les donn\u00e9es. Limiter ou s\u2019opposer au traitement. Demander la portabilit\u00e9 des donn\u00e9es. Retirer le consentement \u00e0 tout moment. Exercice des droits : Adresse postale : Avinguda del Turisme, 42-44, 08370 Calella (Barcelone) E-mail : rgpd@hotelbernat.com R\u00e9clamation : www.sedeagpd.gob.es ou C\/ Jorge Juan, 6, 28001 Madrid. Informations compl\u00e9mentaires : https:\/\/www.bahariclub.com\/ CONDITIONS DE PARKING L\u2019h\u00f4tel d\u00e9cline toute responsabilit\u00e9 en cas de dommage mat\u00e9riel au v\u00e9hicule ou \u00e0 son contenu, y compris vol, tentative de vol ou acte de vandalisme. CONDITIONS DU COFFRE-FORT L\u2019h\u00f4tel ne r\u00e9pond que de l\u2019argent liquide, des bijoux ou objets de valeur d\u00e9pos\u00e9s dans les coffres-forts des chambres, jusqu\u2019\u00e0 un montant de 1.500 EUR.<\/p>\n","protected":false},"author":3,"featured_media":0,"parent":0,"menu_order":0,"comment_status":"closed","ping_status":"closed","template":"","meta":{"footnotes":""},"class_list":["post-14620","page","type-page","status-publish","hentry"],"yoast_head":"<!-- This site is optimized with the Yoast SEO plugin v26.9 - https:\/\/yoast.com\/product\/yoast-seo-wordpress\/ -->\n<title>POLITIQUE DE CONFIDENTIALIT\u00c9 - Bahari Club<\/title>\n<meta name=\"robots\" content=\"noindex, nofollow\" \/>\n<meta property=\"og:locale\" content=\"fr_FR\" \/>\n<meta property=\"og:type\" content=\"article\" \/>\n<meta property=\"og:title\" content=\"POLITIQUE DE CONFIDENTIALIT\u00c9 - Bahari Club\" \/>\n<meta property=\"og:description\" content=\"Conform\u00e9ment au R\u00e8glement (UE) 2016\/679 et \u00e0 la Loi Organique 3\/2018 du 5 d\u00e9cembre sur la protection des donn\u00e9es personnelles et la garantie des droits num\u00e9riques (LOPDGDD), en tant que Responsable du traitement, nous vous fournissons les informations suivantes : Responsable du traitement : Raison sociale : VALOM, S.L. NIF : B08815904 Adresse : Avinguda del Turisme, 42-44, 08370 Calella (Barcelone) E-mail : rgpd@hotelbernat.com Finalit\u00e9 et l\u00e9gitimation: Nous traitons les donn\u00e9es personnelles pour : Enregistrer l\u2019arriv\u00e9e \u00e0 l\u2019h\u00f4tel. Appliquer des remises sur de futures r\u00e9servations. Envoyer des enqu\u00eates de satisfaction. Dur\u00e9e de conservation : Les donn\u00e9es seront conserv\u00e9es tant qu\u2019elles seront n\u00e9cessaires, sauf obligation l\u00e9gale. Les e-mails seront conserv\u00e9s tant que l\u2019utilisateur ne retire pas son consentement ou n\u2019en demande la suppression. Destinataires : Les donn\u00e9es peuvent \u00eatre communiqu\u00e9es \u00e0 : Les forces de s\u00e9curit\u00e9, en application de la Loi Organique 4\/2015. Entreprises partenaires, avec consentement ou obligation l\u00e9gale. Transferts internationaux : Aucun transfert de donn\u00e9es n\u2019est effectu\u00e9 hors de l\u2019Union Europ\u00e9enne. Mesures de s\u00e9curit\u00e9 : VALOM, S.L. applique des mesures techniques et organisationnelles pour garantir la s\u00e9curit\u00e9 des donn\u00e9es personnelles. Droits de l\u2019int\u00e9ress\u00e9 : Acc\u00e9der, rectifier ou supprimer les donn\u00e9es. Limiter ou s\u2019opposer au traitement. Demander la portabilit\u00e9 des donn\u00e9es. Retirer le consentement \u00e0 tout moment. Exercice des droits : Adresse postale : Avinguda del Turisme, 42-44, 08370 Calella (Barcelone) E-mail : rgpd@hotelbernat.com R\u00e9clamation : www.sedeagpd.gob.es ou C\/ Jorge Juan, 6, 28001 Madrid. Informations compl\u00e9mentaires : https:\/\/www.bahariclub.com\/ CONDITIONS DE PARKING L\u2019h\u00f4tel d\u00e9cline toute responsabilit\u00e9 en cas de dommage mat\u00e9riel au v\u00e9hicule ou \u00e0 son contenu, y compris vol, tentative de vol ou acte de vandalisme. CONDITIONS DU COFFRE-FORT L\u2019h\u00f4tel ne r\u00e9pond que de l\u2019argent liquide, des bijoux ou objets de valeur d\u00e9pos\u00e9s dans les coffres-forts des chambres, jusqu\u2019\u00e0 un montant de 1.500 EUR.\" \/>\n<meta property=\"og:url\" content=\"https:\/\/www.bahariclub.com\/fr\/politique-de-confidentialite\/\" \/>\n<meta property=\"og:site_name\" content=\"Bahari Club\" \/>\n<meta property=\"article:modified_time\" content=\"2026-02-09T14:49:14+00:00\" \/>\n<meta name=\"twitter:card\" content=\"summary_large_image\" \/>\n<meta name=\"twitter:label1\" content=\"Dur\u00e9e de lecture estim\u00e9e\" \/>\n\t<meta name=\"twitter:data1\" content=\"2 minutes\" \/>\n<script type=\"application\/ld+json\" class=\"yoast-schema-graph\">{\"@context\":\"https:\/\/schema.org\",\"@graph\":[{\"@type\":\"WebPage\",\"@id\":\"https:\/\/www.bahariclub.com\/fr\/politique-de-confidentialite\/\",\"url\":\"https:\/\/www.bahariclub.com\/fr\/politique-de-confidentialite\/\",\"name\":\"POLITIQUE DE CONFIDENTIALIT\u00c9 - Bahari Club\",\"isPartOf\":{\"@id\":\"https:\/\/www.bahariclub.com\/en\/#website\"},\"datePublished\":\"2022-08-03T14:13:19+00:00\",\"dateModified\":\"2026-02-09T14:49:14+00:00\",\"breadcrumb\":{\"@id\":\"https:\/\/www.bahariclub.com\/fr\/politique-de-confidentialite\/#breadcrumb\"},\"inLanguage\":\"fr-FR\",\"potentialAction\":[{\"@type\":\"ReadAction\",\"target\":[\"https:\/\/www.bahariclub.com\/fr\/politique-de-confidentialite\/\"]}]},{\"@type\":\"BreadcrumbList\",\"@id\":\"https:\/\/www.bahariclub.com\/fr\/politique-de-confidentialite\/#breadcrumb\",\"itemListElement\":[{\"@type\":\"ListItem\",\"position\":1,\"name\":\"Inici\",\"item\":\"https:\/\/www.bahariclub.com\/fr\/\"},{\"@type\":\"ListItem\",\"position\":2,\"name\":\"POLITIQUE DE CONFIDENTIALIT\u00c9\"}]},{\"@type\":\"WebSite\",\"@id\":\"https:\/\/www.bahariclub.com\/en\/#website\",\"url\":\"https:\/\/www.bahariclub.com\/en\/\",\"name\":\"Bahari Club\",\"description\":\"Restaurant a la platja de Calella\",\"potentialAction\":[{\"@type\":\"SearchAction\",\"target\":{\"@type\":\"EntryPoint\",\"urlTemplate\":\"https:\/\/www.bahariclub.com\/en\/?s={search_term_string}\"},\"query-input\":{\"@type\":\"PropertyValueSpecification\",\"valueRequired\":true,\"valueName\":\"search_term_string\"}}],\"inLanguage\":\"fr-FR\"}]}<\/script>\n<!-- \/ Yoast SEO plugin. -->","yoast_head_json":{"title":"POLITIQUE DE CONFIDENTIALIT\u00c9 - Bahari Club","robots":{"index":"noindex","follow":"nofollow"},"og_locale":"fr_FR","og_type":"article","og_title":"POLITIQUE DE CONFIDENTIALIT\u00c9 - Bahari Club","og_description":"Conform\u00e9ment au R\u00e8glement (UE) 2016\/679 et \u00e0 la Loi Organique 3\/2018 du 5 d\u00e9cembre sur la protection des donn\u00e9es personnelles et la garantie des droits num\u00e9riques (LOPDGDD), en tant que Responsable du traitement, nous vous fournissons les informations suivantes : Responsable du traitement : Raison sociale : VALOM, S.L. NIF : B08815904 Adresse : Avinguda del Turisme, 42-44, 08370 Calella (Barcelone) E-mail : rgpd@hotelbernat.com Finalit\u00e9 et l\u00e9gitimation: Nous traitons les donn\u00e9es personnelles pour : Enregistrer l\u2019arriv\u00e9e \u00e0 l\u2019h\u00f4tel. Appliquer des remises sur de futures r\u00e9servations. Envoyer des enqu\u00eates de satisfaction. Dur\u00e9e de conservation : Les donn\u00e9es seront conserv\u00e9es tant qu\u2019elles seront n\u00e9cessaires, sauf obligation l\u00e9gale. Les e-mails seront conserv\u00e9s tant que l\u2019utilisateur ne retire pas son consentement ou n\u2019en demande la suppression. Destinataires : Les donn\u00e9es peuvent \u00eatre communiqu\u00e9es \u00e0 : Les forces de s\u00e9curit\u00e9, en application de la Loi Organique 4\/2015. Entreprises partenaires, avec consentement ou obligation l\u00e9gale. Transferts internationaux : Aucun transfert de donn\u00e9es n\u2019est effectu\u00e9 hors de l\u2019Union Europ\u00e9enne. Mesures de s\u00e9curit\u00e9 : VALOM, S.L. applique des mesures techniques et organisationnelles pour garantir la s\u00e9curit\u00e9 des donn\u00e9es personnelles. Droits de l\u2019int\u00e9ress\u00e9 : Acc\u00e9der, rectifier ou supprimer les donn\u00e9es. Limiter ou s\u2019opposer au traitement. Demander la portabilit\u00e9 des donn\u00e9es. Retirer le consentement \u00e0 tout moment. Exercice des droits : Adresse postale : Avinguda del Turisme, 42-44, 08370 Calella (Barcelone) E-mail : rgpd@hotelbernat.com R\u00e9clamation : www.sedeagpd.gob.es ou C\/ Jorge Juan, 6, 28001 Madrid. Informations compl\u00e9mentaires : https:\/\/www.bahariclub.com\/ CONDITIONS DE PARKING L\u2019h\u00f4tel d\u00e9cline toute responsabilit\u00e9 en cas de dommage mat\u00e9riel au v\u00e9hicule ou \u00e0 son contenu, y compris vol, tentative de vol ou acte de vandalisme. CONDITIONS DU COFFRE-FORT L\u2019h\u00f4tel ne r\u00e9pond que de l\u2019argent liquide, des bijoux ou objets de valeur d\u00e9pos\u00e9s dans les coffres-forts des chambres, jusqu\u2019\u00e0 un montant de 1.500 EUR.","og_url":"https:\/\/www.bahariclub.com\/fr\/politique-de-confidentialite\/","og_site_name":"Bahari Club","article_modified_time":"2026-02-09T14:49:14+00:00","twitter_card":"summary_large_image","twitter_misc":{"Dur\u00e9e de lecture estim\u00e9e":"2 minutes"},"schema":{"@context":"https:\/\/schema.org","@graph":[{"@type":"WebPage","@id":"https:\/\/www.bahariclub.com\/fr\/politique-de-confidentialite\/","url":"https:\/\/www.bahariclub.com\/fr\/politique-de-confidentialite\/","name":"POLITIQUE DE CONFIDENTIALIT\u00c9 - Bahari Club","isPartOf":{"@id":"https:\/\/www.bahariclub.com\/en\/#website"},"datePublished":"2022-08-03T14:13:19+00:00","dateModified":"2026-02-09T14:49:14+00:00","breadcrumb":{"@id":"https:\/\/www.bahariclub.com\/fr\/politique-de-confidentialite\/#breadcrumb"},"inLanguage":"fr-FR","potentialAction":[{"@type":"ReadAction","target":["https:\/\/www.bahariclub.com\/fr\/politique-de-confidentialite\/"]}]},{"@type":"BreadcrumbList","@id":"https:\/\/www.bahariclub.com\/fr\/politique-de-confidentialite\/#breadcrumb","itemListElement":[{"@type":"ListItem","position":1,"name":"Inici","item":"https:\/\/www.bahariclub.com\/fr\/"},{"@type":"ListItem","position":2,"name":"POLITIQUE DE CONFIDENTIALIT\u00c9"}]},{"@type":"WebSite","@id":"https:\/\/www.bahariclub.com\/en\/#website","url":"https:\/\/www.bahariclub.com\/en\/","name":"Bahari Club","description":"Restaurant a la platja de Calella","potentialAction":[{"@type":"SearchAction","target":{"@type":"EntryPoint","urlTemplate":"https:\/\/www.bahariclub.com\/en\/?s={search_term_string}"},"query-input":{"@type":"PropertyValueSpecification","valueRequired":true,"valueName":"search_term_string"}}],"inLanguage":"fr-FR"}]}},"_links":{"self":[{"href":"https:\/\/www.bahariclub.com\/fr\/wp-json\/wp\/v2\/pages\/14620","targetHints":{"allow":["GET"]}}],"collection":[{"href":"https:\/\/www.bahariclub.com\/fr\/wp-json\/wp\/v2\/pages"}],"about":[{"href":"https:\/\/www.bahariclub.com\/fr\/wp-json\/wp\/v2\/types\/page"}],"author":[{"embeddable":true,"href":"https:\/\/www.bahariclub.com\/fr\/wp-json\/wp\/v2\/users\/3"}],"replies":[{"embeddable":true,"href":"https:\/\/www.bahariclub.com\/fr\/wp-json\/wp\/v2\/comments?post=14620"}],"version-history":[{"count":3,"href":"https:\/\/www.bahariclub.com\/fr\/wp-json\/wp\/v2\/pages\/14620\/revisions"}],"predecessor-version":[{"id":16397,"href":"https:\/\/www.bahariclub.com\/fr\/wp-json\/wp\/v2\/pages\/14620\/revisions\/16397"}],"wp:attachment":[{"href":"https:\/\/www.bahariclub.com\/fr\/wp-json\/wp\/v2\/media?parent=14620"}],"curies":[{"name":"wp","href":"https:\/\/api.w.org\/{rel}","templated":true}]}}