{"id":14615,"date":"2022-08-03T16:08:44","date_gmt":"2022-08-03T14:08:44","guid":{"rendered":"https:\/\/www.bahariclub.com\/politique-de-cookies\/"},"modified":"2022-08-03T16:08:44","modified_gmt":"2022-08-03T14:08:44","slug":"politique-de-cookies","status":"publish","type":"page","link":"https:\/\/www.bahariclub.com\/fr\/politique-de-cookies\/","title":{"rendered":"POLITIQUE DE COOKIES"},"content":{"rendered":"<p>Conform\u00e9ment aux dispositions du d\u00e9cret royal 13\/2012, sur l&rsquo;obligation de fournir des informations sur les cookies utilis\u00e9s par notre site Web et l&rsquo;obligation d&rsquo;obtenir votre consentement, nous mettons \u00e0 votre disposition la politique de cookies suivante.<\/p>\n<h4>Que sont les cookies et pourquoi les utilisons-nous sur le site\u00a0?<\/h4>\n<p>Un cookie est un fichier qui est t\u00e9l\u00e9charg\u00e9 sur l&rsquo;appareil par l&rsquo;utilisateur pour acc\u00e9der \u00e0 un certain site Web afin de stocker et de r\u00e9cup\u00e9rer des informations sur la navigation effectu\u00e9e sur l&rsquo;ordinateur.<\/p>\n<p>Les cookies permettent, entre autres, \u00e0 ce site Web de stocker et de r\u00e9cup\u00e9rer des informations sur les options et les habitudes de l&rsquo;utilisateur. Sur le site, les cookies qui existent sont n\u00e9cessaires \u00e0 son fonctionnement.<\/p>\n<p>Il est important de noter que l&rsquo;utilisation de cookies ne fournit pas de donn\u00e9es personnelles de l&rsquo;utilisateur.<\/p>\n<h4>Quels types de cookies existe-t-il\u00a0?<\/h4>\n<p><b>Cookies propres ou tiers\u00a0:<\/b> les cookies propres sont ceux qui sont envoy\u00e9s \u00e0 l&rsquo;\u00e9quipement terminal de l&rsquo;utilisateur \u00e0 partir d&rsquo;un ordinateur ou d&rsquo;un domaine g\u00e9r\u00e9 par l&rsquo;\u00e9diteur lui-m\u00eame et \u00e0 partir duquel le service demand\u00e9 par l&rsquo;utilisateur est fourni. Et, les cookies tiers, qui sont ceux qui sont envoy\u00e9s \u00e0 l&rsquo;\u00e9quipement terminal de l&rsquo;utilisateur \u00e0 partir d&rsquo;un ordinateur ou d&rsquo;un domaine qui n&rsquo;est pas g\u00e9r\u00e9 par l&rsquo;\u00e9diteur, mais par une autre entit\u00e9 qui traite les donn\u00e9es obtenues gr\u00e2ce aux cookies.<\/p>\n<p><b>Cookies de session et persistants\u00a0:<\/b> dans les cookies de session, les donn\u00e9es collect\u00e9es ne sont collect\u00e9es que pendant que l&rsquo;utilisateur navigue sur la page Web et sont \u00e9limin\u00e9es lorsque le navigateur est ferm\u00e9. Dans le cas des cookies persistants, les donn\u00e9es continuent d&rsquo;\u00eatre stock\u00e9es dans le terminal pendant un certain temps, facilitant ainsi le contr\u00f4le des pr\u00e9f\u00e9rences choisies sans avoir \u00e0 r\u00e9p\u00e9ter certains param\u00e8tres \u00e0 chaque visite du site.<\/p>\n<p><b>Cookies techniques\/de personnalisation\/d&rsquo;analyse\/publicitaires\u00a0:<\/b> les cookies techniques seraient ceux qui permettent de contr\u00f4ler le trafic et la communication des donn\u00e9es\u00a0; ceux de personnalisation, ceux qui permettent aux utilisateurs d&rsquo;acc\u00e9der en fonction de certaines de leurs propres caract\u00e9ristiques qui sont collect\u00e9es (navigateur, langue, etc.). Ceux d&rsquo;analyse sont ceux qui permettent \u00e0 leur responsable de surveiller et d&rsquo;analyser le comportement des utilisateurs des sites Web auxquels ils sont li\u00e9s, de collecter des donn\u00e9es sur le comportement des utilisateurs et de permettre la cr\u00e9ation d&rsquo;un profil d&rsquo;utilisateur. Enfin, les r\u00e9gies publicitaires collectent des donn\u00e9es sur la gestion des espaces publicitaires.<\/p>\n<h4>Quel type de cookies le site Web utilise-t-il\u00a0?<\/h4>\n<table>\n<tbody>\n<tr>\n<th>Nom<\/th>\n<th>Domaine<\/th>\n<th>Objectif<\/th>\n<th>Expiration<\/th>\n<\/tr>\n<tr>\n<td>_icl_current_language<\/td>\n<td>www.bahariclub.com<\/td>\n<td>Identifie la langue de l&rsquo;utilisateur<\/td>\n<td>1\u00a0jour<\/td>\n<\/tr>\n<tr>\n<td>cookie_notice_accepted<\/td>\n<td>www.bahariclub.com<\/td>\n<td>Se rappeler si le message d&rsquo;avertissement de cookie a \u00e9t\u00e9 accept\u00e9<\/td>\n<td>1 mois<\/td>\n<\/tr>\n<tr>\n<td>PHPSESSID<\/td>\n<td>www.bahariclub.com<\/td>\n<td>Cookie g\u00e9n\u00e9r\u00e9 par des applications bas\u00e9es sur le langage PHP.<br \/>\nIl s&rsquo;agit d&rsquo;un identifiant \u00e0 usage g\u00e9n\u00e9ral utilis\u00e9 pour contenir les variables de session utilisateur<\/td>\n<td>Session<\/td>\n<\/tr>\n<tr>\n<td>redux_blast<\/td>\n<td>www.bahariclub.com<\/td>\n<td>Ce cookie est n\u00e9cessaire au fonctionnement de certains \u00e9l\u00e9ments du th\u00e8me WordPress.<\/td>\n<td>Technique<\/td>\n<\/tr>\n<tr>\n<td>_ga<\/td>\n<td>.bahariclub.com<\/td>\n<td>Cookie Google utilis\u00e9 pour distinguer les utilisateurs.<\/td>\n<td>2 ans<\/td>\n<\/tr>\n<tr>\n<td>_gat<\/td>\n<td>.bahariclub.com<\/td>\n<td> Cookies de Google.<br \/>\nIl est utilis\u00e9 pour diff\u00e9rencier les diff\u00e9rents objets de suivi cr\u00e9\u00e9s dans la session. Le cookie est cr\u00e9\u00e9 lors du chargement de la biblioth\u00e8que javascript et il n&rsquo;y a pas de version pr\u00e9c\u00e9dente du cookie _gat. Le cookie est mis \u00e0 jour chaque fois que vous envoyez des donn\u00e9es \u00e0 Google Analytics.<\/td>\n<td>10 minutes<\/td>\n<\/tr>\n<tr>\n<td>_gid<\/td>\n<td>.bahariclub.com<\/td>\n<td> Cookies de Google.<br \/>\nUtilis\u00e9 pour distinguer les utilisateurs<\/td>\n<td>24\u00a0heures<\/td>\n<\/tr>\n<tr>\n<td>_gali<\/td>\n<td>.bahariclub.com<\/td>\n<td>Cookie de Google qui enregistre les clics effectu\u00e9s sur les diff\u00e9rents liens du Web<\/td>\n<td>1\u00a0jour<\/td>\n<\/tr>\n<tr>\n<td>NID<\/td>\n<td>.google.es<\/td>\n<td>Le cookie NID contient un identifiant unique que Google utilise pour m\u00e9moriser vos pr\u00e9f\u00e9rences. Pour plus d&rsquo;informations, vous pouvez cliquer <a href=\"https:\/\/policies.google.com\/technologies\/types?hl=es\">ici<\/a><\/td>\n<td>6 mois<\/td>\n<\/tr>\n<tr>\n<td>NID<\/td>\n<td>.google.com<\/td>\n<td>Le cookie NID contient un identifiant unique que Google utilise pour m\u00e9moriser vos pr\u00e9f\u00e9rences. Pour plus d&rsquo;informations, vous pouvez cliquer <a href=\"https:\/\/policies.google.com\/technologies\/types?hl=es\">ici<\/a><\/td>\n<td>6 mois<\/td>\n<\/tr>\n<tr>\n<td>CONSENTEMENT<\/td>\n<td>.google.es<\/td>\n<td>Mettre en \u0153uvre certains utilitaires Google et peut stocker certaines pr\u00e9f\u00e9rences<\/td>\n<td>20\u00a0ans<\/td>\n<\/tr>\n<tr>\n<td>CONSENTEMENT<\/td>\n<td>.google.com<\/td>\n<td>Mettre en \u0153uvre certains utilitaires Google et peut stocker certaines pr\u00e9f\u00e9rences<\/td>\n<td>20\u00a0ans<\/td>\n<\/tr>\n<tr>\n<td>1P_JAR<\/td>\n<td>.google.es<\/td>\n<td>Utilis\u00e9 pour afficher la publicit\u00e9 la plus attrayante<\/td>\n<td>1 semaine<\/td>\n<\/tr>\n<tr>\n<td>1P_JAR<\/td>\n<td>.google.com<\/td>\n<td>Utilis\u00e9 pour afficher la publicit\u00e9 la plus attrayante<\/td>\n<td>1 semaine<\/td>\n<\/tr>\n<tr>\n<td>DV<\/td>\n<td>www.google.es<\/td>\n<td><\/td>\n<td>2 ans<\/td>\n<\/tr>\n<tr>\n<td>IDE<\/td>\n<td>.doubleclick.net<\/td>\n<td>Google Adsense (DoubleClick)\u00a0: L&rsquo;utilisation du cookie DoubleClick permet \u00e0 Google et \u00e0 ses partenaires de publier des publicit\u00e9s en fonction des visites que les utilisateurs effectuent sur leurs sites ou sur d&rsquo;autres sites Internet.<\/td>\n<td>1 an<\/td>\n<\/tr>\n<\/tbody>\n<\/table>\n<h4>Comment d\u00e9sactiver les cookies dans votre navigateur\u00a0?<\/h4>\n<p>L&rsquo;utilisateur peut autoriser, bloquer ou supprimer les cookies install\u00e9s sur votre ordinateur en configurant les options du navigateur install\u00e9 sur votre ordinateur. Veuillez lire attentivement la section d&rsquo;aide de votre navigateur pour en savoir plus sur la fa\u00e7on d&rsquo;activer le \u00ab\u00a0mode priv\u00e9\u00a0\u00bb ou de d\u00e9bloquer certains cookies.<\/p>\n<ul>\n<li>Informations sur les cookies pour <a href=\"https:\/\/support.microsoft.com\/es-es\/help\/17442\/windows-internet-explorer-delete-manage-cookies\">Internet Explorer<\/a>. <\/li>\n<li>Informations sur les cookies pour <a href=\"https:\/\/support.mozilla.org\/en\/kb\/enable-and-disable-cookies-sites-web-rastrear-preferences?redirectlocale=en&amp;redirectslug=enable- y-disable-cookies-that-sites-we\">Mozilla Firefox<\/a>.<\/li>\n<li>Informations sur les cookies pour <a href=\"https:\/\/help.opera.com\/es\/Windows\/11.50\/es-ES\/cookies.html\">Opera<\/a>.<\/li>\n<li>Informations sur les cookies pour <a href=\"https:\/\/support.google.com\/accounts\/answer\/61416?hl=es\">Google\u00a0Chrome<\/a>.<\/li>\n<li>Informations sur les cookies pour <a href=\"https:\/\/support.apple.com\/es-es\/HT201265\">Safari<\/a>.<\/li>\n<\/ul>\n","protected":false},"excerpt":{"rendered":"<p>Conform\u00e9ment aux dispositions du d\u00e9cret royal 13\/2012, sur l&rsquo;obligation de fournir des informations sur les cookies utilis\u00e9s par notre site Web et l&rsquo;obligation d&rsquo;obtenir votre consentement, nous mettons \u00e0 votre disposition la politique de cookies suivante. Que sont les cookies et pourquoi les utilisons-nous sur le site\u00a0? Un cookie est un fichier qui est t\u00e9l\u00e9charg\u00e9 sur l&rsquo;appareil par l&rsquo;utilisateur pour acc\u00e9der \u00e0 un certain site Web afin de stocker et de r\u00e9cup\u00e9rer des informations sur la navigation effectu\u00e9e sur l&rsquo;ordinateur. Les cookies permettent, entre autres, \u00e0 ce site Web de stocker et de r\u00e9cup\u00e9rer des informations sur les options et les habitudes de l&rsquo;utilisateur. Sur le site, les cookies qui existent sont n\u00e9cessaires \u00e0 son fonctionnement. Il est important de noter que l&rsquo;utilisation de cookies ne fournit pas de donn\u00e9es personnelles de l&rsquo;utilisateur. Quels types de cookies existe-t-il\u00a0? Cookies propres ou tiers\u00a0: les cookies propres sont ceux qui sont envoy\u00e9s \u00e0 l&rsquo;\u00e9quipement terminal de l&rsquo;utilisateur \u00e0 partir d&rsquo;un ordinateur ou d&rsquo;un domaine g\u00e9r\u00e9 par l&rsquo;\u00e9diteur lui-m\u00eame et \u00e0 partir duquel le service demand\u00e9 par l&rsquo;utilisateur est fourni. Et, les cookies tiers, qui sont ceux qui sont envoy\u00e9s \u00e0 l&rsquo;\u00e9quipement terminal de l&rsquo;utilisateur \u00e0 partir d&rsquo;un ordinateur ou d&rsquo;un domaine qui n&rsquo;est pas g\u00e9r\u00e9 par l&rsquo;\u00e9diteur, mais par une autre entit\u00e9 qui traite les donn\u00e9es obtenues gr\u00e2ce aux cookies. Cookies de session et persistants\u00a0: dans les cookies de session, les donn\u00e9es collect\u00e9es ne sont collect\u00e9es que pendant que l&rsquo;utilisateur navigue sur la page Web et sont \u00e9limin\u00e9es lorsque le navigateur est ferm\u00e9. Dans le cas des cookies persistants, les donn\u00e9es continuent d&rsquo;\u00eatre stock\u00e9es dans le terminal pendant un certain temps, facilitant ainsi le contr\u00f4le des pr\u00e9f\u00e9rences choisies sans avoir \u00e0 r\u00e9p\u00e9ter certains param\u00e8tres \u00e0 chaque visite du site. Cookies techniques\/de personnalisation\/d&rsquo;analyse\/publicitaires\u00a0: les cookies techniques seraient ceux qui permettent de contr\u00f4ler le&#8230; <\/p>\n<p><a class=\"readmore\" href=\"https:\/\/www.bahariclub.com\/fr\/politique-de-cookies\/\">Continue Reading<\/a><\/p>\n","protected":false},"author":3,"featured_media":0,"parent":0,"menu_order":0,"comment_status":"closed","ping_status":"closed","template":"","meta":{"footnotes":""},"class_list":["post-14615","page","type-page","status-publish","hentry"],"yoast_head":"<!-- This site is optimized with the Yoast SEO plugin v27.4 - https:\/\/yoast.com\/product\/yoast-seo-wordpress\/ -->\n<title>POLITIQUE DE COOKIES - Bahari Club<\/title>\n<meta name=\"robots\" content=\"index, follow, max-snippet:-1, max-image-preview:large, max-video-preview:-1\" \/>\n<link rel=\"canonical\" href=\"https:\/\/www.bahariclub.com\/politique-de-cookies\/\" \/>\n<meta property=\"og:locale\" content=\"fr_FR\" \/>\n<meta property=\"og:type\" content=\"article\" \/>\n<meta property=\"og:title\" content=\"POLITIQUE DE COOKIES - Bahari Club\" \/>\n<meta property=\"og:description\" content=\"Conform\u00e9ment aux dispositions du d\u00e9cret royal 13\/2012, sur l&rsquo;obligation de fournir des informations sur les cookies utilis\u00e9s par notre site Web et l&rsquo;obligation d&rsquo;obtenir votre consentement, nous mettons \u00e0 votre disposition la politique de cookies suivante. Que sont les cookies et pourquoi les utilisons-nous sur le site\u00a0? Un cookie est un fichier qui est t\u00e9l\u00e9charg\u00e9 sur l&rsquo;appareil par l&rsquo;utilisateur pour acc\u00e9der \u00e0 un certain site Web afin de stocker et de r\u00e9cup\u00e9rer des informations sur la navigation effectu\u00e9e sur l&rsquo;ordinateur. Les cookies permettent, entre autres, \u00e0 ce site Web de stocker et de r\u00e9cup\u00e9rer des informations sur les options et les habitudes de l&rsquo;utilisateur. Sur le site, les cookies qui existent sont n\u00e9cessaires \u00e0 son fonctionnement. Il est important de noter que l&rsquo;utilisation de cookies ne fournit pas de donn\u00e9es personnelles de l&rsquo;utilisateur. Quels types de cookies existe-t-il\u00a0? Cookies propres ou tiers\u00a0: les cookies propres sont ceux qui sont envoy\u00e9s \u00e0 l&rsquo;\u00e9quipement terminal de l&rsquo;utilisateur \u00e0 partir d&rsquo;un ordinateur ou d&rsquo;un domaine g\u00e9r\u00e9 par l&rsquo;\u00e9diteur lui-m\u00eame et \u00e0 partir duquel le service demand\u00e9 par l&rsquo;utilisateur est fourni. Et, les cookies tiers, qui sont ceux qui sont envoy\u00e9s \u00e0 l&rsquo;\u00e9quipement terminal de l&rsquo;utilisateur \u00e0 partir d&rsquo;un ordinateur ou d&rsquo;un domaine qui n&rsquo;est pas g\u00e9r\u00e9 par l&rsquo;\u00e9diteur, mais par une autre entit\u00e9 qui traite les donn\u00e9es obtenues gr\u00e2ce aux cookies. Cookies de session et persistants\u00a0: dans les cookies de session, les donn\u00e9es collect\u00e9es ne sont collect\u00e9es que pendant que l&rsquo;utilisateur navigue sur la page Web et sont \u00e9limin\u00e9es lorsque le navigateur est ferm\u00e9. Dans le cas des cookies persistants, les donn\u00e9es continuent d&rsquo;\u00eatre stock\u00e9es dans le terminal pendant un certain temps, facilitant ainsi le contr\u00f4le des pr\u00e9f\u00e9rences choisies sans avoir \u00e0 r\u00e9p\u00e9ter certains param\u00e8tres \u00e0 chaque visite du site. Cookies techniques\/de personnalisation\/d&rsquo;analyse\/publicitaires\u00a0: les cookies techniques seraient ceux qui permettent de contr\u00f4ler le... Continue Reading\" \/>\n<meta property=\"og:url\" content=\"https:\/\/www.bahariclub.com\/politique-de-cookies\/\" \/>\n<meta property=\"og:site_name\" content=\"Bahari Club\" \/>\n<meta name=\"twitter:card\" content=\"summary_large_image\" \/>\n<meta name=\"twitter:label1\" content=\"Dur\u00e9e de lecture estim\u00e9e\" \/>\n\t<meta name=\"twitter:data1\" content=\"4 minutes\" \/>\n<script type=\"application\/ld+json\" class=\"yoast-schema-graph\">{\"@context\":\"https:\\\/\\\/schema.org\",\"@graph\":[{\"@type\":\"WebPage\",\"@id\":\"https:\\\/\\\/www.bahariclub.com\\\/politique-de-cookies\\\/\",\"url\":\"https:\\\/\\\/www.bahariclub.com\\\/politique-de-cookies\\\/\",\"name\":\"POLITIQUE DE COOKIES - Bahari Club\",\"isPartOf\":{\"@id\":\"https:\\\/\\\/www.bahariclub.com\\\/en\\\/#website\"},\"datePublished\":\"2022-08-03T14:08:44+00:00\",\"breadcrumb\":{\"@id\":\"https:\\\/\\\/www.bahariclub.com\\\/politique-de-cookies\\\/#breadcrumb\"},\"inLanguage\":\"fr-FR\",\"potentialAction\":[{\"@type\":\"ReadAction\",\"target\":[\"https:\\\/\\\/www.bahariclub.com\\\/politique-de-cookies\\\/\"]}]},{\"@type\":\"BreadcrumbList\",\"@id\":\"https:\\\/\\\/www.bahariclub.com\\\/politique-de-cookies\\\/#breadcrumb\",\"itemListElement\":[{\"@type\":\"ListItem\",\"position\":1,\"name\":\"Inici\",\"item\":\"https:\\\/\\\/www.bahariclub.com\\\/fr\\\/\"},{\"@type\":\"ListItem\",\"position\":2,\"name\":\"POLITIQUE DE COOKIES\"}]},{\"@type\":\"WebSite\",\"@id\":\"https:\\\/\\\/www.bahariclub.com\\\/en\\\/#website\",\"url\":\"https:\\\/\\\/www.bahariclub.com\\\/en\\\/\",\"name\":\"Bahari Club\",\"description\":\"Restaurant a la platja de Calella\",\"potentialAction\":[{\"@type\":\"SearchAction\",\"target\":{\"@type\":\"EntryPoint\",\"urlTemplate\":\"https:\\\/\\\/www.bahariclub.com\\\/en\\\/?s={search_term_string}\"},\"query-input\":{\"@type\":\"PropertyValueSpecification\",\"valueRequired\":true,\"valueName\":\"search_term_string\"}}],\"inLanguage\":\"fr-FR\"}]}<\/script>\n<!-- \/ Yoast SEO plugin. -->","yoast_head_json":{"title":"POLITIQUE DE COOKIES - Bahari Club","robots":{"index":"index","follow":"follow","max-snippet":"max-snippet:-1","max-image-preview":"max-image-preview:large","max-video-preview":"max-video-preview:-1"},"canonical":"https:\/\/www.bahariclub.com\/politique-de-cookies\/","og_locale":"fr_FR","og_type":"article","og_title":"POLITIQUE DE COOKIES - Bahari Club","og_description":"Conform\u00e9ment aux dispositions du d\u00e9cret royal 13\/2012, sur l&rsquo;obligation de fournir des informations sur les cookies utilis\u00e9s par notre site Web et l&rsquo;obligation d&rsquo;obtenir votre consentement, nous mettons \u00e0 votre disposition la politique de cookies suivante. Que sont les cookies et pourquoi les utilisons-nous sur le site\u00a0? Un cookie est un fichier qui est t\u00e9l\u00e9charg\u00e9 sur l&rsquo;appareil par l&rsquo;utilisateur pour acc\u00e9der \u00e0 un certain site Web afin de stocker et de r\u00e9cup\u00e9rer des informations sur la navigation effectu\u00e9e sur l&rsquo;ordinateur. Les cookies permettent, entre autres, \u00e0 ce site Web de stocker et de r\u00e9cup\u00e9rer des informations sur les options et les habitudes de l&rsquo;utilisateur. Sur le site, les cookies qui existent sont n\u00e9cessaires \u00e0 son fonctionnement. Il est important de noter que l&rsquo;utilisation de cookies ne fournit pas de donn\u00e9es personnelles de l&rsquo;utilisateur. Quels types de cookies existe-t-il\u00a0? Cookies propres ou tiers\u00a0: les cookies propres sont ceux qui sont envoy\u00e9s \u00e0 l&rsquo;\u00e9quipement terminal de l&rsquo;utilisateur \u00e0 partir d&rsquo;un ordinateur ou d&rsquo;un domaine g\u00e9r\u00e9 par l&rsquo;\u00e9diteur lui-m\u00eame et \u00e0 partir duquel le service demand\u00e9 par l&rsquo;utilisateur est fourni. Et, les cookies tiers, qui sont ceux qui sont envoy\u00e9s \u00e0 l&rsquo;\u00e9quipement terminal de l&rsquo;utilisateur \u00e0 partir d&rsquo;un ordinateur ou d&rsquo;un domaine qui n&rsquo;est pas g\u00e9r\u00e9 par l&rsquo;\u00e9diteur, mais par une autre entit\u00e9 qui traite les donn\u00e9es obtenues gr\u00e2ce aux cookies. Cookies de session et persistants\u00a0: dans les cookies de session, les donn\u00e9es collect\u00e9es ne sont collect\u00e9es que pendant que l&rsquo;utilisateur navigue sur la page Web et sont \u00e9limin\u00e9es lorsque le navigateur est ferm\u00e9. Dans le cas des cookies persistants, les donn\u00e9es continuent d&rsquo;\u00eatre stock\u00e9es dans le terminal pendant un certain temps, facilitant ainsi le contr\u00f4le des pr\u00e9f\u00e9rences choisies sans avoir \u00e0 r\u00e9p\u00e9ter certains param\u00e8tres \u00e0 chaque visite du site. Cookies techniques\/de personnalisation\/d&rsquo;analyse\/publicitaires\u00a0: les cookies techniques seraient ceux qui permettent de contr\u00f4ler le... Continue Reading","og_url":"https:\/\/www.bahariclub.com\/politique-de-cookies\/","og_site_name":"Bahari Club","twitter_card":"summary_large_image","twitter_misc":{"Dur\u00e9e de lecture estim\u00e9e":"4 minutes"},"schema":{"@context":"https:\/\/schema.org","@graph":[{"@type":"WebPage","@id":"https:\/\/www.bahariclub.com\/politique-de-cookies\/","url":"https:\/\/www.bahariclub.com\/politique-de-cookies\/","name":"POLITIQUE DE COOKIES - Bahari Club","isPartOf":{"@id":"https:\/\/www.bahariclub.com\/en\/#website"},"datePublished":"2022-08-03T14:08:44+00:00","breadcrumb":{"@id":"https:\/\/www.bahariclub.com\/politique-de-cookies\/#breadcrumb"},"inLanguage":"fr-FR","potentialAction":[{"@type":"ReadAction","target":["https:\/\/www.bahariclub.com\/politique-de-cookies\/"]}]},{"@type":"BreadcrumbList","@id":"https:\/\/www.bahariclub.com\/politique-de-cookies\/#breadcrumb","itemListElement":[{"@type":"ListItem","position":1,"name":"Inici","item":"https:\/\/www.bahariclub.com\/fr\/"},{"@type":"ListItem","position":2,"name":"POLITIQUE DE COOKIES"}]},{"@type":"WebSite","@id":"https:\/\/www.bahariclub.com\/en\/#website","url":"https:\/\/www.bahariclub.com\/en\/","name":"Bahari Club","description":"Restaurant a la platja de Calella","potentialAction":[{"@type":"SearchAction","target":{"@type":"EntryPoint","urlTemplate":"https:\/\/www.bahariclub.com\/en\/?s={search_term_string}"},"query-input":{"@type":"PropertyValueSpecification","valueRequired":true,"valueName":"search_term_string"}}],"inLanguage":"fr-FR"}]}},"_links":{"self":[{"href":"https:\/\/www.bahariclub.com\/fr\/wp-json\/wp\/v2\/pages\/14615","targetHints":{"allow":["GET"]}}],"collection":[{"href":"https:\/\/www.bahariclub.com\/fr\/wp-json\/wp\/v2\/pages"}],"about":[{"href":"https:\/\/www.bahariclub.com\/fr\/wp-json\/wp\/v2\/types\/page"}],"author":[{"embeddable":true,"href":"https:\/\/www.bahariclub.com\/fr\/wp-json\/wp\/v2\/users\/3"}],"replies":[{"embeddable":true,"href":"https:\/\/www.bahariclub.com\/fr\/wp-json\/wp\/v2\/comments?post=14615"}],"version-history":[{"count":0,"href":"https:\/\/www.bahariclub.com\/fr\/wp-json\/wp\/v2\/pages\/14615\/revisions"}],"wp:attachment":[{"href":"https:\/\/www.bahariclub.com\/fr\/wp-json\/wp\/v2\/media?parent=14615"}],"curies":[{"name":"wp","href":"https:\/\/api.w.org\/{rel}","templated":true}]}}