{"id":9564,"date":"2016-11-24T17:43:55","date_gmt":"2016-11-24T17:43:55","guid":{"rendered":"http:\/\/bahariclub.com\/?page_id=9564"},"modified":"2017-06-19T11:53:05","modified_gmt":"2017-06-19T09:53:05","slug":"menudimecres","status":"publish","type":"page","link":"https:\/\/www.bahariclub.com\/ca\/menudimecres\/","title":{"rendered":"DIMECRES"},"content":{"rendered":"<p>[vc_row][vc_column width=&#8221;1\/2&#8243;][vc_column_text]<\/p>\n<h4>ESPECIALITAT DEL DIA<\/h4>\n<h2><strong>Paella de bolets<\/strong><\/h2>\n<p>[\/vc_column_text][\/vc_column][vc_column width=&#8221;1\/2&#8243;][vc_column_text]<u>Primers<\/u><\/p>\n<p><em>Bouquet<\/em> d\u2019enciams amb ceba, tonyina i neu de formatge de cabra<\/p>\n<p>Musclos al vermut <em>Yzaguirre<\/em><\/p>\n<p><em>Taboule<\/em> fresc de quinoa amb menta<\/p>\n<p>G\u00edrgoles saltejades amb ou a baixa temperatura i romesco<\/p>\n<p><u>Plats de respecte<\/u><\/p>\n<p>Rodanxa de llu\u00e7 a la romana<\/p>\n<p>Bacall\u00e0 amb muselina d\u2019alls<\/p>\n<p>Broquetes de pinxo amb patates<\/p>\n<p><em>Fingers<\/em> de pollastre a la nostra manera<\/p>\n<p>Entrecot a la graella amb pebrots de Padr\u00f3n<strong>* <\/strong><\/p>\n<p>Rap amb suc de rostit<strong>*<\/strong><\/p>\n<p><u>Postres<\/u><\/p>\n<p>Copa de mascarpone i pera amb granissat de maduixa<\/p>\n<p>Past\u00eds <em>Sacher<\/em><\/p>\n<p>Sorbet de llimona amb menta<\/p>\n<p>Amanida de fruita natural<\/p>\n<p>&nbsp;<\/p>\n<p>Vi, aigua i pa inclosos<\/p>\n<p>14\u201950\u20ac IVA Incl\u00f2s<\/p>\n<p><strong>*<\/strong>Suplement de 4\u20ac[\/vc_column_text][\/vc_column][\/vc_row]<\/p>\n","protected":false},"excerpt":{"rendered":"<p>[vc_row][vc_column width=&#8221;1\/2&#8243;][vc_column_text] ESPECIALITAT DEL DIA Paella de bolets [\/vc_column_text][\/vc_column][vc_column width=&#8221;1\/2&#8243;][vc_column_text]Primers Bouquet d\u2019enciams amb ceba, tonyina i neu de formatge de cabra Musclos al vermut Yzaguirre Taboule fresc de quinoa amb menta G\u00edrgoles saltejades amb ou a baixa temperatura i romesco Plats de respecte Rodanxa de llu\u00e7 a la romana Bacall\u00e0 amb muselina d\u2019alls Broquetes de pinxo amb patates Fingers de pollastre a la nostra manera Entrecot a la graella amb pebrots de Padr\u00f3n* Rap amb suc de rostit* Postres Copa de mascarpone i pera amb granissat de maduixa Past\u00eds Sacher Sorbet de llimona amb menta Amanida de fruita natural &nbsp; Vi, aigua i pa inclosos 14\u201950\u20ac IVA Incl\u00f2s *Suplement de 4\u20ac[\/vc_column_text][\/vc_column][\/vc_row]<\/p>\n","protected":false},"author":3,"featured_media":0,"parent":0,"menu_order":0,"comment_status":"closed","ping_status":"closed","template":"","meta":{"footnotes":""},"class_list":["post-9564","page","type-page","status-publish","hentry"],"yoast_head":"<!-- This site is optimized with the Yoast SEO plugin v26.9 - https:\/\/yoast.com\/product\/yoast-seo-wordpress\/ -->\n<title>Men\u00fa Diari | Dimecres | Restaurant Bahari Club \u2600 Calella<\/title>\n<meta name=\"description\" content=\"Men\u00fa Diari del dimecres en el Bahari Club. \u2600 Treballem amb productes de proximitat, qualitat i temporada, on els arrossos s\u00f3n la nostra especialitat! \u2600\" \/>\n<meta name=\"robots\" content=\"index, follow, max-snippet:-1, max-image-preview:large, max-video-preview:-1\" \/>\n<link rel=\"canonical\" href=\"https:\/\/www.bahariclub.com\/menudimecres\/\" \/>\n<meta property=\"og:locale\" content=\"ca_ES\" \/>\n<meta property=\"og:type\" content=\"article\" \/>\n<meta property=\"og:title\" content=\"Men\u00fa Diari | Dimecres | Restaurant Bahari Club \u2600 Calella\" \/>\n<meta property=\"og:description\" content=\"Men\u00fa Diari del dimecres en el Bahari Club. \u2600 Treballem amb productes de proximitat, qualitat i temporada, on els arrossos s\u00f3n la nostra especialitat! \u2600\" \/>\n<meta property=\"og:url\" content=\"https:\/\/www.bahariclub.com\/menudimecres\/\" \/>\n<meta property=\"og:site_name\" content=\"Bahari Club\" \/>\n<meta property=\"article:modified_time\" content=\"2017-06-19T09:53:05+00:00\" \/>\n<meta name=\"twitter:card\" content=\"summary_large_image\" \/>\n<meta name=\"twitter:label1\" content=\"Temps estimat de lectura\" \/>\n\t<meta name=\"twitter:data1\" content=\"1 minut\" \/>\n<script type=\"application\/ld+json\" class=\"yoast-schema-graph\">{\"@context\":\"https:\/\/schema.org\",\"@graph\":[{\"@type\":\"WebPage\",\"@id\":\"https:\/\/www.bahariclub.com\/menudimecres\/\",\"url\":\"https:\/\/www.bahariclub.com\/menudimecres\/\",\"name\":\"Men\u00fa Diari | Dimecres | Restaurant Bahari Club \u2600 Calella\",\"isPartOf\":{\"@id\":\"https:\/\/www.bahariclub.com\/en\/#website\"},\"datePublished\":\"2016-11-24T17:43:55+00:00\",\"dateModified\":\"2017-06-19T09:53:05+00:00\",\"description\":\"Men\u00fa Diari del dimecres en el Bahari Club. \u2600 Treballem amb productes de proximitat, qualitat i temporada, on els arrossos s\u00f3n la nostra especialitat! \u2600\",\"breadcrumb\":{\"@id\":\"https:\/\/www.bahariclub.com\/menudimecres\/#breadcrumb\"},\"inLanguage\":\"ca\",\"potentialAction\":[{\"@type\":\"ReadAction\",\"target\":[\"https:\/\/www.bahariclub.com\/menudimecres\/\"]}]},{\"@type\":\"BreadcrumbList\",\"@id\":\"https:\/\/www.bahariclub.com\/menudimecres\/#breadcrumb\",\"itemListElement\":[{\"@type\":\"ListItem\",\"position\":1,\"name\":\"Inici\",\"item\":\"https:\/\/www.bahariclub.com\/ca\/\"},{\"@type\":\"ListItem\",\"position\":2,\"name\":\"DIMECRES\"}]},{\"@type\":\"WebSite\",\"@id\":\"https:\/\/www.bahariclub.com\/en\/#website\",\"url\":\"https:\/\/www.bahariclub.com\/en\/\",\"name\":\"Bahari Club\",\"description\":\"Restaurant a la platja de Calella\",\"potentialAction\":[{\"@type\":\"SearchAction\",\"target\":{\"@type\":\"EntryPoint\",\"urlTemplate\":\"https:\/\/www.bahariclub.com\/en\/?s={search_term_string}\"},\"query-input\":{\"@type\":\"PropertyValueSpecification\",\"valueRequired\":true,\"valueName\":\"search_term_string\"}}],\"inLanguage\":\"ca\"}]}<\/script>\n<!-- \/ Yoast SEO plugin. -->","yoast_head_json":{"title":"Men\u00fa Diari | Dimecres | Restaurant Bahari Club \u2600 Calella","description":"Men\u00fa Diari del dimecres en el Bahari Club. \u2600 Treballem amb productes de proximitat, qualitat i temporada, on els arrossos s\u00f3n la nostra especialitat! \u2600","robots":{"index":"index","follow":"follow","max-snippet":"max-snippet:-1","max-image-preview":"max-image-preview:large","max-video-preview":"max-video-preview:-1"},"canonical":"https:\/\/www.bahariclub.com\/menudimecres\/","og_locale":"ca_ES","og_type":"article","og_title":"Men\u00fa Diari | Dimecres | Restaurant Bahari Club \u2600 Calella","og_description":"Men\u00fa Diari del dimecres en el Bahari Club. \u2600 Treballem amb productes de proximitat, qualitat i temporada, on els arrossos s\u00f3n la nostra especialitat! \u2600","og_url":"https:\/\/www.bahariclub.com\/menudimecres\/","og_site_name":"Bahari Club","article_modified_time":"2017-06-19T09:53:05+00:00","twitter_card":"summary_large_image","twitter_misc":{"Temps estimat de lectura":"1 minut"},"schema":{"@context":"https:\/\/schema.org","@graph":[{"@type":"WebPage","@id":"https:\/\/www.bahariclub.com\/menudimecres\/","url":"https:\/\/www.bahariclub.com\/menudimecres\/","name":"Men\u00fa Diari | Dimecres | Restaurant Bahari Club \u2600 Calella","isPartOf":{"@id":"https:\/\/www.bahariclub.com\/en\/#website"},"datePublished":"2016-11-24T17:43:55+00:00","dateModified":"2017-06-19T09:53:05+00:00","description":"Men\u00fa Diari del dimecres en el Bahari Club. \u2600 Treballem amb productes de proximitat, qualitat i temporada, on els arrossos s\u00f3n la nostra especialitat! \u2600","breadcrumb":{"@id":"https:\/\/www.bahariclub.com\/menudimecres\/#breadcrumb"},"inLanguage":"ca","potentialAction":[{"@type":"ReadAction","target":["https:\/\/www.bahariclub.com\/menudimecres\/"]}]},{"@type":"BreadcrumbList","@id":"https:\/\/www.bahariclub.com\/menudimecres\/#breadcrumb","itemListElement":[{"@type":"ListItem","position":1,"name":"Inici","item":"https:\/\/www.bahariclub.com\/ca\/"},{"@type":"ListItem","position":2,"name":"DIMECRES"}]},{"@type":"WebSite","@id":"https:\/\/www.bahariclub.com\/en\/#website","url":"https:\/\/www.bahariclub.com\/en\/","name":"Bahari Club","description":"Restaurant a la platja de Calella","potentialAction":[{"@type":"SearchAction","target":{"@type":"EntryPoint","urlTemplate":"https:\/\/www.bahariclub.com\/en\/?s={search_term_string}"},"query-input":{"@type":"PropertyValueSpecification","valueRequired":true,"valueName":"search_term_string"}}],"inLanguage":"ca"}]}},"_links":{"self":[{"href":"https:\/\/www.bahariclub.com\/ca\/wp-json\/wp\/v2\/pages\/9564","targetHints":{"allow":["GET"]}}],"collection":[{"href":"https:\/\/www.bahariclub.com\/ca\/wp-json\/wp\/v2\/pages"}],"about":[{"href":"https:\/\/www.bahariclub.com\/ca\/wp-json\/wp\/v2\/types\/page"}],"author":[{"embeddable":true,"href":"https:\/\/www.bahariclub.com\/ca\/wp-json\/wp\/v2\/users\/3"}],"replies":[{"embeddable":true,"href":"https:\/\/www.bahariclub.com\/ca\/wp-json\/wp\/v2\/comments?post=9564"}],"version-history":[{"count":0,"href":"https:\/\/www.bahariclub.com\/ca\/wp-json\/wp\/v2\/pages\/9564\/revisions"}],"wp:attachment":[{"href":"https:\/\/www.bahariclub.com\/ca\/wp-json\/wp\/v2\/media?parent=9564"}],"curies":[{"name":"wp","href":"https:\/\/api.w.org\/{rel}","templated":true}]}}