{"id":7867,"date":"2016-01-13T11:06:22","date_gmt":"2016-01-13T11:06:22","guid":{"rendered":"http:\/\/webnus.biz\/themes\/risotto\/?page_id=7867"},"modified":"2019-07-31T14:57:01","modified_gmt":"2019-07-31T12:57:01","slug":"esdeveniments","status":"publish","type":"page","link":"https:\/\/www.bahariclub.com\/ca\/esdeveniments\/","title":{"rendered":"Esdeveniments"},"content":{"rendered":"<p>[vc_row][vc_column]<div class=\"w-divider2\"><i class=\"colorf li_music\" style=\"color:\"><\/i><h3><span class=\"spl\">Vine a gaudir dels nostres <\/span><span class=\"colorf spr\" style=\"color:\">esdeveniments!<\/span><span class=\"spln\"><\/span><\/h3><\/div>[events type=&#8221;list2&#8243; count=&#8221;12&#8243;][\/vc_column][\/vc_row]<\/p>\n","protected":false},"excerpt":{"rendered":"<p>[vc_row][vc_column][events type=&#8221;list2&#8243; count=&#8221;12&#8243;][\/vc_column][\/vc_row]<\/p>\n","protected":false},"author":3,"featured_media":0,"parent":0,"menu_order":0,"comment_status":"closed","ping_status":"closed","template":"","meta":{"footnotes":""},"class_list":["post-7867","page","type-page","status-publish","hentry"],"yoast_head":"<!-- This site is optimized with the Yoast SEO plugin v26.9 - https:\/\/yoast.com\/product\/yoast-seo-wordpress\/ -->\n<title>Coneix els nostres esdeveniments! | Bahari Club \u2600 A la platja de Calella<\/title>\n<meta name=\"description\" content=\"Vols gaudir dels nostres esdeveniments? M\u00fasica en directe o festes, despr\u00e9s d&#039;haver saborejat un bon \u00e0pat just davant del Mar Mediterrani!\" \/>\n<meta name=\"robots\" content=\"index, follow, max-snippet:-1, max-image-preview:large, max-video-preview:-1\" \/>\n<link rel=\"canonical\" href=\"https:\/\/www.bahariclub.com\/esdeveniments\/\" \/>\n<meta property=\"og:locale\" content=\"ca_ES\" \/>\n<meta property=\"og:type\" content=\"article\" \/>\n<meta property=\"og:title\" content=\"Coneix els nostres esdeveniments! | Bahari Club \u2600 A la platja de Calella\" \/>\n<meta property=\"og:description\" content=\"Vols gaudir dels nostres esdeveniments? M\u00fasica en directe o festes, despr\u00e9s d&#039;haver saborejat un bon \u00e0pat just davant del Mar Mediterrani!\" \/>\n<meta property=\"og:url\" content=\"https:\/\/www.bahariclub.com\/esdeveniments\/\" \/>\n<meta property=\"og:site_name\" content=\"Bahari Club\" \/>\n<meta property=\"article:modified_time\" content=\"2019-07-31T12:57:01+00:00\" \/>\n<meta name=\"twitter:card\" content=\"summary_large_image\" \/>\n<script type=\"application\/ld+json\" class=\"yoast-schema-graph\">{\"@context\":\"https:\/\/schema.org\",\"@graph\":[{\"@type\":\"WebPage\",\"@id\":\"https:\/\/www.bahariclub.com\/esdeveniments\/\",\"url\":\"https:\/\/www.bahariclub.com\/esdeveniments\/\",\"name\":\"Coneix els nostres esdeveniments! | Bahari Club \u2600 A la platja de Calella\",\"isPartOf\":{\"@id\":\"https:\/\/www.bahariclub.com\/en\/#website\"},\"datePublished\":\"2016-01-13T11:06:22+00:00\",\"dateModified\":\"2019-07-31T12:57:01+00:00\",\"description\":\"Vols gaudir dels nostres esdeveniments? M\u00fasica en directe o festes, despr\u00e9s d'haver saborejat un bon \u00e0pat just davant del Mar Mediterrani!\",\"breadcrumb\":{\"@id\":\"https:\/\/www.bahariclub.com\/esdeveniments\/#breadcrumb\"},\"inLanguage\":\"ca\",\"potentialAction\":[{\"@type\":\"ReadAction\",\"target\":[\"https:\/\/www.bahariclub.com\/esdeveniments\/\"]}]},{\"@type\":\"BreadcrumbList\",\"@id\":\"https:\/\/www.bahariclub.com\/esdeveniments\/#breadcrumb\",\"itemListElement\":[{\"@type\":\"ListItem\",\"position\":1,\"name\":\"Inici\",\"item\":\"https:\/\/www.bahariclub.com\/ca\/\"},{\"@type\":\"ListItem\",\"position\":2,\"name\":\"Esdeveniments\"}]},{\"@type\":\"WebSite\",\"@id\":\"https:\/\/www.bahariclub.com\/en\/#website\",\"url\":\"https:\/\/www.bahariclub.com\/en\/\",\"name\":\"Bahari Club\",\"description\":\"Restaurant a la platja de Calella\",\"potentialAction\":[{\"@type\":\"SearchAction\",\"target\":{\"@type\":\"EntryPoint\",\"urlTemplate\":\"https:\/\/www.bahariclub.com\/en\/?s={search_term_string}\"},\"query-input\":{\"@type\":\"PropertyValueSpecification\",\"valueRequired\":true,\"valueName\":\"search_term_string\"}}],\"inLanguage\":\"ca\"}]}<\/script>\n<!-- \/ Yoast SEO plugin. -->","yoast_head_json":{"title":"Coneix els nostres esdeveniments! | Bahari Club \u2600 A la platja de Calella","description":"Vols gaudir dels nostres esdeveniments? M\u00fasica en directe o festes, despr\u00e9s d'haver saborejat un bon \u00e0pat just davant del Mar Mediterrani!","robots":{"index":"index","follow":"follow","max-snippet":"max-snippet:-1","max-image-preview":"max-image-preview:large","max-video-preview":"max-video-preview:-1"},"canonical":"https:\/\/www.bahariclub.com\/esdeveniments\/","og_locale":"ca_ES","og_type":"article","og_title":"Coneix els nostres esdeveniments! | Bahari Club \u2600 A la platja de Calella","og_description":"Vols gaudir dels nostres esdeveniments? M\u00fasica en directe o festes, despr\u00e9s d'haver saborejat un bon \u00e0pat just davant del Mar Mediterrani!","og_url":"https:\/\/www.bahariclub.com\/esdeveniments\/","og_site_name":"Bahari Club","article_modified_time":"2019-07-31T12:57:01+00:00","twitter_card":"summary_large_image","schema":{"@context":"https:\/\/schema.org","@graph":[{"@type":"WebPage","@id":"https:\/\/www.bahariclub.com\/esdeveniments\/","url":"https:\/\/www.bahariclub.com\/esdeveniments\/","name":"Coneix els nostres esdeveniments! | Bahari Club \u2600 A la platja de Calella","isPartOf":{"@id":"https:\/\/www.bahariclub.com\/en\/#website"},"datePublished":"2016-01-13T11:06:22+00:00","dateModified":"2019-07-31T12:57:01+00:00","description":"Vols gaudir dels nostres esdeveniments? M\u00fasica en directe o festes, despr\u00e9s d'haver saborejat un bon \u00e0pat just davant del Mar Mediterrani!","breadcrumb":{"@id":"https:\/\/www.bahariclub.com\/esdeveniments\/#breadcrumb"},"inLanguage":"ca","potentialAction":[{"@type":"ReadAction","target":["https:\/\/www.bahariclub.com\/esdeveniments\/"]}]},{"@type":"BreadcrumbList","@id":"https:\/\/www.bahariclub.com\/esdeveniments\/#breadcrumb","itemListElement":[{"@type":"ListItem","position":1,"name":"Inici","item":"https:\/\/www.bahariclub.com\/ca\/"},{"@type":"ListItem","position":2,"name":"Esdeveniments"}]},{"@type":"WebSite","@id":"https:\/\/www.bahariclub.com\/en\/#website","url":"https:\/\/www.bahariclub.com\/en\/","name":"Bahari Club","description":"Restaurant a la platja de Calella","potentialAction":[{"@type":"SearchAction","target":{"@type":"EntryPoint","urlTemplate":"https:\/\/www.bahariclub.com\/en\/?s={search_term_string}"},"query-input":{"@type":"PropertyValueSpecification","valueRequired":true,"valueName":"search_term_string"}}],"inLanguage":"ca"}]}},"_links":{"self":[{"href":"https:\/\/www.bahariclub.com\/ca\/wp-json\/wp\/v2\/pages\/7867","targetHints":{"allow":["GET"]}}],"collection":[{"href":"https:\/\/www.bahariclub.com\/ca\/wp-json\/wp\/v2\/pages"}],"about":[{"href":"https:\/\/www.bahariclub.com\/ca\/wp-json\/wp\/v2\/types\/page"}],"author":[{"embeddable":true,"href":"https:\/\/www.bahariclub.com\/ca\/wp-json\/wp\/v2\/users\/3"}],"replies":[{"embeddable":true,"href":"https:\/\/www.bahariclub.com\/ca\/wp-json\/wp\/v2\/comments?post=7867"}],"version-history":[{"count":0,"href":"https:\/\/www.bahariclub.com\/ca\/wp-json\/wp\/v2\/pages\/7867\/revisions"}],"wp:attachment":[{"href":"https:\/\/www.bahariclub.com\/ca\/wp-json\/wp\/v2\/media?parent=7867"}],"curies":[{"name":"wp","href":"https:\/\/api.w.org\/{rel}","templated":true}]}}