{"id":7539,"date":"2015-12-08T09:19:58","date_gmt":"2015-12-08T09:19:58","guid":{"rendered":"http:\/\/webnus.biz\/themes\/risotto\/?page_id=7539"},"modified":"2017-10-10T09:06:23","modified_gmt":"2017-10-10T07:06:23","slug":"receptes","status":"publish","type":"page","link":"https:\/\/www.bahariclub.com\/ca\/receptes\/","title":{"rendered":"Les nostres receptes"},"content":{"rendered":"<p>[vc_row][vc_column]<div class=\"w-divider2\"><i class=\"colorf fa-cutlery\" style=\"color:\"><\/i><h3><span class=\"spl\">Les nostres<\/span><span class=\"colorf spr\" style=\"color:\">receptes<\/span><span class=\"spln\"><\/span><\/h3><\/div><div class=\"row\"><div class=\"col-md-6 blg-typ3\">\n<article id=\"post-11607\" class=\"blog-post blgtyp3 post-11607 post type-post status-publish format-standard has-post-thumbnail hentry category-recetas\">\n\t <div class=\"blg-typ3-thumb\">\n\t\t<a href=\"https:\/\/www.bahariclub.com\/ca\/bacalla-confitat-pil-pil-citrics-caldo-farigola-bolets\/\" title=\"BACALL\u00c0 CONFITAT AMB PIL-PIL DE CITRICS, CALDO DE FARIGOLA I BOLETS\"><img decoding=\"async\" data-src=\"https:\/\/www.bahariclub.com\/wp-content\/uploads\/2018\/08\/IMG_9027-1-420x280.jpg\" alt=\"BACALL\u00c0 CONFITAT AMB PIL-PIL DE CITRICS, CALDO DE FARIGOLA I BOLETS\" class=\"landscape thumbnail risotto_webnus_blog3_img lazyload\" width=\"420\" height=\"280\" src=\"data:image\/svg+xml;base64,PHN2ZyB3aWR0aD0iMSIgaGVpZ2h0PSIxIiB4bWxucz0iaHR0cDovL3d3dy53My5vcmcvMjAwMC9zdmciPjwvc3ZnPg==\" style=\"--smush-placeholder-width: 420px; --smush-placeholder-aspect-ratio: 420\/280;\" \/><\/a>\t\t<br>\n\t<\/div>\n\t<div class=\"blg-typ3-content\">\n\t\n<h6 class=\"blog-cat\"><a href=\"https:\/\/www.bahariclub.com\/ca\/category\/recetas\/\" rel=\"category tag\">Recetas<\/a> | <\/h6><h6 class=\"blog-date\"><a href=\"https:\/\/www.bahariclub.com\/ca\/bacalla-confitat-pil-pil-citrics-caldo-farigola-bolets\/\">agost 22, 2018<\/a><\/h6>\n\t\t\t\t\t\t<h3 class=\"post-title\"><a href=\"https:\/\/www.bahariclub.com\/ca\/bacalla-confitat-pil-pil-citrics-caldo-farigola-bolets\/\">BACALL\u00c0 CONFITAT AMB PIL-PIL DE CITRICS, CALDO DE FARIGOLA I BOLETS<\/a><\/h3> \t\t\n\t\n<p>INGREDIENTS (1 raci\u00f3) 1 pe\u00e7a de bacall\u00e0 de 180 g Caldo de farigola i bolets Pil-pil de bacall\u00e0 i c\u00edtrics Bolets de cultiu (g\u00edrgoles, xampinyons, shiitake, Portobello&#8230;) Oli verge d\u2019oliva...<\/p>\t\n\t<\/div>\n<hr class=\"vertical-space1\">\n<\/article><\/div><div class=\"col-md-6 blg-typ3\">\n<article id=\"post-11497\" class=\"blog-post blgtyp3 post-11497 post type-post status-publish format-standard has-post-thumbnail hentry category-recetas\">\n\t <div class=\"blg-typ3-thumb\">\n\t\t<a href=\"https:\/\/www.bahariclub.com\/ca\/coca-sant-joan\/\" title=\"LA COCA DE SANT JOAN\"><img decoding=\"async\" data-src=\"https:\/\/www.bahariclub.com\/wp-content\/uploads\/2018\/06\/coca-de-sant-joan-e1529394146695-420x280.jpg\" alt=\"LA COCA DE SANT JOAN\" class=\"landscape thumbnail risotto_webnus_blog3_img lazyload\" width=\"420\" height=\"280\" src=\"data:image\/svg+xml;base64,PHN2ZyB3aWR0aD0iMSIgaGVpZ2h0PSIxIiB4bWxucz0iaHR0cDovL3d3dy53My5vcmcvMjAwMC9zdmciPjwvc3ZnPg==\" style=\"--smush-placeholder-width: 420px; --smush-placeholder-aspect-ratio: 420\/280;\" \/><\/a>\t\t<br>\n\t<\/div>\n\t<div class=\"blg-typ3-content\">\n\t\n<h6 class=\"blog-cat\"><a href=\"https:\/\/www.bahariclub.com\/ca\/category\/recetas\/\" rel=\"category tag\">Recetas<\/a> | <\/h6><h6 class=\"blog-date\"><a href=\"https:\/\/www.bahariclub.com\/ca\/coca-sant-joan\/\">juny 27, 2018<\/a><\/h6>\n\t\t\t\t\t\t<h3 class=\"post-title\"><a href=\"https:\/\/www.bahariclub.com\/ca\/coca-sant-joan\/\">LA COCA DE SANT JOAN<\/a><\/h3> \t\t\n\t\n<p>RECEPTA CASOLANA &nbsp; Cal pr\u00e0ctica per fer el brioix a casa. No \u00e9s senzill. Per aix\u00f2 els aconsello comprar la pasta de brioix, recent feta o congelada, a la pastisseria...<\/p>\t\n\t<\/div>\n<hr class=\"vertical-space1\">\n<\/article><\/div><div class=\"col-md-6 blg-typ3\">\n<article id=\"post-11388\" class=\"blog-post blgtyp3 post-11388 post type-post status-publish format-standard has-post-thumbnail hentry category-recetas\">\n\t <div class=\"blg-typ3-thumb\">\n\t\t<a href=\"https:\/\/www.bahariclub.com\/ca\/el-milfulles-la-recepta\/\" title=\"EL MILFULLES, LA RECEPTA\"><img decoding=\"async\" data-src=\"https:\/\/www.bahariclub.com\/wp-content\/uploads\/2015\/12\/Foto-22-3-18-22-21-09-10-e1523273169285-420x280.jpg\" alt=\"EL MILFULLES, LA RECEPTA\" class=\"landscape thumbnail risotto_webnus_blog3_img lazyload\" width=\"420\" height=\"280\" src=\"data:image\/svg+xml;base64,PHN2ZyB3aWR0aD0iMSIgaGVpZ2h0PSIxIiB4bWxucz0iaHR0cDovL3d3dy53My5vcmcvMjAwMC9zdmciPjwvc3ZnPg==\" style=\"--smush-placeholder-width: 420px; --smush-placeholder-aspect-ratio: 420\/280;\" \/><\/a>\t\t<br>\n\t<\/div>\n\t<div class=\"blg-typ3-content\">\n\t\n<h6 class=\"blog-cat\"><a href=\"https:\/\/www.bahariclub.com\/ca\/category\/recetas\/\" rel=\"category tag\">Recetas<\/a> | <\/h6><h6 class=\"blog-date\"><a href=\"https:\/\/www.bahariclub.com\/ca\/el-milfulles-la-recepta\/\">maig 28, 2018<\/a><\/h6>\n\t\t\t\t\t\t<h3 class=\"post-title\"><a href=\"https:\/\/www.bahariclub.com\/ca\/el-milfulles-la-recepta\/\">EL MILFULLES, LA RECEPTA<\/a><\/h3> \t\t\n\t\n<p>La pasta de full s\u2019utilitza per elaborar tant plats dol\u00e7os com salats. Fer-la a casa no \u00e9s senzill si no s\u2019hi t\u00e9 molta pr\u00e0ctica. Es pot comprar congelada a qualsevol...<\/p>\t\n\t<\/div>\n<hr class=\"vertical-space1\">\n<\/article><\/div><div class=\"col-md-6 blg-typ3\">\n<article id=\"post-11145\" class=\"blog-post blgtyp3 post-11145 post type-post status-publish format-standard hentry category-recetas\">\n\t<div class=\"blg-typ3-inner\">\n\t\n<h6 class=\"blog-cat\"><a href=\"https:\/\/www.bahariclub.com\/ca\/category\/recetas\/\" rel=\"category tag\">Recetas<\/a> | <\/h6><h6 class=\"blog-date\"><a href=\"https:\/\/www.bahariclub.com\/ca\/lescudella-carn-dolla-dia-nadal\/\">desembre 11, 2017<\/a><\/h6>\n\t\t\t\t\t\t<h3 class=\"post-title\"><a href=\"https:\/\/www.bahariclub.com\/ca\/lescudella-carn-dolla-dia-nadal\/\">L&#8217;ESCUDELLA I LA CARN D&#8217;OLLA DEL DIA DE NADAL<\/a><\/h3> \t\t\n\t\n<p>PROCEDIMENT &nbsp; Netejarem un bon pollastre de pag\u00e8s, que socarrarem per poder extreure\u2019n totes les plomes. Tamb\u00e9 podem utilitzar una gallina que es diu que fa m\u00e9s bon caldo. Un...<\/p>\t\n\t<\/div>\n<hr class=\"vertical-space1\">\n<\/article><\/div><div class=\"col-md-6 blg-typ3\">\n<article id=\"post-10975\" class=\"blog-post blgtyp3 post-10975 post type-post status-publish format-standard has-post-thumbnail hentry category-recetas\">\n\t <div class=\"blg-typ3-thumb\">\n\t\t<a href=\"https:\/\/www.bahariclub.com\/ca\/el-pure-de-castanyes\/\" title=\"EL PUR\u00c8 DE CASTANYES\"><img decoding=\"async\" data-src=\"https:\/\/www.bahariclub.com\/wp-content\/uploads\/2017\/03\/pure-de-castanyes-420x280.jpg\" alt=\"pure de castanyes\" class=\"landscape thumbnail risotto_webnus_blog3_img lazyload\" width=\"420\" height=\"280\" src=\"data:image\/svg+xml;base64,PHN2ZyB3aWR0aD0iMSIgaGVpZ2h0PSIxIiB4bWxucz0iaHR0cDovL3d3dy53My5vcmcvMjAwMC9zdmciPjwvc3ZnPg==\" style=\"--smush-placeholder-width: 420px; --smush-placeholder-aspect-ratio: 420\/280;\" \/><\/a>\t\t<br>\n\t<\/div>\n\t<div class=\"blg-typ3-content\">\n\t\n<h6 class=\"blog-cat\"><a href=\"https:\/\/www.bahariclub.com\/ca\/category\/recetas\/\" rel=\"category tag\">Recetas<\/a> | <\/h6><h6 class=\"blog-date\"><a href=\"https:\/\/www.bahariclub.com\/ca\/el-pure-de-castanyes\/\">novembre 03, 2017<\/a><\/h6>\n\t\t\t\t\t\t<h3 class=\"post-title\"><a href=\"https:\/\/www.bahariclub.com\/ca\/el-pure-de-castanyes\/\">EL PUR\u00c8 DE CASTANYES<\/a><\/h3> \t\t\n\t\n<p>Per a quantes persones ho preparo?\u00a0 Per a 4 persones Quins ingredients necessito?\u00a0 1kg de castanyes Llet suficient per cobrir les castanyes dins una cassola. Mantega Conyac Sal Sucre I...<\/p>\t\n\t<\/div>\n<hr class=\"vertical-space1\">\n<\/article><\/div><div class=\"col-md-6 blg-typ3\">\n<article id=\"post-10824\" class=\"blog-post blgtyp3 post-10824 post type-post status-publish format-standard hentry category-recetas\">\n\t<div class=\"blg-typ3-inner\">\n\t\n<h6 class=\"blog-cat\"><a href=\"https:\/\/www.bahariclub.com\/ca\/category\/recetas\/\" rel=\"category tag\">Recetas<\/a> | <\/h6><h6 class=\"blog-date\"><a href=\"https:\/\/www.bahariclub.com\/ca\/el-montnegre\/\">setembre 27, 2017<\/a><\/h6>\n\t\t\t\t\t\t<h3 class=\"post-title\"><a href=\"https:\/\/www.bahariclub.com\/ca\/el-montnegre\/\">El &#8220;Montnegre&#8221;<\/a><\/h3> \t\t\n\t\n<p>Vaig aprendre aquesta recepta en una bella masia del Montnegre. \u00c9s una cosa voluptuos\u00edssima. INGREDIENTS Una gran llesca de pa de pag\u00e8s Un ou, ben fresc Tom\u00e0quets madurs Oli i...<\/p>\t\n\t<\/div>\n<hr class=\"vertical-space1\">\n<\/article><\/div><div class=\"col-md-6 blg-typ3\">\n<article id=\"post-10548\" class=\"blog-post blgtyp3 post-10548 post type-post status-publish format-standard has-post-thumbnail hentry category-recetas\">\n\t <div class=\"blg-typ3-thumb\">\n\t\t<a href=\"https:\/\/www.bahariclub.com\/ca\/tarte-tatin-pera\/\" title=\"LA TARTE TATIN DE PERA. COM LA PREPARO?\"><img decoding=\"async\" data-src=\"https:\/\/www.bahariclub.com\/wp-content\/uploads\/2017\/08\/rsz_ng2a9230-e1502980303874-420x280.jpg\" alt=\"tarta tatin de pera Bahari CLub\" class=\"landscape thumbnail risotto_webnus_blog3_img lazyload\" width=\"420\" height=\"280\" src=\"data:image\/svg+xml;base64,PHN2ZyB3aWR0aD0iMSIgaGVpZ2h0PSIxIiB4bWxucz0iaHR0cDovL3d3dy53My5vcmcvMjAwMC9zdmciPjwvc3ZnPg==\" style=\"--smush-placeholder-width: 420px; --smush-placeholder-aspect-ratio: 420\/280;\" \/><\/a>\t\t<br>\n\t<\/div>\n\t<div class=\"blg-typ3-content\">\n\t\n<h6 class=\"blog-cat\"><a href=\"https:\/\/www.bahariclub.com\/ca\/category\/recetas\/\" rel=\"category tag\">Recetas<\/a> | <\/h6><h6 class=\"blog-date\"><a href=\"https:\/\/www.bahariclub.com\/ca\/tarte-tatin-pera\/\">agost 24, 2017<\/a><\/h6>\n\t\t\t\t\t\t<h3 class=\"post-title\"><a href=\"https:\/\/www.bahariclub.com\/ca\/tarte-tatin-pera\/\">LA TARTE TATIN DE PERA. COM LA PREPARO?<\/a><\/h3> \t\t\n\t\n<p>Per a quantes persones ho preparo? Dep\u00e8n de la gana! Lo ideal \u00e9s per a 8 persones. Quins ingredients necessito? 80 g de mantega 100 g de sucre de 6...<\/p>\t\n\t<\/div>\n<hr class=\"vertical-space1\">\n<\/article><\/div><div class=\"col-md-6 blg-typ3\">\n<article id=\"post-10463\" class=\"blog-post blgtyp3 post-10463 post type-post status-publish format-standard has-post-thumbnail hentry category-recetas\">\n\t <div class=\"blg-typ3-thumb\">\n\t\t<a href=\"https:\/\/www.bahariclub.com\/ca\/salpico-de-llagostins\/\" title=\"SALPIC\u00d3 DE LLAGOSTINS\"><img decoding=\"async\" data-src=\"https:\/\/www.bahariclub.com\/wp-content\/uploads\/2017\/03\/salpico-de-llagostins-producte-e1499860613711-420x280.jpg\" alt=\"SALPIC\u00d3 DE LLAGOSTINS\" class=\"landscape thumbnail risotto_webnus_blog3_img lazyload\" width=\"420\" height=\"280\" src=\"data:image\/svg+xml;base64,PHN2ZyB3aWR0aD0iMSIgaGVpZ2h0PSIxIiB4bWxucz0iaHR0cDovL3d3dy53My5vcmcvMjAwMC9zdmciPjwvc3ZnPg==\" style=\"--smush-placeholder-width: 420px; --smush-placeholder-aspect-ratio: 420\/280;\" \/><\/a>\t\t<br>\n\t<\/div>\n\t<div class=\"blg-typ3-content\">\n\t\n<h6 class=\"blog-cat\"><a href=\"https:\/\/www.bahariclub.com\/ca\/category\/recetas\/\" rel=\"category tag\">Recetas<\/a> | <\/h6><h6 class=\"blog-date\"><a href=\"https:\/\/www.bahariclub.com\/ca\/salpico-de-llagostins\/\">juliol 19, 2017<\/a><\/h6>\n\t\t\t\t\t\t<h3 class=\"post-title\"><a href=\"https:\/\/www.bahariclub.com\/ca\/salpico-de-llagostins\/\">SALPIC\u00d3 DE LLAGOSTINS<\/a><\/h3> \t\t\n\t\n<p>Per a quantes persones ho preparo? Dep\u00e8n de la gana! Aproximadament per a 5 persones. Quins ingredients necessito? 20 llagostins grans 1 ceba tendra mitjana picada 2 cogombres petits en...<\/p>\t\n\t<\/div>\n<hr class=\"vertical-space1\">\n<\/article><\/div><div class=\"col-md-6 blg-typ3\">\n<article id=\"post-10430\" class=\"blog-post blgtyp3 post-10430 post type-post status-publish format-standard has-post-thumbnail hentry category-recetas\">\n\t <div class=\"blg-typ3-thumb\">\n\t\t<a href=\"https:\/\/www.bahariclub.com\/ca\/amanidaespinacs\/\" title=\"LA DELICIOSA AMANIDA D\u2019ESPINACS, POMA, PINYONS  I PARMES\u00c0\"><img decoding=\"async\" data-src=\"https:\/\/www.bahariclub.com\/wp-content\/uploads\/2017\/06\/amanida-despinacs-1-e1498122385477-420x280.jpg\" alt=\"L&#039;Amanida d&#039;espinacs poma, pinyons i parmes\u00e0\" class=\"landscape thumbnail risotto_webnus_blog3_img lazyload\" width=\"420\" height=\"280\" src=\"data:image\/svg+xml;base64,PHN2ZyB3aWR0aD0iMSIgaGVpZ2h0PSIxIiB4bWxucz0iaHR0cDovL3d3dy53My5vcmcvMjAwMC9zdmciPjwvc3ZnPg==\" style=\"--smush-placeholder-width: 420px; --smush-placeholder-aspect-ratio: 420\/280;\" \/><\/a>\t\t<br>\n\t<\/div>\n\t<div class=\"blg-typ3-content\">\n\t\n<h6 class=\"blog-cat\"><a href=\"https:\/\/www.bahariclub.com\/ca\/category\/recetas\/\" rel=\"category tag\">Recetas<\/a> | <\/h6><h6 class=\"blog-date\"><a href=\"https:\/\/www.bahariclub.com\/ca\/amanidaespinacs\/\">juny 22, 2017<\/a><\/h6>\n\t\t\t\t\t\t<h3 class=\"post-title\"><a href=\"https:\/\/www.bahariclub.com\/ca\/amanidaespinacs\/\">LA DELICIOSA AMANIDA D\u2019ESPINACS, POMA, PINYONS  I PARMES\u00c0<\/a><\/h3> \t\t\n\t\n<p>Per a quantes persones ho preparo? Aquesta amanida \u00e9s ideal per a 4 persones Quins ingredientes necessito? 3 pomes Fuji Un manat d\u2019espinacs (tamb\u00e9 els podem comprar ja nets i...<\/p>\t\n\t<\/div>\n<hr class=\"vertical-space1\">\n<\/article><\/div><div class=\"col-md-6 blg-typ3\">\n<article id=\"post-10358\" class=\"blog-post blgtyp3 post-10358 post type-post status-publish format-standard hentry category-recetas\">\n\t<div class=\"blg-typ3-inner\">\n\t\n<h6 class=\"blog-cat\"><a href=\"https:\/\/www.bahariclub.com\/ca\/category\/recetas\/\" rel=\"category tag\">Recetas<\/a> | <\/h6><h6 class=\"blog-date\"><a href=\"https:\/\/www.bahariclub.com\/ca\/maduixes-iogurt-granissat-taronja\/\">maig 26, 2017<\/a><\/h6>\n\t\t\t\t\t\t<h3 class=\"post-title\"><a href=\"https:\/\/www.bahariclub.com\/ca\/maduixes-iogurt-granissat-taronja\/\">MADUIXES, IOGURT I GRANISSAT DE TARONJA<\/a><\/h3> \t\t\n\t\n<p>&nbsp; Quins ingredients necessitem? 600 g de maduixes 4 iogurts 4 taronges per fer suc Sucre El suc d\u2019una llimona &nbsp; Ja ho tenim tot, i ara qu\u00e8 fem?\u00a0 Espr\u00e9mer...<\/p>\t\n\t<\/div>\n<hr class=\"vertical-space1\">\n<\/article><\/div><\/div><div class='wp-pagenavi' role='navigation'>\n<span class='pages'>P\u00e0gina 1 de 2<\/span><span aria-current='page' class='current'>1<\/span><a class=\"page larger\" title=\"P\u00e0gina 2\" href=\"https:\/\/www.bahariclub.com\/ca\/wp-json\/wp\/v2\/pages\/7539\/page\/2\/\">2<\/a><a class=\"nextpostslink\" rel=\"next\" aria-label=\"P\u00e0gina seg\u00fcent\" href=\"https:\/\/www.bahariclub.com\/ca\/wp-json\/wp\/v2\/pages\/7539\/page\/2\/\">&raquo;<\/a>\n<\/div><hr class=\"vertical-space2\">[\/vc_column][\/vc_row][vc_row][vc_column][\/vc_column][\/vc_row]<\/p>\n","protected":false},"excerpt":{"rendered":"<p>[vc_row][vc_column][\/vc_column][\/vc_row][vc_row][vc_column][\/vc_column][\/vc_row]<\/p>\n","protected":false},"author":3,"featured_media":0,"parent":0,"menu_order":0,"comment_status":"closed","ping_status":"closed","template":"","meta":{"footnotes":""},"class_list":["post-7539","page","type-page","status-publish","hentry"],"yoast_head":"<!-- This site is optimized with the Yoast SEO plugin v27.4 - https:\/\/yoast.com\/product\/yoast-seo-wordpress\/ -->\n<title>Les nostres Receptes | Bahari Club \u2600 A la platja de Calella<\/title>\n<meta name=\"description\" content=\"\u2600 Gaudeix de les nostres receptes mensuals \u2600 Cada mes et proposem una recepta simple i fresca \u2600 Clica en aquest enlla\u00e7 per veure-les totes!\" \/>\n<meta name=\"robots\" content=\"index, follow, max-snippet:-1, max-image-preview:large, max-video-preview:-1\" \/>\n<link rel=\"canonical\" href=\"https:\/\/www.bahariclub.com\/receptes\/\" \/>\n<meta property=\"og:locale\" content=\"ca_ES\" \/>\n<meta property=\"og:type\" content=\"article\" \/>\n<meta property=\"og:title\" content=\"Les nostres Receptes | Bahari Club \u2600 A la platja de Calella\" \/>\n<meta property=\"og:description\" content=\"\u2600 Gaudeix de les nostres receptes mensuals \u2600 Cada mes et proposem una recepta simple i fresca \u2600 Clica en aquest enlla\u00e7 per veure-les totes!\" \/>\n<meta property=\"og:url\" content=\"https:\/\/www.bahariclub.com\/receptes\/\" \/>\n<meta property=\"og:site_name\" content=\"Bahari Club\" \/>\n<meta property=\"article:modified_time\" content=\"2017-10-10T07:06:23+00:00\" \/>\n<meta name=\"twitter:card\" content=\"summary_large_image\" \/>\n<script type=\"application\/ld+json\" class=\"yoast-schema-graph\">{\"@context\":\"https:\\\/\\\/schema.org\",\"@graph\":[{\"@type\":\"WebPage\",\"@id\":\"https:\\\/\\\/www.bahariclub.com\\\/receptes\\\/\",\"url\":\"https:\\\/\\\/www.bahariclub.com\\\/receptes\\\/\",\"name\":\"Les nostres Receptes | Bahari Club \u2600 A la platja de Calella\",\"isPartOf\":{\"@id\":\"https:\\\/\\\/www.bahariclub.com\\\/en\\\/#website\"},\"datePublished\":\"2015-12-08T09:19:58+00:00\",\"dateModified\":\"2017-10-10T07:06:23+00:00\",\"description\":\"\u2600 Gaudeix de les nostres receptes mensuals \u2600 Cada mes et proposem una recepta simple i fresca \u2600 Clica en aquest enlla\u00e7 per veure-les totes!\",\"breadcrumb\":{\"@id\":\"https:\\\/\\\/www.bahariclub.com\\\/receptes\\\/#breadcrumb\"},\"inLanguage\":\"ca\",\"potentialAction\":[{\"@type\":\"ReadAction\",\"target\":[\"https:\\\/\\\/www.bahariclub.com\\\/receptes\\\/\"]}]},{\"@type\":\"BreadcrumbList\",\"@id\":\"https:\\\/\\\/www.bahariclub.com\\\/receptes\\\/#breadcrumb\",\"itemListElement\":[{\"@type\":\"ListItem\",\"position\":1,\"name\":\"Inici\",\"item\":\"https:\\\/\\\/www.bahariclub.com\\\/ca\\\/\"},{\"@type\":\"ListItem\",\"position\":2,\"name\":\"Les nostres receptes\"}]},{\"@type\":\"WebSite\",\"@id\":\"https:\\\/\\\/www.bahariclub.com\\\/en\\\/#website\",\"url\":\"https:\\\/\\\/www.bahariclub.com\\\/en\\\/\",\"name\":\"Bahari Club\",\"description\":\"Restaurant a la platja de Calella\",\"potentialAction\":[{\"@type\":\"SearchAction\",\"target\":{\"@type\":\"EntryPoint\",\"urlTemplate\":\"https:\\\/\\\/www.bahariclub.com\\\/en\\\/?s={search_term_string}\"},\"query-input\":{\"@type\":\"PropertyValueSpecification\",\"valueRequired\":true,\"valueName\":\"search_term_string\"}}],\"inLanguage\":\"ca\"}]}<\/script>\n<!-- \/ Yoast SEO plugin. -->","yoast_head_json":{"title":"Les nostres Receptes | Bahari Club \u2600 A la platja de Calella","description":"\u2600 Gaudeix de les nostres receptes mensuals \u2600 Cada mes et proposem una recepta simple i fresca \u2600 Clica en aquest enlla\u00e7 per veure-les totes!","robots":{"index":"index","follow":"follow","max-snippet":"max-snippet:-1","max-image-preview":"max-image-preview:large","max-video-preview":"max-video-preview:-1"},"canonical":"https:\/\/www.bahariclub.com\/receptes\/","og_locale":"ca_ES","og_type":"article","og_title":"Les nostres Receptes | Bahari Club \u2600 A la platja de Calella","og_description":"\u2600 Gaudeix de les nostres receptes mensuals \u2600 Cada mes et proposem una recepta simple i fresca \u2600 Clica en aquest enlla\u00e7 per veure-les totes!","og_url":"https:\/\/www.bahariclub.com\/receptes\/","og_site_name":"Bahari Club","article_modified_time":"2017-10-10T07:06:23+00:00","twitter_card":"summary_large_image","schema":{"@context":"https:\/\/schema.org","@graph":[{"@type":"WebPage","@id":"https:\/\/www.bahariclub.com\/receptes\/","url":"https:\/\/www.bahariclub.com\/receptes\/","name":"Les nostres Receptes | Bahari Club \u2600 A la platja de Calella","isPartOf":{"@id":"https:\/\/www.bahariclub.com\/en\/#website"},"datePublished":"2015-12-08T09:19:58+00:00","dateModified":"2017-10-10T07:06:23+00:00","description":"\u2600 Gaudeix de les nostres receptes mensuals \u2600 Cada mes et proposem una recepta simple i fresca \u2600 Clica en aquest enlla\u00e7 per veure-les totes!","breadcrumb":{"@id":"https:\/\/www.bahariclub.com\/receptes\/#breadcrumb"},"inLanguage":"ca","potentialAction":[{"@type":"ReadAction","target":["https:\/\/www.bahariclub.com\/receptes\/"]}]},{"@type":"BreadcrumbList","@id":"https:\/\/www.bahariclub.com\/receptes\/#breadcrumb","itemListElement":[{"@type":"ListItem","position":1,"name":"Inici","item":"https:\/\/www.bahariclub.com\/ca\/"},{"@type":"ListItem","position":2,"name":"Les nostres receptes"}]},{"@type":"WebSite","@id":"https:\/\/www.bahariclub.com\/en\/#website","url":"https:\/\/www.bahariclub.com\/en\/","name":"Bahari Club","description":"Restaurant a la platja de Calella","potentialAction":[{"@type":"SearchAction","target":{"@type":"EntryPoint","urlTemplate":"https:\/\/www.bahariclub.com\/en\/?s={search_term_string}"},"query-input":{"@type":"PropertyValueSpecification","valueRequired":true,"valueName":"search_term_string"}}],"inLanguage":"ca"}]}},"_links":{"self":[{"href":"https:\/\/www.bahariclub.com\/ca\/wp-json\/wp\/v2\/pages\/7539","targetHints":{"allow":["GET"]}}],"collection":[{"href":"https:\/\/www.bahariclub.com\/ca\/wp-json\/wp\/v2\/pages"}],"about":[{"href":"https:\/\/www.bahariclub.com\/ca\/wp-json\/wp\/v2\/types\/page"}],"author":[{"embeddable":true,"href":"https:\/\/www.bahariclub.com\/ca\/wp-json\/wp\/v2\/users\/3"}],"replies":[{"embeddable":true,"href":"https:\/\/www.bahariclub.com\/ca\/wp-json\/wp\/v2\/comments?post=7539"}],"version-history":[{"count":0,"href":"https:\/\/www.bahariclub.com\/ca\/wp-json\/wp\/v2\/pages\/7539\/revisions"}],"wp:attachment":[{"href":"https:\/\/www.bahariclub.com\/ca\/wp-json\/wp\/v2\/media?parent=7539"}],"curies":[{"name":"wp","href":"https:\/\/api.w.org\/{rel}","templated":true}]}}