{"id":4884,"date":"2015-05-04T11:14:48","date_gmt":"2015-05-04T11:14:48","guid":{"rendered":"http:\/\/webnus.biz\/themes\/blogstar-wp\/deneb\/shop\/"},"modified":"2023-02-20T15:57:18","modified_gmt":"2023-02-20T13:57:18","slug":"coctels","status":"publish","type":"page","link":"https:\/\/www.bahariclub.com\/ca\/coctels\/","title":{"rendered":"C\u00d2CTELS"},"content":{"rendered":"<p>[vc_row][vc_column]<div class=\"w-divider7\"><h3 class=\"colorf\" style=\"color:\"><span class=\"spl\">Probablement els millors c\u00f2ctels <\/span><span class=\"spr\">de Calella<\/span><\/h3><\/div>[vc_row_inner][vc_column_inner][vc_column_text]Des del Bahari Club t&#8217;oferim una carta de c\u00f2ctels molt ben elaborats amb productes de<span style=\"color: #afa59d;\"><strong> primera qualitat<\/strong><\/span>. Volem ser un lloc\u00a0de refer\u00e8ncia de l\u2019oci nocturn de <span style=\"color: #afa59d;\"><strong>Calella<\/strong><\/span> posicionant-nos com un c\u00f2ctel bar on gaudir del <span style=\"color: #afa59d;\"><strong>millor ambient<\/strong><\/span>, els millors c\u00f2ctels i les millors <span style=\"color: #afa59d;\"><strong>vistes al mar i al Far<\/strong>.<\/span>[\/vc_column_text][vc_gallery type=&#8221;image_grid&#8221; images=&#8221;9910,9900,9902,9904,9914,9916,9918,9920,9912,9924&#8243; img_size=&#8221;medium&#8221;][\/vc_column_inner][\/vc_row_inner]<hr class=\"vertical-space2\">[\/vc_column][\/vc_row][vc_row][vc_column width=&#8221;1\/3&#8243;]<div class=\"sub-title\"><h4>ELS NOSTRES C\u00d2CTELS<\/h4><\/div>[vc_column_text]<strong>MOJITO<\/strong> Rom blanc \/ Llima \/ Menta \/ Sucre \/ Soda<\/p>\n<p><strong>MOJITO DE MADUIXA <\/strong>Rom blanc \/ Llima \/\u00a0Pur\u00e8 de maduixes naturals \/ Menta \/ Sucre \/ Soda<\/p>\n<p><strong>CAIPIRINHA<\/strong> Cacha\u00e7a \/ Llima \/ Sirope de az\u00facar<\/p>\n<p><strong>PI\u00d1A COLADA<\/strong> Rom blanc \/ Suc de pinya \/ Xarop de coco \/ Llet<\/p>\n<p><strong>SEX ON THE BEACH<\/strong> Vodka \/ Licor de pr\u00e9ssec\/ Suc de taronja \/ Granadina<\/p>\n<p><strong>STRAWBERRY DAIQUIRI<\/strong> Rom blanc \/ Suc de llima \/ Xarop de sucre \/ Pur\u00e8 de maduixes naturals<\/p>\n<p><strong>MARGARITA<\/strong> Tequila \/ Cointreau \/ Suc de llima<\/p>\n<p><strong>BLUE MOU <\/strong>Xarop de coco \/ Suc de llimona \/ Suc de pinya \/ Malib\u00fa \/ Vodka \/ Blue Cura\u00e7ao<\/p>\n<p><strong>APEROL SPRITZ<\/strong>\u00a0Aperol \/ Cava \/ Soda[\/vc_column_text]<div class=\"sub-title\"><h4>SANGRIES<\/h4><\/div>[vc_column_text]<strong>SANGRIA<\/strong> Vi negre \/ Ginebra \/ Licor de pr\u00e9ssec \/ Licor de poma \/ Xarop de canyella \/ Fanta de taronja \/ Fruita natural<\/p>\n<p><strong>SANGRIA DE CAVA<\/strong> Cava \/ Ginebra \/ Licor de pr\u00e9ssec \/ Licor de poma \/ Xarop de canyella \/ Fanta de taronja\u00a0\/ Fruita natural[\/vc_column_text][\/vc_column][vc_column width=&#8221;1\/3&#8243;]<div class=\"sub-title\"><h4>C\u00d2CTELS SENSE ALCOHOL<\/h4><\/div>[vc_column_text]<strong>VIRGIN MOJITO\u00a0<\/strong>Sprite \/ Llima \/ Menta \/ Sucre<\/p>\n<p><strong>VIRGIN MOJITO DE MADUIXA <\/strong>Sprite \/ Lima \/ Pur\u00e8 de Maduixes \/ Menta \/ Sucre<\/p>\n<p><strong>VIRGIN PINYA COLADA<\/strong> Xarop de coco \/ Suc de pinya \/ Llet<\/p>\n<p><strong>SAN FRANCISCO\u00a0<\/strong> Suc de pinya \/ Suc de taronja \/ Suc de pr\u00e9ssec \/ Granadina.<\/p>\n<p><strong>VIRGIN SEX <\/strong><strong>ON THE BEACH<\/strong> Suc de taronja \/ Suc de de Nabius \/ Suc de pr\u00e9ssec \/ Xarop de sucre[\/vc_column_text][\/vc_column][vc_column width=&#8221;1\/3&#8243;]<div class=\"sub-title\"><h4>GINT\u00d2NICS<\/h4><\/div>[vc_column_text]<strong>SEAGRAM&#8217;S-LLIMONA<\/strong>\u00a0Nota de Tast: Lleuger to groc daurat, pel seu pas per barriques, nota intensa en nas, elegant i amb aromes c\u00edtrics, cardamom, baies de ginebr\u00f3, sec i amb un final amarg.<\/p>\n<p><strong>BOMBAY SHAPPIRE-LLIMA<\/strong>\u00a0Nota de Tast: Un toc de ginebr\u00f3, notes de c\u00edtrics madurs, amb una lleu frag\u00e0ncia especiada<\/p>\n<p><strong>PUERTO DE INDIAS &#8211; MADUIXA\u00a0<\/strong>Nota de Tast: Dol\u00e7, amb aroma a maduixes i ginebr\u00f3 i lleus records c\u00edtrics<\/p>\n<p><strong>BULLDOG-REGAL\u00c8SSIA-LLIMA<\/strong> Nota de Tast: Sec i especiat, predomina el ginebr\u00f3 i els bot\u00e0nics com l\u2019ull de drag\u00f3 (longan).<\/p>\n<p><strong>TANQUERAY TEN-TARONJA<\/strong>\u00a0Nota de Tast: Elegant i complex amb intens sabor de c\u00edtrics i esp\u00e8cies.<\/p>\n<p><strong>GIN MARE-ROMAN\u00cd<\/strong> Nota de Tast: Transparent. Presenta una aroma a alf\u00e0brega amb notes d&#8217;herbes com el roman\u00ed i el tim\u00f3. Notes de cardamom i c\u00edtrics.<\/p>\n<p><strong>CITADELLE-TARONJA-ARANJA-LLIMA<\/strong>\u00a0Nota de Tast: Sec amb un final especiat i c\u00edtric, per\u00f2 ple de matisos.<\/p>\n<p><strong>HENDRICK&#8217;S-COGOMBRE<\/strong>\u00a0Nota de Tast: Complex i suau. Final amb notes florals i de cogombre.<\/p>\n<p><strong>OPHIR-PEBRE ROSA<\/strong> Nota de Tast: C\u00e0lid, amb esp\u00e8cies (coriandre i cardamom) i pebre de Java. Final picant.<\/p>\n<p><strong>BROCKMANS-MORES-TARONJA<\/strong>\u00a0Nota de Tast: Afruitat amb un intens sabor a fruits vermells i taronja.<\/p>\n<p><strong>G&#8217;VINE FLORASION-RA\u00cfM-PR\u00c9SSEC<\/strong> Nota de Tast: Afruitat i bastant arom\u00e0tic amb notes caracter\u00edstiques de fruita blanca (ra\u00efm i pr\u00e9ssec).[\/vc_column_text][\/vc_column][\/vc_row][vc_row][vc_column width=&#8221;1\/4&#8243;]<div class=\"sub-title\"><h4>WHISKY<\/h4><\/div>[vc_column_text]<strong>JAMESON<\/strong><\/p>\n<p><strong>JEAM BEAM<\/strong><\/p>\n<p><strong>BALLANTINES<\/strong><\/p>\n<p><strong>JACK DANIEL&#8217;S<\/strong><\/p>\n<p><strong>J.WALKER BLACK LABEL\u00a0<\/strong><\/p>\n<p><strong>LAPHROAIG 10 ANYS<\/strong><\/p>\n<p><strong>GLENROTHES VINTAGE<\/strong><\/p>\n<p><strong>CHIVAS 10 ANYS<\/strong><\/p>\n<p><strong>CARDHU 10 ANYS<\/strong>[\/vc_column_text][\/vc_column][vc_column width=&#8221;1\/4&#8243;]<div class=\"sub-title\"><h4>LICORS<\/h4><\/div>[vc_column_text]<strong>VI MANZANILLA LA GUITA<\/strong><\/p>\n<p><strong>AMARETTO DISARONNO<\/strong><\/p>\n<p><strong>FERNET BRANCA<\/strong><\/p>\n<p><strong>J\u00c4GERMEISTER<\/strong><\/p>\n<p><strong>LICORS DE MORES, CACAU, MENTA, PR\u00c9SSEC I POMA<\/strong><\/p>\n<p><strong>SAMBUCA<\/strong><\/p>\n<p><strong>LIMONCELLO<\/strong><\/p>\n<p><strong>CAMPARI<\/strong><\/p>\n<p><strong>RICARD<\/strong><\/p>\n<p><strong>VERMUT BLANC L&#8217;ESPINALER<\/strong><\/p>\n<p><strong>VERMUT VERMELL L&#8217;ESPINALER<\/strong><\/p>\n<p><strong>BAILEYS<\/strong><\/p>\n<p><strong>COINTREAU<\/strong><\/p>\n<p><strong>MAR DE CAVA<\/strong><\/p>\n<p><strong>RATAFIA<\/strong><\/p>\n<p><strong>PATXARAN ETXEKO<\/strong>[\/vc_column_text][vc_column_text][\/vc_column_text][\/vc_column][vc_column width=&#8221;1\/4&#8243;]<div class=\"sub-title\"><h4>M\u00c9S DESTIL\u00b7LATS<\/h4><\/div>[vc_column_text]<strong>VODKA SMIRNOFF<\/strong><\/p>\n<p><strong>VODKA ABSOLUT<\/strong><\/p>\n<p><strong>VODKA GREY GOOSE<\/strong><\/p>\n<p><strong>ROM BACARDI<\/strong><\/p>\n<p><strong>ROM CAPTAIN MORGAN SPICED<\/strong><\/p>\n<p><strong>ROM HAVANA 3 ANYS<\/strong><\/p>\n<p><strong>ROM HAVANA 7 ANYS<\/strong><\/p>\n<p><strong>BRANDY VETERANO<\/strong><\/p>\n<p><strong>BRANDY \u00a0TORRES 5<\/strong><\/p>\n<p><strong>COGNAC\u00a0HENNESSY V.S<\/strong><\/p>\n<p><strong>PISCO DEMONIO DE LOS ANDES<\/strong><\/p>\n<p><strong>TEQUILA JOSE CUERVO BLANCO<\/strong>[\/vc_column_text][\/vc_column][vc_column width=&#8221;1\/4&#8243;]<div class=\"sub-title\"><h4>CERVESES<\/h4><\/div>[vc_column_text]<strong>ESTRELLA DAMM\u00a0<\/strong><\/p>\n<p><strong>FREE DAMM<\/strong><\/p>\n<p><strong>VOLL DAMM<\/strong><\/p>\n<p><strong>CORONITA<\/strong><\/p>\n<p><strong>DESPERADOS<\/strong>[\/vc_column_text][\/vc_column][\/vc_row]<\/p>\n","protected":false},"excerpt":{"rendered":"<p>[vc_row][vc_column][vc_row_inner][vc_column_inner][vc_column_text]Des del Bahari Club t&#8217;oferim una carta de c\u00f2ctels molt ben elaborats amb productes de primera qualitat. Volem ser un lloc\u00a0de refer\u00e8ncia de l\u2019oci nocturn de Calella posicionant-nos com un c\u00f2ctel bar on gaudir del millor ambient, els millors c\u00f2ctels i les millors vistes al mar i al Far.[\/vc_column_text][vc_gallery type=&#8221;image_grid&#8221; images=&#8221;9910,9900,9902,9904,9914,9916,9918,9920,9912,9924&#8243; img_size=&#8221;medium&#8221;][\/vc_column_inner][\/vc_row_inner][\/vc_column][\/vc_row][vc_row][vc_column width=&#8221;1\/3&#8243;][vc_column_text]MOJITO Rom blanc \/ Llima \/ Menta \/ Sucre \/ Soda MOJITO DE MADUIXA Rom blanc \/ Llima \/\u00a0Pur\u00e8 de maduixes naturals \/ Menta \/ Sucre \/ Soda CAIPIRINHA Cacha\u00e7a \/ Llima \/ Sirope de az\u00facar PI\u00d1A COLADA Rom blanc \/ Suc de pinya \/ Xarop de coco \/ Llet SEX ON THE BEACH Vodka \/ Licor de pr\u00e9ssec\/ Suc de taronja \/ Granadina STRAWBERRY DAIQUIRI Rom blanc \/ Suc de llima \/ Xarop de sucre \/ Pur\u00e8 de maduixes naturals MARGARITA Tequila \/ Cointreau \/ Suc de llima BLUE MOU Xarop de coco \/ Suc de llimona \/ Suc de pinya \/ Malib\u00fa \/ Vodka \/ Blue Cura\u00e7ao APEROL SPRITZ\u00a0Aperol \/ Cava \/ Soda[\/vc_column_text][vc_column_text]SANGRIA Vi negre \/ Ginebra \/ Licor de pr\u00e9ssec \/ Licor de poma \/ Xarop de canyella \/ Fanta de taronja \/ Fruita natural SANGRIA DE CAVA Cava \/ Ginebra \/ Licor de pr\u00e9ssec \/ Licor de poma \/ Xarop de canyella \/ Fanta de taronja\u00a0\/ Fruita natural[\/vc_column_text][\/vc_column][vc_column width=&#8221;1\/3&#8243;][vc_column_text]VIRGIN MOJITO\u00a0Sprite \/ Llima \/ Menta \/ Sucre VIRGIN MOJITO DE MADUIXA Sprite \/ Lima \/ Pur\u00e8 de Maduixes \/ Menta \/ Sucre VIRGIN PINYA COLADA Xarop de coco \/ Suc de pinya \/ Llet SAN FRANCISCO\u00a0 Suc de pinya \/ Suc de taronja \/ Suc de pr\u00e9ssec \/ Granadina. VIRGIN SEX ON THE BEACH Suc de taronja \/ Suc de de Nabius \/ Suc de pr\u00e9ssec \/ Xarop de sucre[\/vc_column_text][\/vc_column][vc_column width=&#8221;1\/3&#8243;][vc_column_text]SEAGRAM&#8217;S-LLIMONA\u00a0Nota de Tast: Lleuger to groc daurat, pel seu pas per barriques, nota intensa en&#8230; <\/p>\n<p><a class=\"readmore\" href=\"https:\/\/www.bahariclub.com\/ca\/coctels\/\">Continue Reading<\/a><\/p>\n","protected":false},"author":3,"featured_media":0,"parent":0,"menu_order":0,"comment_status":"closed","ping_status":"open","template":"","meta":{"footnotes":""},"class_list":["post-4884","page","type-page","status-publish","hentry"],"yoast_head":"<!-- This site is optimized with the Yoast SEO plugin v27.4 - https:\/\/yoast.com\/product\/yoast-seo-wordpress\/ -->\n<title>La carta de c\u00f2ctels, gint\u00f2nics i destil\u00b7lats | Guingueta Bahari Club \u2600 Calella<\/title>\n<meta name=\"description\" content=\"\u2600 M\u00e9s de 30 c\u00f2ctels diferents elaborats amb productes de primera qualitat, per gaudir de la posta de Sol i de la nit, des de la platja de Calella\" \/>\n<meta name=\"robots\" content=\"index, follow, max-snippet:-1, max-image-preview:large, max-video-preview:-1\" \/>\n<link rel=\"canonical\" href=\"https:\/\/www.bahariclub.com\/coctels\/\" \/>\n<meta property=\"og:locale\" content=\"ca_ES\" \/>\n<meta property=\"og:type\" content=\"article\" \/>\n<meta property=\"og:title\" content=\"La carta de c\u00f2ctels, gint\u00f2nics i destil\u00b7lats | Guingueta Bahari Club \u2600 Calella\" \/>\n<meta property=\"og:description\" content=\"\u2600 M\u00e9s de 30 c\u00f2ctels diferents elaborats amb productes de primera qualitat, per gaudir de la posta de Sol i de la nit, des de la platja de Calella\" \/>\n<meta property=\"og:url\" content=\"https:\/\/www.bahariclub.com\/coctels\/\" \/>\n<meta property=\"og:site_name\" content=\"Bahari Club\" \/>\n<meta property=\"article:modified_time\" content=\"2023-02-20T13:57:18+00:00\" \/>\n<meta name=\"twitter:card\" content=\"summary_large_image\" \/>\n<meta name=\"twitter:label1\" content=\"Temps estimat de lectura\" \/>\n\t<meta name=\"twitter:data1\" content=\"3 minuts\" \/>\n<script type=\"application\/ld+json\" class=\"yoast-schema-graph\">{\"@context\":\"https:\\\/\\\/schema.org\",\"@graph\":[{\"@type\":\"WebPage\",\"@id\":\"https:\\\/\\\/www.bahariclub.com\\\/coctels\\\/\",\"url\":\"https:\\\/\\\/www.bahariclub.com\\\/coctels\\\/\",\"name\":\"La carta de c\u00f2ctels, gint\u00f2nics i destil\u00b7lats | Guingueta Bahari Club \u2600 Calella\",\"isPartOf\":{\"@id\":\"https:\\\/\\\/www.bahariclub.com\\\/en\\\/#website\"},\"datePublished\":\"2015-05-04T11:14:48+00:00\",\"dateModified\":\"2023-02-20T13:57:18+00:00\",\"description\":\"\u2600 M\u00e9s de 30 c\u00f2ctels diferents elaborats amb productes de primera qualitat, per gaudir de la posta de Sol i de la nit, des de la platja de Calella\",\"breadcrumb\":{\"@id\":\"https:\\\/\\\/www.bahariclub.com\\\/coctels\\\/#breadcrumb\"},\"inLanguage\":\"ca\",\"potentialAction\":[{\"@type\":\"ReadAction\",\"target\":[\"https:\\\/\\\/www.bahariclub.com\\\/coctels\\\/\"]}]},{\"@type\":\"BreadcrumbList\",\"@id\":\"https:\\\/\\\/www.bahariclub.com\\\/coctels\\\/#breadcrumb\",\"itemListElement\":[{\"@type\":\"ListItem\",\"position\":1,\"name\":\"Inici\",\"item\":\"https:\\\/\\\/www.bahariclub.com\\\/ca\\\/\"},{\"@type\":\"ListItem\",\"position\":2,\"name\":\"C\u00d2CTELS\"}]},{\"@type\":\"WebSite\",\"@id\":\"https:\\\/\\\/www.bahariclub.com\\\/en\\\/#website\",\"url\":\"https:\\\/\\\/www.bahariclub.com\\\/en\\\/\",\"name\":\"Bahari Club\",\"description\":\"Restaurant a la platja de Calella\",\"potentialAction\":[{\"@type\":\"SearchAction\",\"target\":{\"@type\":\"EntryPoint\",\"urlTemplate\":\"https:\\\/\\\/www.bahariclub.com\\\/en\\\/?s={search_term_string}\"},\"query-input\":{\"@type\":\"PropertyValueSpecification\",\"valueRequired\":true,\"valueName\":\"search_term_string\"}}],\"inLanguage\":\"ca\"}]}<\/script>\n<!-- \/ Yoast SEO plugin. -->","yoast_head_json":{"title":"La carta de c\u00f2ctels, gint\u00f2nics i destil\u00b7lats | Guingueta Bahari Club \u2600 Calella","description":"\u2600 M\u00e9s de 30 c\u00f2ctels diferents elaborats amb productes de primera qualitat, per gaudir de la posta de Sol i de la nit, des de la platja de Calella","robots":{"index":"index","follow":"follow","max-snippet":"max-snippet:-1","max-image-preview":"max-image-preview:large","max-video-preview":"max-video-preview:-1"},"canonical":"https:\/\/www.bahariclub.com\/coctels\/","og_locale":"ca_ES","og_type":"article","og_title":"La carta de c\u00f2ctels, gint\u00f2nics i destil\u00b7lats | Guingueta Bahari Club \u2600 Calella","og_description":"\u2600 M\u00e9s de 30 c\u00f2ctels diferents elaborats amb productes de primera qualitat, per gaudir de la posta de Sol i de la nit, des de la platja de Calella","og_url":"https:\/\/www.bahariclub.com\/coctels\/","og_site_name":"Bahari Club","article_modified_time":"2023-02-20T13:57:18+00:00","twitter_card":"summary_large_image","twitter_misc":{"Temps estimat de lectura":"3 minuts"},"schema":{"@context":"https:\/\/schema.org","@graph":[{"@type":"WebPage","@id":"https:\/\/www.bahariclub.com\/coctels\/","url":"https:\/\/www.bahariclub.com\/coctels\/","name":"La carta de c\u00f2ctels, gint\u00f2nics i destil\u00b7lats | Guingueta Bahari Club \u2600 Calella","isPartOf":{"@id":"https:\/\/www.bahariclub.com\/en\/#website"},"datePublished":"2015-05-04T11:14:48+00:00","dateModified":"2023-02-20T13:57:18+00:00","description":"\u2600 M\u00e9s de 30 c\u00f2ctels diferents elaborats amb productes de primera qualitat, per gaudir de la posta de Sol i de la nit, des de la platja de Calella","breadcrumb":{"@id":"https:\/\/www.bahariclub.com\/coctels\/#breadcrumb"},"inLanguage":"ca","potentialAction":[{"@type":"ReadAction","target":["https:\/\/www.bahariclub.com\/coctels\/"]}]},{"@type":"BreadcrumbList","@id":"https:\/\/www.bahariclub.com\/coctels\/#breadcrumb","itemListElement":[{"@type":"ListItem","position":1,"name":"Inici","item":"https:\/\/www.bahariclub.com\/ca\/"},{"@type":"ListItem","position":2,"name":"C\u00d2CTELS"}]},{"@type":"WebSite","@id":"https:\/\/www.bahariclub.com\/en\/#website","url":"https:\/\/www.bahariclub.com\/en\/","name":"Bahari Club","description":"Restaurant a la platja de Calella","potentialAction":[{"@type":"SearchAction","target":{"@type":"EntryPoint","urlTemplate":"https:\/\/www.bahariclub.com\/en\/?s={search_term_string}"},"query-input":{"@type":"PropertyValueSpecification","valueRequired":true,"valueName":"search_term_string"}}],"inLanguage":"ca"}]}},"_links":{"self":[{"href":"https:\/\/www.bahariclub.com\/ca\/wp-json\/wp\/v2\/pages\/4884","targetHints":{"allow":["GET"]}}],"collection":[{"href":"https:\/\/www.bahariclub.com\/ca\/wp-json\/wp\/v2\/pages"}],"about":[{"href":"https:\/\/www.bahariclub.com\/ca\/wp-json\/wp\/v2\/types\/page"}],"author":[{"embeddable":true,"href":"https:\/\/www.bahariclub.com\/ca\/wp-json\/wp\/v2\/users\/3"}],"replies":[{"embeddable":true,"href":"https:\/\/www.bahariclub.com\/ca\/wp-json\/wp\/v2\/comments?post=4884"}],"version-history":[{"count":4,"href":"https:\/\/www.bahariclub.com\/ca\/wp-json\/wp\/v2\/pages\/4884\/revisions"}],"predecessor-version":[{"id":15035,"href":"https:\/\/www.bahariclub.com\/ca\/wp-json\/wp\/v2\/pages\/4884\/revisions\/15035"}],"wp:attachment":[{"href":"https:\/\/www.bahariclub.com\/ca\/wp-json\/wp\/v2\/media?parent=4884"}],"curies":[{"name":"wp","href":"https:\/\/api.w.org\/{rel}","templated":true}]}}