{"id":15276,"date":"2023-02-22T14:25:13","date_gmt":"2023-02-22T12:25:13","guid":{"rendered":"https:\/\/www.bahariclub.com\/wedding\/"},"modified":"2025-09-08T09:56:34","modified_gmt":"2025-09-08T07:56:34","slug":"casament","status":"publish","type":"page","link":"https:\/\/www.bahariclub.com\/ca\/casament\/","title":{"rendered":"Casament"},"content":{"rendered":"<p>[vc_row row_type=&#8221;2&#8243; blox_image=&#8221;12968&#8243; blox_bg_attachment=&#8221;true&#8221; align_center=&#8221;aligncenter&#8221; blox_dark=&#8221;true&#8221;][vc_column]<hr class=\"vertical-space4\"><hr class=\"vertical-space4\"><hr class=\"vertical-space4\"><hr class=\"vertical-space4\"><hr class=\"vertical-space4\"><hr class=\"vertical-space4\"><hr class=\"vertical-space4\"><hr class=\"vertical-space4\"><hr class=\"vertical-space4\"><hr class=\"vertical-space4\"><hr class=\"vertical-space4\">[\/vc_column][\/vc_row][vc_row][vc_column]<hr class=\"vertical-space4\">[vc_row_inner][vc_column_inner width=&#8221;1\/2&#8243;]<div class=\"w-divider7\"><h3 class=\"colorf\" style=\"color:\"><span class=\"spl\">El casament somiat<\/span><span class=\"spr\">al Bahari Club<\/span><\/h3><\/div>[vc_column_text]<\/p>\n<p style=\"text-align: left;\">El<span style=\"color: #afa59d;\"> <strong>Mar Mediterrani<\/strong><\/span> i el <span style=\"color: #afa59d;\"><strong>Far de Calella<\/strong><\/span> fan del nostre espai, l\u2019indret perfecte per gaudir del dia del <strong><span style=\"color: #afa59d;\"><a style=\"color: #afa59d;\" href=\"#formulario\">vostre casament.<\/a><\/span><\/strong><\/p>\n<p style=\"text-align: left;\">M\u00e9s de <span style=\"color: #afa59d;\"><strong>30 anys<\/strong><\/span> d\u2019experi\u00e8ncia organitzant casaments i banquets ens avalen per con\u00e8ixer la veritable import\u00e0ncia d\u2019aquest dia. Es per aix\u00f2, que des del <span style=\"color: #afa59d;\"><strong>Bahari Club<\/strong><\/span> posem a la vostra disposici\u00f3 tot all\u00f2 que desitgeu.<\/p>\n<p>[\/vc_column_text][vc_btn title=&#8221;Demana un pressupost&#8221; style=&#8221;custom&#8221; custom_background=&#8221;#afa59d&#8221; custom_text=&#8221;#ffffff&#8221; link=&#8221;url:https%3A%2F%2Fwww.bahariclub.com%2Fca%2Fcasament%2F%23formulario|title:M%C3%89S%20INFORMACI%C3%93|&#8221;][\/vc_column_inner][vc_column_inner width=&#8221;1\/2&#8243;][vc_gallery interval=&#8221;3&#8243; images=&#8221;15062,15054,15150,15134,15090,15066&#8243; img_size=&#8221;full&#8221;][\/vc_column_inner][\/vc_row_inner]<hr class=\"vertical-space4\">[\/vc_column][\/vc_row][vc_row row_type=&#8221;2&#8243; blox_image=&#8221;10566&#8243; blox_bg_attachment=&#8221;true&#8221; align_center=&#8221;aligncenter&#8221; blox_dark=&#8221;true&#8221;][vc_column]<hr class=\"vertical-space4\"><hr class=\"vertical-space4\"><hr class=\"vertical-space4\"><hr class=\"vertical-space4\"><hr class=\"vertical-space4\"><hr class=\"vertical-space4\"><hr class=\"vertical-space4\"><hr class=\"vertical-space4\">[\/vc_column][\/vc_row][vc_row][vc_column]<hr class=\"vertical-space4\">[vc_row_inner][vc_column_inner width=&#8221;1\/2&#8243;][vc_gallery interval=&#8221;3&#8243; images=&#8221;15138,15082,15074,15130,15161,15114&#8243; img_size=&#8221;full&#8221;][\/vc_column_inner][vc_column_inner width=&#8221;1\/2&#8243;]<div class=\"w-divider7\"><h3 class=\"colorf\" style=\"color:#afa59d\"><span class=\"spl\">La<\/span><span class=\"spr\">Cerim\u00f2nia<\/span><\/h3><\/div>[vc_column_text]<\/p>\n<p style=\"text-align: left;\">Sabem que si heu arribat fins aqu\u00ed \u00e9s perqu\u00e8 el mar \u00e9s el vostre escenari preferit per donar el <span style=\"color: #afa59d;\"><strong>si, vull<\/strong><\/span>, i \u00e9s per aix\u00f2 que oferim tres opcions en diferents espais per a celebrar la <span style=\"color: #afa59d;\"><strong>cerim\u00f2nia civil a Calella<\/strong><\/span>: A la nostra terrassa, a la sorra, o b\u00e9 en algun lloc emblem\u00e0tic de la zona, com per exemple, el Far de Calella.<\/p>\n<p>[\/vc_column_text][vc_btn title=&#8221;Descobreix les opcions&#8221; style=&#8221;custom&#8221; custom_background=&#8221;#afa59d&#8221; custom_text=&#8221;#ffffff&#8221; link=&#8221;url:https%3A%2F%2Fwww.bahariclub.com%2Fca%2Fcasament%2F%23formulario|title:M%C3%89S%20INFORMACI%C3%93|&#8221;][\/vc_column_inner][\/vc_row_inner][\/vc_column][\/vc_row][vc_row row_type=&#8221;2&#8243; blox_image=&#8221;15162&#8243; blox_bg_attachment=&#8221;true&#8221; align_center=&#8221;aligncenter&#8221; blox_dark=&#8221;true&#8221;][vc_column]<hr class=\"vertical-space4\"><hr class=\"vertical-space4\"><hr class=\"vertical-space4\"><hr class=\"vertical-space4\"><hr class=\"vertical-space4\"><hr class=\"vertical-space4\"><hr class=\"vertical-space4\"><hr class=\"vertical-space4\">[\/vc_column][\/vc_row][vc_row][vc_column]<hr class=\"vertical-space4\">[vc_row_inner][vc_column_inner width=&#8221;1\/2&#8243;]<div class=\"w-divider7\"><h3 class=\"colorf\" style=\"color:#afa59d\"><span class=\"spl\">El<\/span><span class=\"spr\">Banquet<\/span><\/h3><\/div>[vc_column_text]<\/p>\n<p style=\"text-align: left;\">Comptem amb una cuina pr\u00f2pia, i oferim dos tipus de banquet: <span style=\"color: #afa59d;\"><strong>El Classic i el Finger Food<\/strong><\/span>, per a que pogueu escollir quin \u00e9s el convit que m\u00e9s us encaixa per el gran dia. Sens dubte, sigui quina sigui la vostra elecci\u00f3, triunfareu gr\u00e0cies a la nostra selecci\u00f3 gastron\u00f2mica.<\/p>\n<p>Tamb\u00e9 oferim diferents <span style=\"color: #afa59d;\"><strong>tipus de buffet<\/strong><\/span> per acompanyar el banquet, i millorar l\u2019experi\u00e8ncia.[\/vc_column_text][vc_btn title=&#8221;Pregunta&#8217;ns per ells&#8221; style=&#8221;custom&#8221; custom_background=&#8221;#afa59d&#8221; custom_text=&#8221;#ffffff&#8221; link=&#8221;url:https%3A%2F%2Fwww.bahariclub.com%2Fca%2Fcasament%2F%23formulario|title:M%C3%89S%20INFORMACI%C3%93|&#8221;][\/vc_column_inner][vc_column_inner width=&#8221;1\/2&#8243;][vc_gallery interval=&#8221;3&#8243; images=&#8221;15185,15205,15142,15058,15218,15230&#8243; img_size=&#8221;full&#8221;][\/vc_column_inner][\/vc_row_inner]<hr class=\"vertical-space4\">[\/vc_column][\/vc_row][vc_row row_type=&#8221;2&#8243; blox_image=&#8221;15169&#8243; blox_bg_attachment=&#8221;true&#8221;][vc_column]<hr class=\"vertical-space4\"><hr class=\"vertical-space4\"><hr class=\"vertical-space4\"><hr class=\"vertical-space4\"><hr class=\"vertical-space4\"><hr class=\"vertical-space4\"><hr class=\"vertical-space4\"><hr class=\"vertical-space4\">[\/vc_column][\/vc_row][vc_row][vc_column]<hr class=\"vertical-space4\">[vc_row_inner][vc_column_inner width=&#8221;1\/2&#8243;][vc_gallery interval=&#8221;3&#8243; images=&#8221;15126,15046,15214,15181,15222,15234&#8243; img_size=&#8221;full&#8221;][\/vc_column_inner][vc_column_inner width=&#8221;1\/2&#8243;]<div class=\"w-divider7\"><h3 class=\"colorf\" style=\"color:#afa59d\"><span class=\"spl\">La<\/span><span class=\"spr\">Festa<\/span><\/h3><\/div>[vc_column_text]<\/p>\n<p style=\"text-align: left;\">Cuidem fins el m\u00e9s m\u00ednim detall de cada casament celebrat al Bahari Club, i \u00e9s per aquest motiu que comptem amb els millor professionals del sector, amb anys d\u2019experi\u00e8ncia en esdeveniments que els avalen. <span style=\"color: #afa59d;\"><strong>Les flors, el DJ, l\u2019animaci\u00f3&#8230;<\/strong><\/span> Us assessorarem en tot el necessari per a que no tingueu que preocupar-vos per res.<\/p>\n<p>[\/vc_column_text][vc_btn title=&#8221;Si, vull!&#8221; style=&#8221;custom&#8221; custom_background=&#8221;#afa59d&#8221; custom_text=&#8221;#ffffff&#8221; link=&#8221;url:https%3A%2F%2Fwww.bahariclub.com%2Fca%2Fcasament%2F%23formulario|title:M%C3%89S%20INFORMACI%C3%93|&#8221;][\/vc_column_inner][\/vc_row_inner]<hr class=\"vertical-space4\">[vc_separator color=&#8221;custom&#8221; accent_color=&#8221;#afa59d&#8221;][\/vc_column][\/vc_row][vc_row][vc_column]<div class=\"w-divider7\"><h3 class=\"colorf\" style=\"color:#afa59d\"><span class=\"spl\">Descobreix<\/span><span class=\"spr\">els casaments Bahari<\/span><\/h3><\/div>[vc_row_inner][vc_column_inner width=&#8221;1\/3&#8243;][vc_video link=&#8221;https:\/\/youtu.be\/DEi4Ao6W-ow&#8221; align=&#8221;center&#8221;][\/vc_column_inner][vc_column_inner width=&#8221;1\/3&#8243;][vc_video link=&#8221;https:\/\/youtu.be\/lwfmlDtztq8&#8243;][\/vc_column_inner][vc_column_inner width=&#8221;1\/3&#8243;][vc_video link=&#8221;https:\/\/youtu.be\/3IOCn7xw2C0&#8243; align=&#8221;right&#8221;][\/vc_column_inner][\/vc_row_inner][\/vc_column][\/vc_row][vc_row row_type=&#8221;2&#8243; blox_bgcolor=&#8221;#ffffff&#8221;][vc_column][vc_row_inner][vc_column_inner width=&#8221;1\/2&#8243;]<div class=\"w-divider7\"><h3 class=\"colorf\" style=\"color:#afa59d\"><span class=\"spl\">Voleu<\/span><span class=\"spr\">saber-ne m\u00e9s?<\/span><\/h3><\/div>[vc_raw_html]PHNwYW4gaWQ9ImZvcm11bGFyaW8iPjwvc3Bhbj4=[\/vc_raw_html][vc_column_text]<\/p>\n<p style=\"text-align: left;\">Ja us esteu imaginant el vostre gran dia al Bahari Club?<\/p>\n<p>El vostre casament a la platja a un sol clic.<\/p>\n<p><span style=\"color: #afa59d;\"><strong>Ens encantaria saber m\u00e9s!<\/strong><\/span><\/p>\n<p>Omple el seg\u00fcent formulari i ens posarem en contacte amb vosaltres.[\/vc_column_text][vc_gallery interval=&#8221;3&#8243; images=&#8221;15062,15197,15238,15201,15098,15102,15160&#8243; img_size=&#8221;medium&#8221;][\/vc_column_inner][vc_column_inner width=&#8221;1\/2&#8243;]<hr class=\"vertical-space2\">\n<div class=\"wpcf7 no-js\" id=\"wpcf7-f11868-o1\" lang=\"ca\" dir=\"ltr\" data-wpcf7-id=\"11868\">\n<div class=\"screen-reader-response\"><p role=\"status\" aria-live=\"polite\" aria-atomic=\"true\"><\/p> <ul><\/ul><\/div>\n<form action=\"\/ca\/wp-json\/wp\/v2\/pages\/15276#wpcf7-f11868-o1\" method=\"post\" class=\"wpcf7-form init\" aria-label=\"Formulari de contacte\" novalidate=\"novalidate\" data-status=\"init\">\n<fieldset class=\"hidden-fields-container\"><input type=\"hidden\" name=\"_wpcf7\" value=\"11868\" \/><input type=\"hidden\" name=\"_wpcf7_version\" value=\"6.1.5\" \/><input type=\"hidden\" name=\"_wpcf7_locale\" value=\"ca\" \/><input type=\"hidden\" name=\"_wpcf7_unit_tag\" value=\"wpcf7-f11868-o1\" \/><input type=\"hidden\" name=\"_wpcf7_container_post\" value=\"0\" \/><input type=\"hidden\" name=\"_wpcf7_posted_data_hash\" value=\"\" \/>\n<\/fieldset>\n<div class=\"wpcf7-turnstile cf-turnstile\" data-sitekey=\"0x4AAAAAAB3ema0IMiDZRaP5\" data-response-field-name=\"_wpcf7_turnstile_response\"><\/div>\n\n<p><script src=\"https:\/\/challenges.cloudflare.com\/turnstile\/v0\/api.js?render=explicit\" async defer><\/script>\n<\/p>\n<p style=\"color:#afa59d\";><label> Com us dieu?<br \/>\n<span class=\"wpcf7-form-control-wrap\" data-name=\"your-name\"><input size=\"40\" maxlength=\"400\" class=\"wpcf7-form-control wpcf7-text wpcf7-validates-as-required\" aria-required=\"true\" aria-invalid=\"false\" value=\"\" type=\"text\" name=\"your-name\" \/><\/span> <\/label>\n<\/p>\n<p style=\"color:#afa59d\";><label> On viviu?<br \/>\n<span class=\"wpcf7-form-control-wrap\" data-name=\"your-city\"><input size=\"40\" maxlength=\"400\" class=\"wpcf7-form-control wpcf7-text wpcf7-validates-as-required\" aria-required=\"true\" aria-invalid=\"false\" value=\"\" type=\"text\" name=\"your-city\" \/><\/span> <\/label>\n<\/p>\n<p style=\"color:#afa59d\";><label> E-mail<br \/>\n<span class=\"wpcf7-form-control-wrap\" data-name=\"your-email\"><input size=\"40\" maxlength=\"400\" class=\"wpcf7-form-control wpcf7-email wpcf7-validates-as-required wpcf7-text wpcf7-validates-as-email\" aria-required=\"true\" aria-invalid=\"false\" value=\"\" type=\"email\" name=\"your-email\" \/><\/span> <\/label>\n<\/p>\n<p style=\"color:#afa59d\";><label> Tel\u00e8fon de contacte<br \/>\n<span class=\"wpcf7-form-control-wrap\" data-name=\"tel-995\"><input size=\"40\" maxlength=\"400\" class=\"wpcf7-form-control wpcf7-tel wpcf7-text wpcf7-validates-as-tel\" aria-invalid=\"false\" value=\"\" type=\"tel\" name=\"tel-995\" \/><\/span> <\/label>\n<\/p>\n<p style=\"color:#afa59d\";><label> Teniu pensada alguna data?<br \/>\n<span class=\"wpcf7-form-control-wrap\" data-name=\"date-303\"><input class=\"wpcf7-form-control wpcf7-date wpcf7-validates-as-required wpcf7-validates-as-date\" id=\"date-303\" aria-required=\"true\" aria-invalid=\"false\" value=\"\" type=\"date\" name=\"date-303\" \/><\/span> <\/label>\n<\/p>\n<p style=\"color:#afa59d\";><label> Us interessa m\u00e9s dinar o sopar?<br \/>\n<span class=\"wpcf7-form-control-wrap\" data-name=\"lunch-or-dinner\"><input size=\"40\" maxlength=\"400\" class=\"wpcf7-form-control wpcf7-text wpcf7-validates-as-required\" aria-required=\"true\" aria-invalid=\"false\" value=\"\" type=\"text\" name=\"lunch-or-dinner\" \/><\/span> <\/label>\n<\/p>\n<p style=\"color:#afa59d\";><label> Quantes persones sereu?<br \/>\n<span class=\"wpcf7-form-control-wrap\" data-name=\"Quantespersonessereu\"><input class=\"wpcf7-form-control wpcf7-number wpcf7-validates-as-required wpcf7-validates-as-number\" min=\"50\" max=\"120\" aria-required=\"true\" aria-invalid=\"false\" value=\"\" type=\"number\" name=\"Quantespersonessereu\" \/><\/span> <\/label>\n<\/p>\n<p style=\"color:#afa59d\";><label> Voleu comentar-nos alguna cosa?<br \/>\n<span class=\"wpcf7-form-control-wrap\" data-name=\"Comentaris\"><textarea cols=\"40\" rows=\"10\" maxlength=\"2000\" class=\"wpcf7-form-control wpcf7-textarea\" aria-invalid=\"false\" name=\"Comentaris\"><\/textarea><\/span> <\/label>\n<\/p>\n<p><span id=\"wpcf7-69f89b0ed0d5e-wrapper\" class=\"wpcf7-form-control-wrap honeypot-field-wrap\" style=\"display:none !important; visibility:hidden !important;\"><label for=\"wpcf7-69f89b0ed0d5e-field\" class=\"hp-message\">Deixeu aquest camp buit.<\/label><input id=\"wpcf7-69f89b0ed0d5e-field\"  class=\"wpcf7-form-control wpcf7-text\" type=\"text\" name=\"honeypot-field\" value=\"\" size=\"40\" tabindex=\"-1\" autocomplete=\"new-password\" \/><\/span>\n<\/p>\n<p style=\"color:#afa59d\";><input class=\"wpcf7-form-control wpcf7-submit has-spinner\" type=\"submit\" value=\"Enviar\" \/>\n<\/p>\n<div id=\"turnstile-widget\">\n<\/div>\n<p><script>\n window.onload = function() {\n turnstile.render('#turnstile-widget', {\n sitekey: '0x4AAAAAAB3ema0IMiDZRaP5',\n theme: 'light'\n });\n }\n<\/script>\n<\/p>\n<p><script>\n document.addEventListener( 'wpcf7mailsent', function( event ) {\n location = '\/ca\/el-casament-somiat-al-bahari-club\/';\n }, false );\n jQuery('input.wpcf7-submit[type=\"submit\"]').click(function() {\n jQuery(':input[type=\"submit\"]').css('display',\"none\");\n });\n document.addEventListener( 'wpcf7invalid', function( event ) {\n jQuery(':input[type=\"submit\"]').css('display',\"\");\n });\n\n document.addEventListener('DOMContentLoaded', function() {\n var dateInput = document.getElementById('date-303');\n\n dateInput.addEventListener('change', function() {\n var selectedDate = new Date(dateInput.value);\n var month = selectedDate.getMonth();\n\n \/\/ Check if the selected date is in December, January, or February\n if (month === 11 || month === 0 || month === 1) {\n dateInput.value = '';\n alert('Dates disponibles de Mar\u00e7 a Novembre.');\n }\n });\n });\n<\/script>\n<\/p><p style=\"display: none !important;\" class=\"akismet-fields-container\" data-prefix=\"_wpcf7_ak_\"><label>&#916;<textarea name=\"_wpcf7_ak_hp_textarea\" cols=\"45\" rows=\"8\" maxlength=\"100\"><\/textarea><\/label><input type=\"hidden\" id=\"ak_js_1\" name=\"_wpcf7_ak_js\" value=\"210\"\/><script>document.getElementById( \"ak_js_1\" ).setAttribute( \"value\", ( new Date() ).getTime() );<\/script><\/p><div class=\"wpcf7-response-output\" aria-hidden=\"true\"><\/div>\n<\/form>\n<\/div>\n[vc_custom_heading text=&#8221;Si ho prefereixes, ens pots trucar al +34 638 93 33 66&#8243; font_container=&#8221;tag:h2|font_size:12|text_align:left&#8221; google_fonts=&#8221;font_family:Exo%3A100%2C100italic%2C200%2C200italic%2C300%2C300italic%2Cregular%2Citalic%2C500%2C500italic%2C600%2C600italic%2C700%2C700italic%2C800%2C800italic%2C900%2C900italic|font_style:400%20regular%3A400%3Anormal&#8221;][\/vc_column_inner][\/vc_row_inner]<hr class=\"vertical-space4\"><hr class=\"vertical-space4\">[\/vc_column][\/vc_row]<\/p>\n","protected":false},"excerpt":{"rendered":"<p>[vc_row row_type=&#8221;2&#8243; blox_image=&#8221;12968&#8243; blox_bg_attachment=&#8221;true&#8221; align_center=&#8221;aligncenter&#8221; blox_dark=&#8221;true&#8221;][vc_column][\/vc_column][\/vc_row][vc_row][vc_column][vc_row_inner][vc_column_inner width=&#8221;1\/2&#8243;][vc_column_text] El Mar Mediterrani i el Far de Calella fan del nostre espai, l\u2019indret perfecte per gaudir del dia del vostre casament. M\u00e9s de 30 anys d\u2019experi\u00e8ncia organitzant casaments i banquets ens avalen per con\u00e8ixer la veritable import\u00e0ncia d\u2019aquest dia. Es per aix\u00f2, que des del Bahari Club posem a la vostra disposici\u00f3 tot all\u00f2 que desitgeu. [\/vc_column_text][vc_btn title=&#8221;Demana un pressupost&#8221; style=&#8221;custom&#8221; custom_background=&#8221;#afa59d&#8221; custom_text=&#8221;#ffffff&#8221; link=&#8221;url:https%3A%2F%2Fwww.bahariclub.com%2Fca%2Fcasament%2F%23formulario|title:M%C3%89S%20INFORMACI%C3%93|&#8221;][\/vc_column_inner][vc_column_inner width=&#8221;1\/2&#8243;][vc_gallery interval=&#8221;3&#8243; images=&#8221;15062,15054,15150,15134,15090,15066&#8243; img_size=&#8221;full&#8221;][\/vc_column_inner][\/vc_row_inner][\/vc_column][\/vc_row][vc_row row_type=&#8221;2&#8243; blox_image=&#8221;10566&#8243; blox_bg_attachment=&#8221;true&#8221; align_center=&#8221;aligncenter&#8221; blox_dark=&#8221;true&#8221;][vc_column][\/vc_column][\/vc_row][vc_row][vc_column][vc_row_inner][vc_column_inner width=&#8221;1\/2&#8243;][vc_gallery interval=&#8221;3&#8243; images=&#8221;15138,15082,15074,15130,15161,15114&#8243; img_size=&#8221;full&#8221;][\/vc_column_inner][vc_column_inner width=&#8221;1\/2&#8243;][vc_column_text] Sabem que si heu arribat fins aqu\u00ed \u00e9s perqu\u00e8 el mar \u00e9s el vostre escenari preferit per donar el si, vull, i \u00e9s per aix\u00f2 que oferim tres opcions en diferents espais per a celebrar la cerim\u00f2nia civil a Calella: A la nostra terrassa, a la sorra, o b\u00e9 en algun lloc emblem\u00e0tic de la zona, com per exemple, el Far de Calella. [\/vc_column_text][vc_btn title=&#8221;Descobreix les opcions&#8221; style=&#8221;custom&#8221; custom_background=&#8221;#afa59d&#8221; custom_text=&#8221;#ffffff&#8221; link=&#8221;url:https%3A%2F%2Fwww.bahariclub.com%2Fca%2Fcasament%2F%23formulario|title:M%C3%89S%20INFORMACI%C3%93|&#8221;][\/vc_column_inner][\/vc_row_inner][\/vc_column][\/vc_row][vc_row row_type=&#8221;2&#8243; blox_image=&#8221;15162&#8243; blox_bg_attachment=&#8221;true&#8221; align_center=&#8221;aligncenter&#8221; blox_dark=&#8221;true&#8221;][vc_column][\/vc_column][\/vc_row][vc_row][vc_column][vc_row_inner][vc_column_inner width=&#8221;1\/2&#8243;][vc_column_text] Comptem amb una cuina pr\u00f2pia, i oferim dos tipus de banquet: El Classic i el Finger Food, per a que pogueu escollir quin \u00e9s el convit que m\u00e9s us encaixa per el gran dia. Sens dubte, sigui quina sigui la vostra elecci\u00f3, triunfareu gr\u00e0cies a la nostra selecci\u00f3 gastron\u00f2mica. Tamb\u00e9 oferim diferents tipus de buffet per acompanyar el banquet, i millorar l\u2019experi\u00e8ncia.[\/vc_column_text][vc_btn title=&#8221;Pregunta&#8217;ns per ells&#8221; style=&#8221;custom&#8221; custom_background=&#8221;#afa59d&#8221; custom_text=&#8221;#ffffff&#8221; link=&#8221;url:https%3A%2F%2Fwww.bahariclub.com%2Fca%2Fcasament%2F%23formulario|title:M%C3%89S%20INFORMACI%C3%93|&#8221;][\/vc_column_inner][vc_column_inner width=&#8221;1\/2&#8243;][vc_gallery interval=&#8221;3&#8243; images=&#8221;15185,15205,15142,15058,15218,15230&#8243; img_size=&#8221;full&#8221;][\/vc_column_inner][\/vc_row_inner][\/vc_column][\/vc_row][vc_row row_type=&#8221;2&#8243; blox_image=&#8221;15169&#8243; blox_bg_attachment=&#8221;true&#8221;][vc_column][\/vc_column][\/vc_row][vc_row][vc_column][vc_row_inner][vc_column_inner width=&#8221;1\/2&#8243;][vc_gallery interval=&#8221;3&#8243; images=&#8221;15126,15046,15214,15181,15222,15234&#8243; img_size=&#8221;full&#8221;][\/vc_column_inner][vc_column_inner width=&#8221;1\/2&#8243;][vc_column_text] Cuidem fins el m\u00e9s m\u00ednim detall de cada casament celebrat al Bahari Club, i \u00e9s per aquest motiu que comptem amb els millor professionals del sector, amb anys d\u2019experi\u00e8ncia en esdeveniments que els avalen. Les flors, el DJ, l\u2019animaci\u00f3&#8230; Us assessorarem en tot el necessari per a que no tingueu que preocupar-vos per res. [\/vc_column_text][vc_btn title=&#8221;Si, vull!&#8221;&#8230; <\/p>\n<p><a class=\"readmore\" href=\"https:\/\/www.bahariclub.com\/ca\/casament\/\">Continue Reading<\/a><\/p>\n","protected":false},"author":3,"featured_media":0,"parent":0,"menu_order":0,"comment_status":"closed","ping_status":"closed","template":"","meta":{"footnotes":""},"class_list":["post-15276","page","type-page","status-publish","hentry"],"yoast_head":"<!-- This site is optimized with the Yoast SEO plugin v27.4 - https:\/\/yoast.com\/product\/yoast-seo-wordpress\/ -->\n<title>Celebra el teu casament a la platja | Bahari Club \u2600 Calella<\/title>\n<meta name=\"description\" content=\"T&#039;agradaria celebrar el teu casament a la platja de Calella, davant del mar Mediterrani i al costat del Far? Descobreix el Bahari Club \u2600\" \/>\n<meta name=\"robots\" content=\"index, follow, max-snippet:-1, max-image-preview:large, max-video-preview:-1\" \/>\n<link rel=\"canonical\" href=\"https:\/\/www.bahariclub.com\/boda\/\" \/>\n<meta property=\"og:locale\" content=\"ca_ES\" \/>\n<meta property=\"og:type\" content=\"article\" \/>\n<meta property=\"og:title\" content=\"Celebra el teu casament a la platja | Bahari Club \u2600 Calella\" \/>\n<meta property=\"og:description\" content=\"T&#039;agradaria celebrar el teu casament a la platja de Calella, davant del mar Mediterrani i al costat del Far? Descobreix el Bahari Club \u2600\" \/>\n<meta property=\"og:url\" content=\"https:\/\/www.bahariclub.com\/boda\/\" \/>\n<meta property=\"og:site_name\" content=\"Bahari Club\" \/>\n<meta property=\"article:modified_time\" content=\"2025-09-08T07:56:34+00:00\" \/>\n<meta name=\"twitter:card\" content=\"summary_large_image\" \/>\n<meta name=\"twitter:label1\" content=\"Temps estimat de lectura\" \/>\n\t<meta name=\"twitter:data1\" content=\"2 minuts\" \/>\n<script type=\"application\/ld+json\" class=\"yoast-schema-graph\">{\"@context\":\"https:\\\/\\\/schema.org\",\"@graph\":[{\"@type\":\"WebPage\",\"@id\":\"https:\\\/\\\/www.bahariclub.com\\\/boda\\\/\",\"url\":\"https:\\\/\\\/www.bahariclub.com\\\/boda\\\/\",\"name\":\"Celebra el teu casament a la platja | Bahari Club \u2600 Calella\",\"isPartOf\":{\"@id\":\"https:\\\/\\\/www.bahariclub.com\\\/en\\\/#website\"},\"datePublished\":\"2023-02-22T12:25:13+00:00\",\"dateModified\":\"2025-09-08T07:56:34+00:00\",\"description\":\"T'agradaria celebrar el teu casament a la platja de Calella, davant del mar Mediterrani i al costat del Far? Descobreix el Bahari Club \u2600\",\"breadcrumb\":{\"@id\":\"https:\\\/\\\/www.bahariclub.com\\\/boda\\\/#breadcrumb\"},\"inLanguage\":\"ca\",\"potentialAction\":[{\"@type\":\"ReadAction\",\"target\":[\"https:\\\/\\\/www.bahariclub.com\\\/boda\\\/\"]}]},{\"@type\":\"BreadcrumbList\",\"@id\":\"https:\\\/\\\/www.bahariclub.com\\\/boda\\\/#breadcrumb\",\"itemListElement\":[{\"@type\":\"ListItem\",\"position\":1,\"name\":\"Inici\",\"item\":\"https:\\\/\\\/www.bahariclub.com\\\/ca\\\/\"},{\"@type\":\"ListItem\",\"position\":2,\"name\":\"Casament\"}]},{\"@type\":\"WebSite\",\"@id\":\"https:\\\/\\\/www.bahariclub.com\\\/en\\\/#website\",\"url\":\"https:\\\/\\\/www.bahariclub.com\\\/en\\\/\",\"name\":\"Bahari Club\",\"description\":\"Restaurant a la platja de Calella\",\"potentialAction\":[{\"@type\":\"SearchAction\",\"target\":{\"@type\":\"EntryPoint\",\"urlTemplate\":\"https:\\\/\\\/www.bahariclub.com\\\/en\\\/?s={search_term_string}\"},\"query-input\":{\"@type\":\"PropertyValueSpecification\",\"valueRequired\":true,\"valueName\":\"search_term_string\"}}],\"inLanguage\":\"ca\"}]}<\/script>\n<!-- \/ Yoast SEO plugin. -->","yoast_head_json":{"title":"Celebra el teu casament a la platja | Bahari Club \u2600 Calella","description":"T'agradaria celebrar el teu casament a la platja de Calella, davant del mar Mediterrani i al costat del Far? Descobreix el Bahari Club \u2600","robots":{"index":"index","follow":"follow","max-snippet":"max-snippet:-1","max-image-preview":"max-image-preview:large","max-video-preview":"max-video-preview:-1"},"canonical":"https:\/\/www.bahariclub.com\/boda\/","og_locale":"ca_ES","og_type":"article","og_title":"Celebra el teu casament a la platja | Bahari Club \u2600 Calella","og_description":"T'agradaria celebrar el teu casament a la platja de Calella, davant del mar Mediterrani i al costat del Far? Descobreix el Bahari Club \u2600","og_url":"https:\/\/www.bahariclub.com\/boda\/","og_site_name":"Bahari Club","article_modified_time":"2025-09-08T07:56:34+00:00","twitter_card":"summary_large_image","twitter_misc":{"Temps estimat de lectura":"2 minuts"},"schema":{"@context":"https:\/\/schema.org","@graph":[{"@type":"WebPage","@id":"https:\/\/www.bahariclub.com\/boda\/","url":"https:\/\/www.bahariclub.com\/boda\/","name":"Celebra el teu casament a la platja | Bahari Club \u2600 Calella","isPartOf":{"@id":"https:\/\/www.bahariclub.com\/en\/#website"},"datePublished":"2023-02-22T12:25:13+00:00","dateModified":"2025-09-08T07:56:34+00:00","description":"T'agradaria celebrar el teu casament a la platja de Calella, davant del mar Mediterrani i al costat del Far? Descobreix el Bahari Club \u2600","breadcrumb":{"@id":"https:\/\/www.bahariclub.com\/boda\/#breadcrumb"},"inLanguage":"ca","potentialAction":[{"@type":"ReadAction","target":["https:\/\/www.bahariclub.com\/boda\/"]}]},{"@type":"BreadcrumbList","@id":"https:\/\/www.bahariclub.com\/boda\/#breadcrumb","itemListElement":[{"@type":"ListItem","position":1,"name":"Inici","item":"https:\/\/www.bahariclub.com\/ca\/"},{"@type":"ListItem","position":2,"name":"Casament"}]},{"@type":"WebSite","@id":"https:\/\/www.bahariclub.com\/en\/#website","url":"https:\/\/www.bahariclub.com\/en\/","name":"Bahari Club","description":"Restaurant a la platja de Calella","potentialAction":[{"@type":"SearchAction","target":{"@type":"EntryPoint","urlTemplate":"https:\/\/www.bahariclub.com\/en\/?s={search_term_string}"},"query-input":{"@type":"PropertyValueSpecification","valueRequired":true,"valueName":"search_term_string"}}],"inLanguage":"ca"}]}},"_links":{"self":[{"href":"https:\/\/www.bahariclub.com\/ca\/wp-json\/wp\/v2\/pages\/15276","targetHints":{"allow":["GET"]}}],"collection":[{"href":"https:\/\/www.bahariclub.com\/ca\/wp-json\/wp\/v2\/pages"}],"about":[{"href":"https:\/\/www.bahariclub.com\/ca\/wp-json\/wp\/v2\/types\/page"}],"author":[{"embeddable":true,"href":"https:\/\/www.bahariclub.com\/ca\/wp-json\/wp\/v2\/users\/3"}],"replies":[{"embeddable":true,"href":"https:\/\/www.bahariclub.com\/ca\/wp-json\/wp\/v2\/comments?post=15276"}],"version-history":[{"count":11,"href":"https:\/\/www.bahariclub.com\/ca\/wp-json\/wp\/v2\/pages\/15276\/revisions"}],"predecessor-version":[{"id":16361,"href":"https:\/\/www.bahariclub.com\/ca\/wp-json\/wp\/v2\/pages\/15276\/revisions\/16361"}],"wp:attachment":[{"href":"https:\/\/www.bahariclub.com\/ca\/wp-json\/wp\/v2\/media?parent=15276"}],"curies":[{"name":"wp","href":"https:\/\/api.w.org\/{rel}","templated":true}]}}