{"id":11559,"date":"2018-08-01T11:57:27","date_gmt":"2018-08-01T09:57:27","guid":{"rendered":"https:\/\/www.bahariclub.com\/?page_id=11559"},"modified":"2026-02-09T16:47:45","modified_gmt":"2026-02-09T14:47:45","slug":"politica-de-privacitat","status":"publish","type":"page","link":"https:\/\/www.bahariclub.com\/ca\/politica-de-privacitat\/","title":{"rendered":"POL\u00cdTICA DE PRIVACITAT"},"content":{"rendered":"<p>[vc_row][vc_column][vc_column_text]De conformitat amb el Reglament (UE) 2016\/679, aix\u00ed com amb la Llei Org\u00e0nica 3\/2018, de 5 de desembre, de Protecci\u00f3 de Dades Personals i garantia dels drets digitals (LOPDGDD), com a Responsable del Tractament de les dades personals proporcionades, li facilitem la seg\u00fcent informaci\u00f3:<\/p>\n<p><strong>Responsable del Tractament:<\/strong><br \/>\nRa\u00f3 Social: VALOM, S.L.<br \/>\nNIF: B08815904<br \/>\nAdre\u00e7a: Avinguda del Turisme, 42-44, 08370 Calella (Barcelona)<br \/>\nCorreu electr\u00f2nic: <a href=\"mailto:rgpd@hotelbernat.com\">rgpd@hotelbernat.com<\/a><\/p>\n<p><strong>Finalitat i legitimaci\u00f3:<\/strong><br \/>\nTractem les dades personals per a:<\/p>\n<ul>\n<li>Fer el check-in de l&#8217;estada a l&#8217;hotel.<\/li>\n<li>Aplicar descomptes en futures reserves.<\/li>\n<li>Sol\u00b7licitar enquestes de satisfacci\u00f3.<\/li>\n<\/ul>\n<p><strong>Conservaci\u00f3 de les dades:<\/strong><br \/>\nLes dades es conservaran mentre siguin necess\u00e0ries per a les finalitats recollides, excepte obligaci\u00f3 legal.<br \/>\nLes dades de correu electr\u00f2nic es conservaran mentre l\u2019usuari no revoqui el seu consentiment o en sol\u00b7liciti la supressi\u00f3.<\/p>\n<p><strong>Destinataris:<\/strong><br \/>\nLes dades es podran cedir a:<\/p>\n<ul>\n<li>Forces de seguretat, en compliment de la Llei Org\u00e0nica 4\/2015.<\/li>\n<li>Empreses col\u00b7laboradores, amb consentiment expr\u00e9s o obligaci\u00f3 legal.<\/li>\n<\/ul>\n<p><strong>Transfer\u00e8ncies internacionals:<\/strong><br \/>\nNo es realitzen transfer\u00e8ncies de dades a pa\u00efsos fora de la UE.<\/p>\n<p><strong>Mesures de seguretat:<\/strong><br \/>\nVALOM, S.L. aplica mesures t\u00e8cniques i organitzatives per garantir la seguretat de les dades personals i evitar-ne l&#8217;acc\u00e9s no autoritzat, la p\u00e8rdua o alteraci\u00f3.<\/p>\n<p><strong>Drets de l\u2019interessat:<\/strong><\/p>\n<ul>\n<li>Accedir, rectificar i suprimir les seves dades.<\/li>\n<li>Limitar o oposar-se al tractament.<\/li>\n<li>Sol\u00b7licitar la portabilitat.<\/li>\n<li>Retirar el consentiment en qualsevol moment.<\/li>\n<\/ul>\n<p>Exercici de drets:<br \/>\nAdre\u00e7a postal: Avinguda del Turisme, 42-44, 08370 Calella (Barcelona)<br \/>\nCorreu electr\u00f2nic: <a href=\"mailto:rgpd@hotelbernat.com\">rgpd@hotelbernat.com<\/a><\/p>\n<p>Reclamaci\u00f3: <a href=\"https:\/\/url.avanan.click\/v2\/r02\/___http:\/www.sedeagpd.gob.es___.YXAxZTp0YXJpbmFzMTphOm86NGZjMDFlZjAwY2Y3MmNmNzJlMTZiMjYyOGIwMDJhYjI6Nzo1ZmY3OjhiZDJmOTQzZDVmZmFmZmRhOGFhYmJjYzRiM2VjM2FiNjhmYWVhNjI2M2ZhNDZkNDViZDUzNmI2NWFkYjNkMmY6cDpUOkY\">www.sedeagpd.gob.es<\/a> o C\/ Jorge Juan, 6, 28001 Madrid.<\/p>\n<p><strong>Informaci\u00f3 addicional:<\/strong> <a href=\"https:\/\/url.avanan.click\/v2\/r02\/___http:\/www.hotelbernatcalella.com___.YXAxZTp0YXJpbmFzMTphOm86NGZjMDFlZjAwY2Y3MmNmNzJlMTZiMjYyOGIwMDJhYjI6NzplZDQ5OmUyMjg2OWQxMTQ3YTQ3MDA2NzUxNjk2MGIxMjRlNjY0OTcyYzVjMmJmZWMyM2E4MzE3ZTY2OGYyMmNiYTBmMDc6cDpUOkY\">https:\/\/www.bahariclub.com\/<\/a><\/p>\n<p><strong>CONDICIONS DE PARKING<\/strong><\/p>\n<p>L\u2019hotel no es fa responsable dels danys materials als vehicles, accessoris o objectes personals dins del vehicle, derivats de robatori, intent de robatori o actes vand\u00e0lics.<\/p>\n<p><strong>CONDICIONS CAIXA DE SEGURETAT<\/strong><\/p>\n<p>L\u2019hotel nom\u00e9s respon pels diners en efectiu, joies o objectes de valor dipositats a les caixes de seguretat de l\u2019habitaci\u00f3, amb un m\u00e0xim de 1.500 EUR.[\/vc_column_text][\/vc_column][\/vc_row]<\/p>\n","protected":false},"excerpt":{"rendered":"<p>[vc_row][vc_column][vc_column_text]De conformitat amb el Reglament (UE) 2016\/679, aix\u00ed com amb la Llei Org\u00e0nica 3\/2018, de 5 de desembre, de Protecci\u00f3 de Dades Personals i garantia dels drets digitals (LOPDGDD), com a Responsable del Tractament de les dades personals proporcionades, li facilitem la seg\u00fcent informaci\u00f3: Responsable del Tractament: Ra\u00f3 Social: VALOM, S.L. NIF: B08815904 Adre\u00e7a: Avinguda del Turisme, 42-44, 08370 Calella (Barcelona) Correu electr\u00f2nic: rgpd@hotelbernat.com Finalitat i legitimaci\u00f3: Tractem les dades personals per a: Fer el check-in de l&#8217;estada a l&#8217;hotel. Aplicar descomptes en futures reserves. Sol\u00b7licitar enquestes de satisfacci\u00f3. Conservaci\u00f3 de les dades: Les dades es conservaran mentre siguin necess\u00e0ries per a les finalitats recollides, excepte obligaci\u00f3 legal. Les dades de correu electr\u00f2nic es conservaran mentre l\u2019usuari no revoqui el seu consentiment o en sol\u00b7liciti la supressi\u00f3. Destinataris: Les dades es podran cedir a: Forces de seguretat, en compliment de la Llei Org\u00e0nica 4\/2015. Empreses col\u00b7laboradores, amb consentiment expr\u00e9s o obligaci\u00f3 legal. Transfer\u00e8ncies internacionals: No es realitzen transfer\u00e8ncies de dades a pa\u00efsos fora de la UE. Mesures de seguretat: VALOM, S.L. aplica mesures t\u00e8cniques i organitzatives per garantir la seguretat de les dades personals i evitar-ne l&#8217;acc\u00e9s no autoritzat, la p\u00e8rdua o alteraci\u00f3. Drets de l\u2019interessat: Accedir, rectificar i suprimir les seves dades. Limitar o oposar-se al tractament. Sol\u00b7licitar la portabilitat. Retirar el consentiment en qualsevol moment. Exercici de drets: Adre\u00e7a postal: Avinguda del Turisme, 42-44, 08370 Calella (Barcelona) Correu electr\u00f2nic: rgpd@hotelbernat.com Reclamaci\u00f3: www.sedeagpd.gob.es o C\/ Jorge Juan, 6, 28001 Madrid. Informaci\u00f3 addicional: https:\/\/www.bahariclub.com\/ CONDICIONS DE PARKING L\u2019hotel no es fa responsable dels danys materials als vehicles, accessoris o objectes personals dins del vehicle, derivats de robatori, intent de robatori o actes vand\u00e0lics. CONDICIONS CAIXA DE SEGURETAT L\u2019hotel nom\u00e9s respon pels diners en efectiu, joies o objectes de valor dipositats a les caixes de seguretat de l\u2019habitaci\u00f3, amb un m\u00e0xim&#8230; <\/p>\n<p><a class=\"readmore\" href=\"https:\/\/www.bahariclub.com\/ca\/politica-de-privacitat\/\">Continue Reading<\/a><\/p>\n","protected":false},"author":3,"featured_media":0,"parent":0,"menu_order":0,"comment_status":"closed","ping_status":"closed","template":"","meta":{"footnotes":""},"class_list":["post-11559","page","type-page","status-publish","hentry"],"yoast_head":"<!-- This site is optimized with the Yoast SEO plugin v26.9 - https:\/\/yoast.com\/product\/yoast-seo-wordpress\/ -->\n<title>POL\u00cdTICA DE PRIVACITAT - Bahari Club<\/title>\n<meta name=\"robots\" content=\"noindex, nofollow\" \/>\n<meta property=\"og:locale\" content=\"ca_ES\" \/>\n<meta property=\"og:type\" content=\"article\" \/>\n<meta property=\"og:title\" content=\"POL\u00cdTICA DE PRIVACITAT - Bahari Club\" \/>\n<meta property=\"og:description\" content=\"[vc_row][vc_column][vc_column_text]De conformitat amb el Reglament (UE) 2016\/679, aix\u00ed com amb la Llei Org\u00e0nica 3\/2018, de 5 de desembre, de Protecci\u00f3 de Dades Personals i garantia dels drets digitals (LOPDGDD), com a Responsable del Tractament de les dades personals proporcionades, li facilitem la seg\u00fcent informaci\u00f3: Responsable del Tractament: Ra\u00f3 Social: VALOM, S.L. NIF: B08815904 Adre\u00e7a: Avinguda del Turisme, 42-44, 08370 Calella (Barcelona) Correu electr\u00f2nic: rgpd@hotelbernat.com Finalitat i legitimaci\u00f3: Tractem les dades personals per a: Fer el check-in de l&#8217;estada a l&#8217;hotel. Aplicar descomptes en futures reserves. Sol\u00b7licitar enquestes de satisfacci\u00f3. Conservaci\u00f3 de les dades: Les dades es conservaran mentre siguin necess\u00e0ries per a les finalitats recollides, excepte obligaci\u00f3 legal. Les dades de correu electr\u00f2nic es conservaran mentre l\u2019usuari no revoqui el seu consentiment o en sol\u00b7liciti la supressi\u00f3. Destinataris: Les dades es podran cedir a: Forces de seguretat, en compliment de la Llei Org\u00e0nica 4\/2015. Empreses col\u00b7laboradores, amb consentiment expr\u00e9s o obligaci\u00f3 legal. Transfer\u00e8ncies internacionals: No es realitzen transfer\u00e8ncies de dades a pa\u00efsos fora de la UE. Mesures de seguretat: VALOM, S.L. aplica mesures t\u00e8cniques i organitzatives per garantir la seguretat de les dades personals i evitar-ne l&#8217;acc\u00e9s no autoritzat, la p\u00e8rdua o alteraci\u00f3. Drets de l\u2019interessat: Accedir, rectificar i suprimir les seves dades. Limitar o oposar-se al tractament. Sol\u00b7licitar la portabilitat. Retirar el consentiment en qualsevol moment. Exercici de drets: Adre\u00e7a postal: Avinguda del Turisme, 42-44, 08370 Calella (Barcelona) Correu electr\u00f2nic: rgpd@hotelbernat.com Reclamaci\u00f3: www.sedeagpd.gob.es o C\/ Jorge Juan, 6, 28001 Madrid. Informaci\u00f3 addicional: https:\/\/www.bahariclub.com\/ CONDICIONS DE PARKING L\u2019hotel no es fa responsable dels danys materials als vehicles, accessoris o objectes personals dins del vehicle, derivats de robatori, intent de robatori o actes vand\u00e0lics. CONDICIONS CAIXA DE SEGURETAT L\u2019hotel nom\u00e9s respon pels diners en efectiu, joies o objectes de valor dipositats a les caixes de seguretat de l\u2019habitaci\u00f3, amb un m\u00e0xim... Continue Reading\" \/>\n<meta property=\"og:url\" content=\"https:\/\/www.bahariclub.com\/ca\/politica-de-privacitat\/\" \/>\n<meta property=\"og:site_name\" content=\"Bahari Club\" \/>\n<meta property=\"article:modified_time\" content=\"2026-02-09T14:47:45+00:00\" \/>\n<meta name=\"twitter:card\" content=\"summary_large_image\" \/>\n<meta name=\"twitter:label1\" content=\"Temps estimat de lectura\" \/>\n\t<meta name=\"twitter:data1\" content=\"3 minuts\" \/>\n<script type=\"application\/ld+json\" class=\"yoast-schema-graph\">{\"@context\":\"https:\/\/schema.org\",\"@graph\":[{\"@type\":\"WebPage\",\"@id\":\"https:\/\/www.bahariclub.com\/ca\/politica-de-privacitat\/\",\"url\":\"https:\/\/www.bahariclub.com\/ca\/politica-de-privacitat\/\",\"name\":\"POL\u00cdTICA DE PRIVACITAT - Bahari Club\",\"isPartOf\":{\"@id\":\"https:\/\/www.bahariclub.com\/en\/#website\"},\"datePublished\":\"2018-08-01T09:57:27+00:00\",\"dateModified\":\"2026-02-09T14:47:45+00:00\",\"breadcrumb\":{\"@id\":\"https:\/\/www.bahariclub.com\/ca\/politica-de-privacitat\/#breadcrumb\"},\"inLanguage\":\"ca\",\"potentialAction\":[{\"@type\":\"ReadAction\",\"target\":[\"https:\/\/www.bahariclub.com\/ca\/politica-de-privacitat\/\"]}]},{\"@type\":\"BreadcrumbList\",\"@id\":\"https:\/\/www.bahariclub.com\/ca\/politica-de-privacitat\/#breadcrumb\",\"itemListElement\":[{\"@type\":\"ListItem\",\"position\":1,\"name\":\"Inici\",\"item\":\"https:\/\/www.bahariclub.com\/ca\/\"},{\"@type\":\"ListItem\",\"position\":2,\"name\":\"POL\u00cdTICA DE PRIVACITAT\"}]},{\"@type\":\"WebSite\",\"@id\":\"https:\/\/www.bahariclub.com\/en\/#website\",\"url\":\"https:\/\/www.bahariclub.com\/en\/\",\"name\":\"Bahari Club\",\"description\":\"Restaurant a la platja de Calella\",\"potentialAction\":[{\"@type\":\"SearchAction\",\"target\":{\"@type\":\"EntryPoint\",\"urlTemplate\":\"https:\/\/www.bahariclub.com\/en\/?s={search_term_string}\"},\"query-input\":{\"@type\":\"PropertyValueSpecification\",\"valueRequired\":true,\"valueName\":\"search_term_string\"}}],\"inLanguage\":\"ca\"}]}<\/script>\n<!-- \/ Yoast SEO plugin. -->","yoast_head_json":{"title":"POL\u00cdTICA DE PRIVACITAT - Bahari Club","robots":{"index":"noindex","follow":"nofollow"},"og_locale":"ca_ES","og_type":"article","og_title":"POL\u00cdTICA DE PRIVACITAT - Bahari Club","og_description":"[vc_row][vc_column][vc_column_text]De conformitat amb el Reglament (UE) 2016\/679, aix\u00ed com amb la Llei Org\u00e0nica 3\/2018, de 5 de desembre, de Protecci\u00f3 de Dades Personals i garantia dels drets digitals (LOPDGDD), com a Responsable del Tractament de les dades personals proporcionades, li facilitem la seg\u00fcent informaci\u00f3: Responsable del Tractament: Ra\u00f3 Social: VALOM, S.L. NIF: B08815904 Adre\u00e7a: Avinguda del Turisme, 42-44, 08370 Calella (Barcelona) Correu electr\u00f2nic: rgpd@hotelbernat.com Finalitat i legitimaci\u00f3: Tractem les dades personals per a: Fer el check-in de l&#8217;estada a l&#8217;hotel. Aplicar descomptes en futures reserves. Sol\u00b7licitar enquestes de satisfacci\u00f3. Conservaci\u00f3 de les dades: Les dades es conservaran mentre siguin necess\u00e0ries per a les finalitats recollides, excepte obligaci\u00f3 legal. Les dades de correu electr\u00f2nic es conservaran mentre l\u2019usuari no revoqui el seu consentiment o en sol\u00b7liciti la supressi\u00f3. Destinataris: Les dades es podran cedir a: Forces de seguretat, en compliment de la Llei Org\u00e0nica 4\/2015. Empreses col\u00b7laboradores, amb consentiment expr\u00e9s o obligaci\u00f3 legal. Transfer\u00e8ncies internacionals: No es realitzen transfer\u00e8ncies de dades a pa\u00efsos fora de la UE. Mesures de seguretat: VALOM, S.L. aplica mesures t\u00e8cniques i organitzatives per garantir la seguretat de les dades personals i evitar-ne l&#8217;acc\u00e9s no autoritzat, la p\u00e8rdua o alteraci\u00f3. Drets de l\u2019interessat: Accedir, rectificar i suprimir les seves dades. Limitar o oposar-se al tractament. Sol\u00b7licitar la portabilitat. Retirar el consentiment en qualsevol moment. Exercici de drets: Adre\u00e7a postal: Avinguda del Turisme, 42-44, 08370 Calella (Barcelona) Correu electr\u00f2nic: rgpd@hotelbernat.com Reclamaci\u00f3: www.sedeagpd.gob.es o C\/ Jorge Juan, 6, 28001 Madrid. Informaci\u00f3 addicional: https:\/\/www.bahariclub.com\/ CONDICIONS DE PARKING L\u2019hotel no es fa responsable dels danys materials als vehicles, accessoris o objectes personals dins del vehicle, derivats de robatori, intent de robatori o actes vand\u00e0lics. CONDICIONS CAIXA DE SEGURETAT L\u2019hotel nom\u00e9s respon pels diners en efectiu, joies o objectes de valor dipositats a les caixes de seguretat de l\u2019habitaci\u00f3, amb un m\u00e0xim... Continue Reading","og_url":"https:\/\/www.bahariclub.com\/ca\/politica-de-privacitat\/","og_site_name":"Bahari Club","article_modified_time":"2026-02-09T14:47:45+00:00","twitter_card":"summary_large_image","twitter_misc":{"Temps estimat de lectura":"3 minuts"},"schema":{"@context":"https:\/\/schema.org","@graph":[{"@type":"WebPage","@id":"https:\/\/www.bahariclub.com\/ca\/politica-de-privacitat\/","url":"https:\/\/www.bahariclub.com\/ca\/politica-de-privacitat\/","name":"POL\u00cdTICA DE PRIVACITAT - Bahari Club","isPartOf":{"@id":"https:\/\/www.bahariclub.com\/en\/#website"},"datePublished":"2018-08-01T09:57:27+00:00","dateModified":"2026-02-09T14:47:45+00:00","breadcrumb":{"@id":"https:\/\/www.bahariclub.com\/ca\/politica-de-privacitat\/#breadcrumb"},"inLanguage":"ca","potentialAction":[{"@type":"ReadAction","target":["https:\/\/www.bahariclub.com\/ca\/politica-de-privacitat\/"]}]},{"@type":"BreadcrumbList","@id":"https:\/\/www.bahariclub.com\/ca\/politica-de-privacitat\/#breadcrumb","itemListElement":[{"@type":"ListItem","position":1,"name":"Inici","item":"https:\/\/www.bahariclub.com\/ca\/"},{"@type":"ListItem","position":2,"name":"POL\u00cdTICA DE PRIVACITAT"}]},{"@type":"WebSite","@id":"https:\/\/www.bahariclub.com\/en\/#website","url":"https:\/\/www.bahariclub.com\/en\/","name":"Bahari Club","description":"Restaurant a la platja de Calella","potentialAction":[{"@type":"SearchAction","target":{"@type":"EntryPoint","urlTemplate":"https:\/\/www.bahariclub.com\/en\/?s={search_term_string}"},"query-input":{"@type":"PropertyValueSpecification","valueRequired":true,"valueName":"search_term_string"}}],"inLanguage":"ca"}]}},"_links":{"self":[{"href":"https:\/\/www.bahariclub.com\/ca\/wp-json\/wp\/v2\/pages\/11559","targetHints":{"allow":["GET"]}}],"collection":[{"href":"https:\/\/www.bahariclub.com\/ca\/wp-json\/wp\/v2\/pages"}],"about":[{"href":"https:\/\/www.bahariclub.com\/ca\/wp-json\/wp\/v2\/types\/page"}],"author":[{"embeddable":true,"href":"https:\/\/www.bahariclub.com\/ca\/wp-json\/wp\/v2\/users\/3"}],"replies":[{"embeddable":true,"href":"https:\/\/www.bahariclub.com\/ca\/wp-json\/wp\/v2\/comments?post=11559"}],"version-history":[{"count":1,"href":"https:\/\/www.bahariclub.com\/ca\/wp-json\/wp\/v2\/pages\/11559\/revisions"}],"predecessor-version":[{"id":16395,"href":"https:\/\/www.bahariclub.com\/ca\/wp-json\/wp\/v2\/pages\/11559\/revisions\/16395"}],"wp:attachment":[{"href":"https:\/\/www.bahariclub.com\/ca\/wp-json\/wp\/v2\/media?parent=11559"}],"curies":[{"name":"wp","href":"https:\/\/api.w.org\/{rel}","templated":true}]}}