{"id":11169,"date":"2018-02-23T14:40:12","date_gmt":"2018-02-23T12:40:12","guid":{"rendered":"http:\/\/bahariclub.com\/?page_id=11169"},"modified":"2018-05-16T15:19:42","modified_gmt":"2018-05-16T13:19:42","slug":"feina","status":"publish","type":"page","link":"https:\/\/www.bahariclub.com\/ca\/feina\/","title":{"rendered":"TREBALLA AMB NOSALTRES!"},"content":{"rendered":"<p>[vc_row][vc_column][vc_row_inner][vc_column_inner width=&#8221;1\/2&#8243;][vc_column_text]<\/p>\n<h4><strong>T&#8217;agradaria treballar\u00a0amb nosaltres?\u00a0<\/strong><\/h4>\n<p>Envia&#8217;ns un correu electr\u00f2nic presentant-te i adjunta-hi el teu Curr\u00edculum.<\/p>\n<p>Ja siguis cambrer\/a, ajudant de cuina, chef, etc, ens interesses!<\/p>\n<p>La nostra adre\u00e7a \u00e9s <a href=\"mailto:info@bahariclub.com\">info@bahariclub.com<\/a>.<\/p>\n<p>Moltes gr\u00e0cies![\/vc_column_text][\/vc_column_inner][vc_column_inner width=&#8221;1\/2&#8243;][vc_single_image image=&#8221;11032&#8243; img_size=&#8221;full&#8221;][\/vc_column_inner][\/vc_row_inner][\/vc_column][\/vc_row]<\/p>\n","protected":false},"excerpt":{"rendered":"<p>[vc_row][vc_column][vc_row_inner][vc_column_inner width=&#8221;1\/2&#8243;][vc_column_text] T&#8217;agradaria treballar\u00a0amb nosaltres?\u00a0 Envia&#8217;ns un correu electr\u00f2nic presentant-te i adjunta-hi el teu Curr\u00edculum. Ja siguis cambrer\/a, ajudant de cuina, chef, etc, ens interesses! La nostra adre\u00e7a \u00e9s info@bahariclub.com. Moltes gr\u00e0cies![\/vc_column_text][\/vc_column_inner][vc_column_inner width=&#8221;1\/2&#8243;][vc_single_image image=&#8221;11032&#8243; img_size=&#8221;full&#8221;][\/vc_column_inner][\/vc_row_inner][\/vc_column][\/vc_row]<\/p>\n","protected":false},"author":3,"featured_media":0,"parent":0,"menu_order":0,"comment_status":"closed","ping_status":"closed","template":"","meta":{"footnotes":""},"class_list":["post-11169","page","type-page","status-publish","hentry"],"yoast_head":"<!-- This site is optimized with the Yoast SEO plugin v27.4 - https:\/\/yoast.com\/product\/yoast-seo-wordpress\/ -->\n<title>Treballa amb nosaltres! | Bahari Club a la platja de Calella<\/title>\n<meta name=\"description\" content=\"Busques feina? Envia\u2019ns un correu electr\u00f2nic presentant-te i adjunta-hi el teu Curr\u00edculum. Ja siguis cambrer\/a, ajudant de cuina, chef, etc. Ens interesses!\" \/>\n<meta name=\"robots\" content=\"index, follow, max-snippet:-1, max-image-preview:large, max-video-preview:-1\" \/>\n<link rel=\"canonical\" href=\"https:\/\/www.bahariclub.com\/feina\/\" \/>\n<meta property=\"og:locale\" content=\"ca_ES\" \/>\n<meta property=\"og:type\" content=\"article\" \/>\n<meta property=\"og:title\" content=\"Treballa amb nosaltres! | Bahari Club a la platja de Calella\" \/>\n<meta property=\"og:description\" content=\"Busques feina? Envia\u2019ns un correu electr\u00f2nic presentant-te i adjunta-hi el teu Curr\u00edculum. Ja siguis cambrer\/a, ajudant de cuina, chef, etc. Ens interesses!\" \/>\n<meta property=\"og:url\" content=\"https:\/\/www.bahariclub.com\/feina\/\" \/>\n<meta property=\"og:site_name\" content=\"Bahari Club\" \/>\n<meta property=\"article:modified_time\" content=\"2018-05-16T13:19:42+00:00\" \/>\n<meta name=\"twitter:card\" content=\"summary_large_image\" \/>\n<script type=\"application\/ld+json\" class=\"yoast-schema-graph\">{\"@context\":\"https:\\\/\\\/schema.org\",\"@graph\":[{\"@type\":\"WebPage\",\"@id\":\"https:\\\/\\\/www.bahariclub.com\\\/feina\\\/\",\"url\":\"https:\\\/\\\/www.bahariclub.com\\\/feina\\\/\",\"name\":\"Treballa amb nosaltres! | Bahari Club a la platja de Calella\",\"isPartOf\":{\"@id\":\"https:\\\/\\\/www.bahariclub.com\\\/en\\\/#website\"},\"datePublished\":\"2018-02-23T12:40:12+00:00\",\"dateModified\":\"2018-05-16T13:19:42+00:00\",\"description\":\"Busques feina? Envia\u2019ns un correu electr\u00f2nic presentant-te i adjunta-hi el teu Curr\u00edculum. Ja siguis cambrer\\\/a, ajudant de cuina, chef, etc. Ens interesses!\",\"breadcrumb\":{\"@id\":\"https:\\\/\\\/www.bahariclub.com\\\/feina\\\/#breadcrumb\"},\"inLanguage\":\"ca\",\"potentialAction\":[{\"@type\":\"ReadAction\",\"target\":[\"https:\\\/\\\/www.bahariclub.com\\\/feina\\\/\"]}]},{\"@type\":\"BreadcrumbList\",\"@id\":\"https:\\\/\\\/www.bahariclub.com\\\/feina\\\/#breadcrumb\",\"itemListElement\":[{\"@type\":\"ListItem\",\"position\":1,\"name\":\"Inici\",\"item\":\"https:\\\/\\\/www.bahariclub.com\\\/ca\\\/\"},{\"@type\":\"ListItem\",\"position\":2,\"name\":\"TREBALLA AMB NOSALTRES!\"}]},{\"@type\":\"WebSite\",\"@id\":\"https:\\\/\\\/www.bahariclub.com\\\/en\\\/#website\",\"url\":\"https:\\\/\\\/www.bahariclub.com\\\/en\\\/\",\"name\":\"Bahari Club\",\"description\":\"Restaurant a la platja de Calella\",\"potentialAction\":[{\"@type\":\"SearchAction\",\"target\":{\"@type\":\"EntryPoint\",\"urlTemplate\":\"https:\\\/\\\/www.bahariclub.com\\\/en\\\/?s={search_term_string}\"},\"query-input\":{\"@type\":\"PropertyValueSpecification\",\"valueRequired\":true,\"valueName\":\"search_term_string\"}}],\"inLanguage\":\"ca\"}]}<\/script>\n<!-- \/ Yoast SEO plugin. -->","yoast_head_json":{"title":"Treballa amb nosaltres! | Bahari Club a la platja de Calella","description":"Busques feina? Envia\u2019ns un correu electr\u00f2nic presentant-te i adjunta-hi el teu Curr\u00edculum. Ja siguis cambrer\/a, ajudant de cuina, chef, etc. Ens interesses!","robots":{"index":"index","follow":"follow","max-snippet":"max-snippet:-1","max-image-preview":"max-image-preview:large","max-video-preview":"max-video-preview:-1"},"canonical":"https:\/\/www.bahariclub.com\/feina\/","og_locale":"ca_ES","og_type":"article","og_title":"Treballa amb nosaltres! | Bahari Club a la platja de Calella","og_description":"Busques feina? Envia\u2019ns un correu electr\u00f2nic presentant-te i adjunta-hi el teu Curr\u00edculum. Ja siguis cambrer\/a, ajudant de cuina, chef, etc. Ens interesses!","og_url":"https:\/\/www.bahariclub.com\/feina\/","og_site_name":"Bahari Club","article_modified_time":"2018-05-16T13:19:42+00:00","twitter_card":"summary_large_image","schema":{"@context":"https:\/\/schema.org","@graph":[{"@type":"WebPage","@id":"https:\/\/www.bahariclub.com\/feina\/","url":"https:\/\/www.bahariclub.com\/feina\/","name":"Treballa amb nosaltres! | Bahari Club a la platja de Calella","isPartOf":{"@id":"https:\/\/www.bahariclub.com\/en\/#website"},"datePublished":"2018-02-23T12:40:12+00:00","dateModified":"2018-05-16T13:19:42+00:00","description":"Busques feina? Envia\u2019ns un correu electr\u00f2nic presentant-te i adjunta-hi el teu Curr\u00edculum. Ja siguis cambrer\/a, ajudant de cuina, chef, etc. Ens interesses!","breadcrumb":{"@id":"https:\/\/www.bahariclub.com\/feina\/#breadcrumb"},"inLanguage":"ca","potentialAction":[{"@type":"ReadAction","target":["https:\/\/www.bahariclub.com\/feina\/"]}]},{"@type":"BreadcrumbList","@id":"https:\/\/www.bahariclub.com\/feina\/#breadcrumb","itemListElement":[{"@type":"ListItem","position":1,"name":"Inici","item":"https:\/\/www.bahariclub.com\/ca\/"},{"@type":"ListItem","position":2,"name":"TREBALLA AMB NOSALTRES!"}]},{"@type":"WebSite","@id":"https:\/\/www.bahariclub.com\/en\/#website","url":"https:\/\/www.bahariclub.com\/en\/","name":"Bahari Club","description":"Restaurant a la platja de Calella","potentialAction":[{"@type":"SearchAction","target":{"@type":"EntryPoint","urlTemplate":"https:\/\/www.bahariclub.com\/en\/?s={search_term_string}"},"query-input":{"@type":"PropertyValueSpecification","valueRequired":true,"valueName":"search_term_string"}}],"inLanguage":"ca"}]}},"_links":{"self":[{"href":"https:\/\/www.bahariclub.com\/ca\/wp-json\/wp\/v2\/pages\/11169","targetHints":{"allow":["GET"]}}],"collection":[{"href":"https:\/\/www.bahariclub.com\/ca\/wp-json\/wp\/v2\/pages"}],"about":[{"href":"https:\/\/www.bahariclub.com\/ca\/wp-json\/wp\/v2\/types\/page"}],"author":[{"embeddable":true,"href":"https:\/\/www.bahariclub.com\/ca\/wp-json\/wp\/v2\/users\/3"}],"replies":[{"embeddable":true,"href":"https:\/\/www.bahariclub.com\/ca\/wp-json\/wp\/v2\/comments?post=11169"}],"version-history":[{"count":0,"href":"https:\/\/www.bahariclub.com\/ca\/wp-json\/wp\/v2\/pages\/11169\/revisions"}],"wp:attachment":[{"href":"https:\/\/www.bahariclub.com\/ca\/wp-json\/wp\/v2\/media?parent=11169"}],"curies":[{"name":"wp","href":"https:\/\/api.w.org\/{rel}","templated":true}]}}