{"id":10100,"date":"2017-03-11T15:00:24","date_gmt":"2017-03-11T15:00:24","guid":{"rendered":"http:\/\/bahariclub.com\/?page_id=10100"},"modified":"2018-08-22T11:25:04","modified_gmt":"2018-08-22T09:25:04","slug":"productesireceptes","status":"publish","type":"page","link":"https:\/\/www.bahariclub.com\/ca\/productesireceptes\/","title":{"rendered":"PRODUCTES I RECEPTES"},"content":{"rendered":"<p>[vc_row][vc_column][vc_row_inner][vc_column_inner]<div class=\"w-divider5\"><h3><span class=\"spl\">Productes i receptes<\/span><span class=\"spln\"><\/span><i class=\"colorf li_star\" style=\"color:\"><\/i><\/h3><\/div>[vc_column_text]Des del <span style=\"color: #d0ae5e;\"><strong>Bahari <span style=\"color: #d0ae5e;\">Club<\/span><\/strong><\/span> cada mes compartim amb vosaltres una breu hist\u00f2ria sobre algun dels <strong><span style=\"color: #d0ae5e;\">productes o estris culinaris<\/span><\/strong> amb els que treballem. A m\u00e9s, amb aquest producte us recomanarem una <strong><span style=\"color: #d0ae5e;\">recepta<\/span><\/strong> ben simple i f\u00e0cil de fer adequada a l&#8217;\u00e8poca de l&#8217;any en la que ens trobem. Tot aquest recull d&#8217;an\u00e8cdotes, hist\u00f2ries i receptes, s\u00f3n narrades pel nostre <strong><span style=\"color: #d0ae5e;\">consultor gastron\u00f2mic<\/span><\/strong>, en Josep Vilella, el qual compta amb molt molt\u00edssima experi\u00e8ncia a la cuina.[\/vc_column_text][\/vc_column_inner][\/vc_row_inner][\/vc_column][\/vc_row][vc_row][vc_column width=&#8221;1\/2&#8243; css=&#8221;.vc_custom_1489244753779{background-color: #ffffff !important;border-radius: 4px !important;}&#8221;]<div class=\"w-divider5\"><h3><span class=\"spl\">El producte del mes<\/span><span class=\"spln\"><\/span><i class=\"colorf sl-star\" style=\"color:\"><\/i><\/h3><\/div>[vc_empty_space]<div class=\"subtitle-four\"><h4>L'ESTIU I EL BACALL\u00c0<\/h4><\/div>[vc_single_image image=&#8221;11606&#8243; img_size=&#8221;large&#8221;][vc_column_text]Degut al seu preu discret el bacall\u00e0 sempre fou un producte habitual i estimat i, gr\u00e0cies a la seva llarga conservaci\u00f3 amb sal fou, durant molt de temps,&#8230;[\/vc_column_text]<a href=\"https:\/\/www.bahariclub.com\/lestiu-i-el-bacalla\/\" class=\"button theme-skin square large  \" target=\"_self\">Continuar llegint<\/a>[vc_separator border_width=&#8221;3&#8243;]<a class=\"magicmore\" href=\"http:\/\/bahariclub.com\/productes\/\">Descobreix tots\u00a0els productes<\/a>[\/vc_column][vc_column width=&#8221;1\/2&#8243; css=&#8221;.vc_custom_1489244812854{border-radius: 5px !important;}&#8221;]<div class=\"w-divider5\"><h3><span class=\"spl\">La recepta del mes<\/span><span class=\"spln\"><\/span><i class=\"colorf sl-star\" style=\"color:\"><\/i><\/h3><\/div>[vc_empty_space]<div class=\"subtitle-four\"><h4>BACALL\u00c0 CONFITAT AMB PIL-PIL DE CITRICS, CALDO DE FARIGOLA I BOLETS<\/h4><\/div>[vc_single_image image=&#8221;11606&#8243; img_size=&#8221;large&#8221;][vc_column_text]Confitar lentament el bacall\u00e0 dins una casserola amb oli, o al forn a una temperatura baixa d\u2019uns 80\u00ba. Ha de coure lentament sense estar tapat&#8230;[\/vc_column_text]<a href=\"https:\/\/www.bahariclub.com\/bacalla-confitat-pil-pil-citrics-caldo-farigola-bolets\/\" class=\"button theme-skin square large  \" target=\"_self\">Vull veure la recepta<\/a>[vc_separator border_width=&#8221;3&#8243;]<a class=\"magicmore\" href=\"http:\/\/bahariclub.com\/receptes\/\">Veure totes les receptes<\/a>[\/vc_column][\/vc_row]<\/p>\n","protected":false},"excerpt":{"rendered":"<p>[vc_row][vc_column][vc_row_inner][vc_column_inner][vc_column_text]Des del Bahari Club cada mes compartim amb vosaltres una breu hist\u00f2ria sobre algun dels productes o estris culinaris amb els que treballem. A m\u00e9s, amb aquest producte us recomanarem una recepta ben simple i f\u00e0cil de fer adequada a l&#8217;\u00e8poca de l&#8217;any en la que ens trobem. Tot aquest recull d&#8217;an\u00e8cdotes, hist\u00f2ries i receptes, s\u00f3n narrades pel nostre consultor gastron\u00f2mic, en Josep Vilella, el qual compta amb molt molt\u00edssima experi\u00e8ncia a la cuina.[\/vc_column_text][\/vc_column_inner][\/vc_row_inner][\/vc_column][\/vc_row][vc_row][vc_column width=&#8221;1\/2&#8243; css=&#8221;.vc_custom_1489244753779{background-color: #ffffff !important;border-radius: 4px !important;}&#8221;][vc_empty_space][vc_single_image image=&#8221;11606&#8243; img_size=&#8221;large&#8221;][vc_column_text]Degut al seu preu discret el bacall\u00e0 sempre fou un producte habitual i estimat i, gr\u00e0cies a la seva llarga conservaci\u00f3 amb sal fou, durant molt de temps,&#8230;[\/vc_column_text][vc_separator border_width=&#8221;3&#8243;][\/vc_column][vc_column width=&#8221;1\/2&#8243; css=&#8221;.vc_custom_1489244812854{border-radius: 5px !important;}&#8221;][vc_empty_space][vc_single_image image=&#8221;11606&#8243; img_size=&#8221;large&#8221;][vc_column_text]Confitar lentament el bacall\u00e0 dins una casserola amb oli, o al forn a una temperatura baixa d\u2019uns 80\u00ba. Ha de coure lentament sense estar tapat&#8230;[\/vc_column_text][vc_separator border_width=&#8221;3&#8243;][\/vc_column][\/vc_row]<\/p>\n","protected":false},"author":3,"featured_media":0,"parent":0,"menu_order":0,"comment_status":"closed","ping_status":"closed","template":"","meta":{"footnotes":""},"class_list":["post-10100","page","type-page","status-publish","hentry"],"yoast_head":"<!-- This site is optimized with the Yoast SEO plugin v27.4 - https:\/\/yoast.com\/product\/yoast-seo-wordpress\/ -->\n<title>Productes i Receptes | Bahari Club \u2600 A la platja de Calella<\/title>\n<meta name=\"description\" content=\"\u2600Cada mes compartirem un article sobre un plat o un producte amb el que treballem \u2600 Del producte o plat escollit, presentarem una recepta senzilla i fresca!\" \/>\n<meta name=\"robots\" content=\"index, follow, max-snippet:-1, max-image-preview:large, max-video-preview:-1\" \/>\n<link rel=\"canonical\" href=\"https:\/\/www.bahariclub.com\/productesireceptes\/\" \/>\n<meta property=\"og:locale\" content=\"ca_ES\" \/>\n<meta property=\"og:type\" content=\"article\" \/>\n<meta property=\"og:title\" content=\"Productes i Receptes | Bahari Club \u2600 A la platja de Calella\" \/>\n<meta property=\"og:description\" content=\"\u2600Cada mes compartirem un article sobre un plat o un producte amb el que treballem \u2600 Del producte o plat escollit, presentarem una recepta senzilla i fresca!\" \/>\n<meta property=\"og:url\" content=\"https:\/\/www.bahariclub.com\/productesireceptes\/\" \/>\n<meta property=\"og:site_name\" content=\"Bahari Club\" \/>\n<meta property=\"article:modified_time\" content=\"2018-08-22T09:25:04+00:00\" \/>\n<meta name=\"twitter:card\" content=\"summary_large_image\" \/>\n<meta name=\"twitter:label1\" content=\"Temps estimat de lectura\" \/>\n\t<meta name=\"twitter:data1\" content=\"2 minuts\" \/>\n<script type=\"application\/ld+json\" class=\"yoast-schema-graph\">{\"@context\":\"https:\\\/\\\/schema.org\",\"@graph\":[{\"@type\":\"WebPage\",\"@id\":\"https:\\\/\\\/www.bahariclub.com\\\/productesireceptes\\\/\",\"url\":\"https:\\\/\\\/www.bahariclub.com\\\/productesireceptes\\\/\",\"name\":\"Productes i Receptes | Bahari Club \u2600 A la platja de Calella\",\"isPartOf\":{\"@id\":\"https:\\\/\\\/www.bahariclub.com\\\/en\\\/#website\"},\"datePublished\":\"2017-03-11T15:00:24+00:00\",\"dateModified\":\"2018-08-22T09:25:04+00:00\",\"description\":\"\u2600Cada mes compartirem un article sobre un plat o un producte amb el que treballem \u2600 Del producte o plat escollit, presentarem una recepta senzilla i fresca!\",\"breadcrumb\":{\"@id\":\"https:\\\/\\\/www.bahariclub.com\\\/productesireceptes\\\/#breadcrumb\"},\"inLanguage\":\"ca\",\"potentialAction\":[{\"@type\":\"ReadAction\",\"target\":[\"https:\\\/\\\/www.bahariclub.com\\\/productesireceptes\\\/\"]}]},{\"@type\":\"BreadcrumbList\",\"@id\":\"https:\\\/\\\/www.bahariclub.com\\\/productesireceptes\\\/#breadcrumb\",\"itemListElement\":[{\"@type\":\"ListItem\",\"position\":1,\"name\":\"Inici\",\"item\":\"https:\\\/\\\/www.bahariclub.com\\\/ca\\\/\"},{\"@type\":\"ListItem\",\"position\":2,\"name\":\"PRODUCTES I RECEPTES\"}]},{\"@type\":\"WebSite\",\"@id\":\"https:\\\/\\\/www.bahariclub.com\\\/en\\\/#website\",\"url\":\"https:\\\/\\\/www.bahariclub.com\\\/en\\\/\",\"name\":\"Bahari Club\",\"description\":\"Restaurant a la platja de Calella\",\"potentialAction\":[{\"@type\":\"SearchAction\",\"target\":{\"@type\":\"EntryPoint\",\"urlTemplate\":\"https:\\\/\\\/www.bahariclub.com\\\/en\\\/?s={search_term_string}\"},\"query-input\":{\"@type\":\"PropertyValueSpecification\",\"valueRequired\":true,\"valueName\":\"search_term_string\"}}],\"inLanguage\":\"ca\"}]}<\/script>\n<!-- \/ Yoast SEO plugin. -->","yoast_head_json":{"title":"Productes i Receptes | Bahari Club \u2600 A la platja de Calella","description":"\u2600Cada mes compartirem un article sobre un plat o un producte amb el que treballem \u2600 Del producte o plat escollit, presentarem una recepta senzilla i fresca!","robots":{"index":"index","follow":"follow","max-snippet":"max-snippet:-1","max-image-preview":"max-image-preview:large","max-video-preview":"max-video-preview:-1"},"canonical":"https:\/\/www.bahariclub.com\/productesireceptes\/","og_locale":"ca_ES","og_type":"article","og_title":"Productes i Receptes | Bahari Club \u2600 A la platja de Calella","og_description":"\u2600Cada mes compartirem un article sobre un plat o un producte amb el que treballem \u2600 Del producte o plat escollit, presentarem una recepta senzilla i fresca!","og_url":"https:\/\/www.bahariclub.com\/productesireceptes\/","og_site_name":"Bahari Club","article_modified_time":"2018-08-22T09:25:04+00:00","twitter_card":"summary_large_image","twitter_misc":{"Temps estimat de lectura":"2 minuts"},"schema":{"@context":"https:\/\/schema.org","@graph":[{"@type":"WebPage","@id":"https:\/\/www.bahariclub.com\/productesireceptes\/","url":"https:\/\/www.bahariclub.com\/productesireceptes\/","name":"Productes i Receptes | Bahari Club \u2600 A la platja de Calella","isPartOf":{"@id":"https:\/\/www.bahariclub.com\/en\/#website"},"datePublished":"2017-03-11T15:00:24+00:00","dateModified":"2018-08-22T09:25:04+00:00","description":"\u2600Cada mes compartirem un article sobre un plat o un producte amb el que treballem \u2600 Del producte o plat escollit, presentarem una recepta senzilla i fresca!","breadcrumb":{"@id":"https:\/\/www.bahariclub.com\/productesireceptes\/#breadcrumb"},"inLanguage":"ca","potentialAction":[{"@type":"ReadAction","target":["https:\/\/www.bahariclub.com\/productesireceptes\/"]}]},{"@type":"BreadcrumbList","@id":"https:\/\/www.bahariclub.com\/productesireceptes\/#breadcrumb","itemListElement":[{"@type":"ListItem","position":1,"name":"Inici","item":"https:\/\/www.bahariclub.com\/ca\/"},{"@type":"ListItem","position":2,"name":"PRODUCTES I RECEPTES"}]},{"@type":"WebSite","@id":"https:\/\/www.bahariclub.com\/en\/#website","url":"https:\/\/www.bahariclub.com\/en\/","name":"Bahari Club","description":"Restaurant a la platja de Calella","potentialAction":[{"@type":"SearchAction","target":{"@type":"EntryPoint","urlTemplate":"https:\/\/www.bahariclub.com\/en\/?s={search_term_string}"},"query-input":{"@type":"PropertyValueSpecification","valueRequired":true,"valueName":"search_term_string"}}],"inLanguage":"ca"}]}},"_links":{"self":[{"href":"https:\/\/www.bahariclub.com\/ca\/wp-json\/wp\/v2\/pages\/10100","targetHints":{"allow":["GET"]}}],"collection":[{"href":"https:\/\/www.bahariclub.com\/ca\/wp-json\/wp\/v2\/pages"}],"about":[{"href":"https:\/\/www.bahariclub.com\/ca\/wp-json\/wp\/v2\/types\/page"}],"author":[{"embeddable":true,"href":"https:\/\/www.bahariclub.com\/ca\/wp-json\/wp\/v2\/users\/3"}],"replies":[{"embeddable":true,"href":"https:\/\/www.bahariclub.com\/ca\/wp-json\/wp\/v2\/comments?post=10100"}],"version-history":[{"count":0,"href":"https:\/\/www.bahariclub.com\/ca\/wp-json\/wp\/v2\/pages\/10100\/revisions"}],"wp:attachment":[{"href":"https:\/\/www.bahariclub.com\/ca\/wp-json\/wp\/v2\/media?parent=10100"}],"curies":[{"name":"wp","href":"https:\/\/api.w.org\/{rel}","templated":true}]}}